{"id":8352,"date":"2025-07-29T11:35:22","date_gmt":"2025-07-29T09:35:22","guid":{"rendered":"https:\/\/bronpi.com\/product\/murano-e\/"},"modified":"2026-03-26T09:25:44","modified_gmt":"2026-03-26T08:25:44","slug":"murano-e","status":"publish","type":"product","link":"https:\/\/bronpi.com\/fr\/produit\/murano-e\/","title":{"rendered":"MURANO-E"},"content":{"rendered":"<ul>\n<li>Portes et grille en fonte.<\/li>\n<li>Int\u00e9rieur en vermiculite.<\/li>\n<li>R\u00e9gulation de l&rsquo;air de combustion primaire et secondaire.<\/li>\n<li>Syst\u00e8me de Triple Combustion.<\/li>\n<li>Syst\u00e8me Enveloppant Four.<\/li>\n<li>Comprend une grille amovible, rotative et r\u00e9glable \u00e0 diff\u00e9rentes hauteurs.<\/li>\n<li>Comprend un plateau en acier inoxydable de 595&#215;377 mm et une grille pour le four de 597&#215;372 mm.<\/li>\n<li>Guides amovibles pour un nettoyage facile.<\/li>\n<li>Four avec brique r\u00e9fractaire et thermom\u00e8tre \u00e0 500\u00baC pour contr\u00f4ler la temp\u00e9rature.<\/li>\n<li>Comprend un gant et peinture en spray.<\/li>\n<\/ul>\n<p>&nbsp;<\/p>\n<h1><strong>\u00c9l\u00e9ments optionnels:<\/strong><\/h1>\n<ul>\n<li>KIT-AIR-12: Kit avec prise d&rsquo;air ext\u00e9rieure. Pour transformer en \u00e9tanche.<\/li>\n<li>KIT-INOX-2: Kit avec rev\u00eatement int\u00e9rieur pour le four en acier inoxydable.<\/li>\n<\/ul>\n<p>&nbsp;<\/p>\n","protected":false},"excerpt":{"rendered":"<p>Four con\u00e7u pour un montage mural<\/p>\n","protected":false},"featured_media":4155,"template":"","meta":[],"product_brand":[],"product_cat":[133,131],"product_tag":[288],"class_list":{"0":"post-8352","1":"product","2":"type-product","3":"status-publish","4":"has-post-thumbnail","6":"product_cat-fours-a-bois-fr","7":"product_cat-gamme-a-bois-fr","8":"product_tag-air-fr","10":"first","11":"instock","12":"shipping-taxable","13":"product-type-simple"},"_links":{"self":[{"href":"https:\/\/bronpi.com\/fr\/wp-json\/wp\/v2\/product\/8352","targetHints":{"allow":["GET"]}}],"collection":[{"href":"https:\/\/bronpi.com\/fr\/wp-json\/wp\/v2\/product"}],"about":[{"href":"https:\/\/bronpi.com\/fr\/wp-json\/wp\/v2\/types\/product"}],"wp:featuredmedia":[{"embeddable":true,"href":"https:\/\/bronpi.com\/fr\/wp-json\/wp\/v2\/media\/4155"}],"wp:attachment":[{"href":"https:\/\/bronpi.com\/fr\/wp-json\/wp\/v2\/media?parent=8352"}],"wp:term":[{"taxonomy":"product_brand","embeddable":true,"href":"https:\/\/bronpi.com\/fr\/wp-json\/wp\/v2\/product_brand?post=8352"},{"taxonomy":"product_cat","embeddable":true,"href":"https:\/\/bronpi.com\/fr\/wp-json\/wp\/v2\/product_cat?post=8352"},{"taxonomy":"product_tag","embeddable":true,"href":"https:\/\/bronpi.com\/fr\/wp-json\/wp\/v2\/product_tag?post=8352"}],"curies":[{"name":"wp","href":"https:\/\/api.w.org\/{rel}","templated":true}]}}