{"id":8366,"date":"2025-03-03T11:37:36","date_gmt":"2025-03-03T10:37:36","guid":{"rendered":"https:\/\/bronpi.com\/product\/denver-denver-vision\/"},"modified":"2026-03-23T10:36:24","modified_gmt":"2026-03-23T09:36:24","slug":"denver-denver-vision","status":"publish","type":"product","link":"https:\/\/bronpi.com\/fr\/produit\/denver-denver-vision\/","title":{"rendered":"DENVER\/ DENVER VISION"},"content":{"rendered":"<ul>\n<li>Grille en fonte.<\/li>\n<li>Int\u00e9rieur en vermiculite.<\/li>\n<li>R\u00e9gulation de l&rsquo;air de combustion primaire.<\/li>\n<li>Syst\u00e8me de Triple Combustion.<\/li>\n<li>Syst\u00e8me Enveloppant Four.<\/li>\n<li>Comprend deux ventilateurs de 160 m<sup>3<\/sup>\/h avec interrupteur \u00e0 deux vitesses et thermostat.<\/li>\n<li>Avec possibilit\u00e9 de canaliser (comprend 2 sorties micro perfor\u00e9es pour canaliser l&rsquo;air jusqu&rsquo;\u00e0 3 m\u00e8tres, comprend des colliers de canalisation).<\/li>\n<li>Four avec brique r\u00e9fractaire et thermom\u00e8tre \u00e0 500\u00baC pour contr\u00f4ler la temp\u00e9rature.<\/li>\n<li>Comprend une grille de 597&#215;372 mm.<\/li>\n<li>Comprend un gant et peinture en spray.<\/li>\n<\/ul>\n<p>&nbsp;<\/p>\n<h1><strong>\u00c9l\u00e9ments optionnels:<\/strong><\/h1>\n<ul>\n<li>KIT-INOX-D: Kit avec rev\u00eatement int\u00e9rieur pour le four en acier inoxydable.<\/li>\n<\/ul>\n","protected":false},"excerpt":{"rendered":"<p>Four encastrable avec turbines<\/p>\n","protected":false},"featured_media":3327,"template":"","meta":[],"product_brand":[],"product_cat":[133,131],"product_tag":[288,284,141],"class_list":{"0":"post-8366","1":"product","2":"type-product","3":"status-publish","4":"has-post-thumbnail","6":"product_cat-fours-a-bois-fr","7":"product_cat-gamme-a-bois-fr","8":"product_tag-air-fr","9":"product_tag-canalisable-fr","10":"product_tag-nouveau-fr","12":"first","13":"instock","14":"shipping-taxable","15":"product-type-simple"},"_links":{"self":[{"href":"https:\/\/bronpi.com\/fr\/wp-json\/wp\/v2\/product\/8366","targetHints":{"allow":["GET"]}}],"collection":[{"href":"https:\/\/bronpi.com\/fr\/wp-json\/wp\/v2\/product"}],"about":[{"href":"https:\/\/bronpi.com\/fr\/wp-json\/wp\/v2\/types\/product"}],"wp:featuredmedia":[{"embeddable":true,"href":"https:\/\/bronpi.com\/fr\/wp-json\/wp\/v2\/media\/3327"}],"wp:attachment":[{"href":"https:\/\/bronpi.com\/fr\/wp-json\/wp\/v2\/media?parent=8366"}],"wp:term":[{"taxonomy":"product_brand","embeddable":true,"href":"https:\/\/bronpi.com\/fr\/wp-json\/wp\/v2\/product_brand?post=8366"},{"taxonomy":"product_cat","embeddable":true,"href":"https:\/\/bronpi.com\/fr\/wp-json\/wp\/v2\/product_cat?post=8366"},{"taxonomy":"product_tag","embeddable":true,"href":"https:\/\/bronpi.com\/fr\/wp-json\/wp\/v2\/product_tag?post=8366"}],"curies":[{"name":"wp","href":"https:\/\/api.w.org\/{rel}","templated":true}]}}