{"id":8380,"date":"2025-07-28T11:12:17","date_gmt":"2025-07-28T09:12:17","guid":{"rendered":"https:\/\/bronpi.com\/product\/everest\/"},"modified":"2026-03-20T14:32:52","modified_gmt":"2026-03-20T13:32:52","slug":"everest","status":"publish","type":"product","link":"https:\/\/bronpi.com\/fr\/produit\/everest\/","title":{"rendered":"EVEREST"},"content":{"rendered":"<ul>\n<li>Portes et grille en fonte.<\/li>\n<li>Int\u00e9rieur en vermiculite.<\/li>\n<li>R\u00e9gulation de l&rsquo;air de combustion primaire.<\/li>\n<li>Syst\u00e8me de Triple Combustion.<\/li>\n<li>Syst\u00e8me Enveloppant Four.<\/li>\n<li>Comprend deux ventilateurs de 160 m<sup>3<\/sup>\/h avec interrupteur \u00e0 deux vitesses et thermostat.<\/li>\n<li>Avec possibilit\u00e9 de canaliser (comprend 2 sorties micro perfor\u00e9es pour canaliser l&rsquo;air jusqu&rsquo;\u00e0 3 m\u00e8tres, comprend des colliers de canalisation).<\/li>\n<li>Four avec brique r\u00e9fractaire et thermom\u00e8tre \u00e0 500\u00baC pour contr\u00f4ler la temp\u00e9rature.<\/li>\n<li>Comprend un plateau en acier inoxydable de 480x400x60mm et grill of 380&#215;470 mm.<\/li>\n<li>Comprend un gant et peinture en spray.<\/li>\n<\/ul>\n<p>&nbsp;<\/p>\n","protected":false},"excerpt":{"rendered":"<p>Four encastrable avec turbines<\/p>\n","protected":false},"featured_media":3333,"template":"","meta":[],"product_brand":[],"product_cat":[133,131],"product_tag":[288,284,2406],"class_list":{"0":"post-8380","1":"product","2":"type-product","3":"status-publish","4":"has-post-thumbnail","6":"product_cat-fours-a-bois-fr","7":"product_cat-gamme-a-bois-fr","8":"product_tag-air-fr","9":"product_tag-canalisable-fr","10":"product_tag-nouvelle-version","12":"first","13":"instock","14":"shipping-taxable","15":"product-type-simple"},"_links":{"self":[{"href":"https:\/\/bronpi.com\/fr\/wp-json\/wp\/v2\/product\/8380","targetHints":{"allow":["GET"]}}],"collection":[{"href":"https:\/\/bronpi.com\/fr\/wp-json\/wp\/v2\/product"}],"about":[{"href":"https:\/\/bronpi.com\/fr\/wp-json\/wp\/v2\/types\/product"}],"wp:featuredmedia":[{"embeddable":true,"href":"https:\/\/bronpi.com\/fr\/wp-json\/wp\/v2\/media\/3333"}],"wp:attachment":[{"href":"https:\/\/bronpi.com\/fr\/wp-json\/wp\/v2\/media?parent=8380"}],"wp:term":[{"taxonomy":"product_brand","embeddable":true,"href":"https:\/\/bronpi.com\/fr\/wp-json\/wp\/v2\/product_brand?post=8380"},{"taxonomy":"product_cat","embeddable":true,"href":"https:\/\/bronpi.com\/fr\/wp-json\/wp\/v2\/product_cat?post=8380"},{"taxonomy":"product_tag","embeddable":true,"href":"https:\/\/bronpi.com\/fr\/wp-json\/wp\/v2\/product_tag?post=8380"}],"curies":[{"name":"wp","href":"https:\/\/api.w.org\/{rel}","templated":true}]}}