{"id":8394,"date":"2025-03-03T11:37:36","date_gmt":"2025-03-03T10:37:36","guid":{"rendered":"https:\/\/bronpi.com\/product\/ebro\/"},"modified":"2025-10-31T12:29:34","modified_gmt":"2025-10-31T11:29:34","slug":"ebro","status":"publish","type":"product","link":"https:\/\/bronpi.com\/fr\/produit\/ebro\/","title":{"rendered":"EBRO"},"content":{"rendered":"<p>&#8211; Portes et grille en fonte.<\/p>\n<p>&#8211; Int\u00e9rieur en vermiculite.<\/p>\n<p>&#8211; Four avec brique r\u00e9fractaire et thermom\u00e8tre \u00e0 500\u00baC pour contr\u00f4ler la temp\u00e9rature.<\/p>\n<p>&#8211; R\u00e9gulation de l&rsquo;air de combustion primaire.<\/p>\n<p>&#8211; Syst\u00e8me de Triple Combustion.<\/p>\n<p>&#8211; Double Chambre.<\/p>\n<p>&#8211; Syst\u00e8me Enveloppant Four.<\/p>\n<p>&#8211; Cache-tuyau r\u00e9glable en hauteur (2400 &#8211; 2890 mm). Autres mesures sur devis.<\/p>\n<p>&#8211; Comprend un plateau en acier inoxydable de 480x400x60 mm et grill of 380&#215;470 mm.<\/p>\n<p>&#8211; Comprend une grille amovible, rotative et r\u00e9glable \u00e0 diff\u00e9rentes hauteurs.<\/p>\n<p>&#8211; Comprend un gant et peinture en spray.<\/p>\n","protected":false},"excerpt":{"rendered":"<p>Chemin\u00e9e frontale avec four et b\u00fbcher<\/p>\n","protected":false},"featured_media":3609,"template":"","meta":[],"product_brand":[],"product_cat":[134,131],"product_tag":[288,2406],"class_list":{"0":"post-8394","1":"product","2":"type-product","3":"status-publish","4":"has-post-thumbnail","6":"product_cat-cheminees-a-bois-fr","7":"product_cat-gamme-a-bois-fr","8":"product_tag-air-fr","9":"product_tag-nouvelle-version","11":"first","12":"instock","13":"shipping-taxable","14":"product-type-simple"},"_links":{"self":[{"href":"https:\/\/bronpi.com\/fr\/wp-json\/wp\/v2\/product\/8394","targetHints":{"allow":["GET"]}}],"collection":[{"href":"https:\/\/bronpi.com\/fr\/wp-json\/wp\/v2\/product"}],"about":[{"href":"https:\/\/bronpi.com\/fr\/wp-json\/wp\/v2\/types\/product"}],"wp:featuredmedia":[{"embeddable":true,"href":"https:\/\/bronpi.com\/fr\/wp-json\/wp\/v2\/media\/3609"}],"wp:attachment":[{"href":"https:\/\/bronpi.com\/fr\/wp-json\/wp\/v2\/media?parent=8394"}],"wp:term":[{"taxonomy":"product_brand","embeddable":true,"href":"https:\/\/bronpi.com\/fr\/wp-json\/wp\/v2\/product_brand?post=8394"},{"taxonomy":"product_cat","embeddable":true,"href":"https:\/\/bronpi.com\/fr\/wp-json\/wp\/v2\/product_cat?post=8394"},{"taxonomy":"product_tag","embeddable":true,"href":"https:\/\/bronpi.com\/fr\/wp-json\/wp\/v2\/product_tag?post=8394"}],"curies":[{"name":"wp","href":"https:\/\/api.w.org\/{rel}","templated":true}]}}