{"id":8432,"date":"2025-07-28T14:18:52","date_gmt":"2025-07-28T12:18:52","guid":{"rendered":"https:\/\/bronpi.com\/product\/huelva\/"},"modified":"2025-10-31T10:56:07","modified_gmt":"2025-10-31T09:56:07","slug":"huelva","status":"publish","type":"product","link":"https:\/\/bronpi.com\/fr\/produit\/huelva\/","title":{"rendered":"HUELVA"},"content":{"rendered":"<p>&#8211; Portes et grille en fonte.<\/p>\n<p>&#8211; Double hotte.<\/p>\n<p>&#8211; Double porte.<\/p>\n<p>&#8211; Cache-tuyau r\u00e9glable en hauteur (2400-2890 mm). Autres mesures sur devis.<\/p>\n<p>&#8211; R\u00e9gulation de l&rsquo;air de combustion primaire et secondaire.<\/p>\n<p>&#8211; Syst\u00e8me Double Combustion.<\/p>\n<p>&#8211; Vanne coupe-tirage r\u00e9glable.<\/p>\n<p>&#8211; Poign\u00e9e mains froides.<\/p>\n<p>&#8211; Comprend un gant et peinture en spray.<\/p>\n","protected":false},"excerpt":{"rendered":"<p>Chemin\u00e9e centrale \u00e0 quatre faces avec b\u00fbcher et porte double<\/p>\n","protected":false},"featured_media":3656,"template":"","meta":[],"product_brand":[],"product_cat":[134,131],"product_tag":[288],"class_list":{"0":"post-8432","1":"product","2":"type-product","3":"status-publish","4":"has-post-thumbnail","6":"product_cat-cheminees-a-bois-fr","7":"product_cat-gamme-a-bois-fr","8":"product_tag-air-fr","10":"first","11":"instock","12":"shipping-taxable","13":"product-type-simple"},"_links":{"self":[{"href":"https:\/\/bronpi.com\/fr\/wp-json\/wp\/v2\/product\/8432","targetHints":{"allow":["GET"]}}],"collection":[{"href":"https:\/\/bronpi.com\/fr\/wp-json\/wp\/v2\/product"}],"about":[{"href":"https:\/\/bronpi.com\/fr\/wp-json\/wp\/v2\/types\/product"}],"wp:featuredmedia":[{"embeddable":true,"href":"https:\/\/bronpi.com\/fr\/wp-json\/wp\/v2\/media\/3656"}],"wp:attachment":[{"href":"https:\/\/bronpi.com\/fr\/wp-json\/wp\/v2\/media?parent=8432"}],"wp:term":[{"taxonomy":"product_brand","embeddable":true,"href":"https:\/\/bronpi.com\/fr\/wp-json\/wp\/v2\/product_brand?post=8432"},{"taxonomy":"product_cat","embeddable":true,"href":"https:\/\/bronpi.com\/fr\/wp-json\/wp\/v2\/product_cat?post=8432"},{"taxonomy":"product_tag","embeddable":true,"href":"https:\/\/bronpi.com\/fr\/wp-json\/wp\/v2\/product_tag?post=8432"}],"curies":[{"name":"wp","href":"https:\/\/api.w.org\/{rel}","templated":true}]}}