{"id":8446,"date":"2025-07-29T08:20:23","date_gmt":"2025-07-29T06:20:23","guid":{"rendered":"https:\/\/bronpi.com\/product\/lisboa-lisboa-v\/"},"modified":"2025-10-23T16:45:58","modified_gmt":"2025-10-23T14:45:58","slug":"lisboa-lisboa-v","status":"publish","type":"product","link":"https:\/\/bronpi.com\/fr\/produit\/lisboa-lisboa-v\/","title":{"rendered":"LISBOA\/ LISBOA V"},"content":{"rendered":"<p>&#8211; Silencieux. Possibilit\u00e9 de d\u00e9connexion totale de la turbine.<\/p>\n<p>&#8211; Comprend une turbine de 290 m3\/h avec interrupteur \u00e0 deux vitesses.<\/p>\n<p>&#8211; R\u00e9gulation de l&rsquo;air de combustion primaire et secondaire.<\/p>\n<p>&#8211; Syst\u00e8me de Triple Combustion.<\/p>\n<p>&#8211; Avec possibilit\u00e9 de canaliser (comprend 2 sorties micro perfor\u00e9es pour canaliser l&rsquo;air jusqu&rsquo;\u00e0 3 m\u00e8tres, comprend des colliers de canalisation).<\/p>\n<p>&#8211; Cache-tuyau r\u00e9glable en hauteur (2430 &#8211; 2900 mm). Autres mesures sur devis.<\/p>\n<p>&#8211; Porte, grille et int\u00e9rieur en fonte.<\/p>\n<p>&#8211; Comprend une grille amovible, rotative et r\u00e9glable \u00e0 diff\u00e9rentes hauteurs.<\/p>\n<p>&#8211; B\u00fbcher avec porte.<\/p>\n<p>&#8211; Comprend un gant et peinture en spray.<\/p>\n<h1>\u00c9l\u00e9ments optionnels:<\/h1>\n<p>&#8211; KIT-AIR-2: Kit avec prise d&rsquo;air ext\u00e9rieure Pour transformer en \u00e9tanche.<\/p>\n","protected":false},"excerpt":{"rendered":"<p>Chemin\u00e9e avec turbine et b\u00fbcher<\/p>\n","protected":false},"featured_media":3841,"template":"","meta":[],"product_brand":[],"product_cat":[134,131],"product_tag":[288,284],"class_list":{"0":"post-8446","1":"product","2":"type-product","3":"status-publish","4":"has-post-thumbnail","6":"product_cat-cheminees-a-bois-fr","7":"product_cat-gamme-a-bois-fr","8":"product_tag-air-fr","9":"product_tag-canalisable-fr","11":"first","12":"instock","13":"shipping-taxable","14":"product-type-simple"},"_links":{"self":[{"href":"https:\/\/bronpi.com\/fr\/wp-json\/wp\/v2\/product\/8446","targetHints":{"allow":["GET"]}}],"collection":[{"href":"https:\/\/bronpi.com\/fr\/wp-json\/wp\/v2\/product"}],"about":[{"href":"https:\/\/bronpi.com\/fr\/wp-json\/wp\/v2\/types\/product"}],"wp:featuredmedia":[{"embeddable":true,"href":"https:\/\/bronpi.com\/fr\/wp-json\/wp\/v2\/media\/3841"}],"wp:attachment":[{"href":"https:\/\/bronpi.com\/fr\/wp-json\/wp\/v2\/media?parent=8446"}],"wp:term":[{"taxonomy":"product_brand","embeddable":true,"href":"https:\/\/bronpi.com\/fr\/wp-json\/wp\/v2\/product_brand?post=8446"},{"taxonomy":"product_cat","embeddable":true,"href":"https:\/\/bronpi.com\/fr\/wp-json\/wp\/v2\/product_cat?post=8446"},{"taxonomy":"product_tag","embeddable":true,"href":"https:\/\/bronpi.com\/fr\/wp-json\/wp\/v2\/product_tag?post=8446"}],"curies":[{"name":"wp","href":"https:\/\/api.w.org\/{rel}","templated":true}]}}