{"id":8545,"date":"2025-07-28T11:47:33","date_gmt":"2025-07-28T09:47:33","guid":{"rendered":"https:\/\/bronpi.com\/product\/etna\/"},"modified":"2025-10-31T11:47:16","modified_gmt":"2025-10-31T10:47:16","slug":"etna","status":"publish","type":"product","link":"https:\/\/bronpi.com\/fr\/produit\/etna\/","title":{"rendered":"ETNA"},"content":{"rendered":"<p>&#8211; Compl\u00e8tement fabriqu\u00e9 en fonte.<\/p>\n<p>&#8211; Porte de chargement lat\u00e9rale et frontale.<\/p>\n<p>&#8211; R\u00e9gulation de l&rsquo;air de combustion primaire et secondaire.<\/p>\n<p>&#8211; Possibilit\u00e9 de sortie de fum\u00e9es sup\u00e9rieure ou arri\u00e8re.<\/p>\n<p>&#8211; Syst\u00e8me de Triple Combustion.<\/p>\n<p>&#8211; Comprend un gant et peinture en spray.<\/p>\n<p>&#8211; Poign\u00e9e mains froides.<\/p>\n","protected":false},"excerpt":{"rendered":"<p>Po\u00eale en fonte et porte lat\u00e9rale<\/p>\n","protected":false},"featured_media":3379,"template":"","meta":[],"product_brand":[],"product_cat":[131,1244],"product_tag":[288],"class_list":{"0":"post-8545","1":"product","2":"type-product","3":"status-publish","4":"has-post-thumbnail","6":"product_cat-gamme-a-bois-fr","7":"product_cat-poeles-en-fonte-fr","8":"product_tag-air-fr","10":"first","11":"instock","12":"shipping-taxable","13":"product-type-simple"},"_links":{"self":[{"href":"https:\/\/bronpi.com\/fr\/wp-json\/wp\/v2\/product\/8545","targetHints":{"allow":["GET"]}}],"collection":[{"href":"https:\/\/bronpi.com\/fr\/wp-json\/wp\/v2\/product"}],"about":[{"href":"https:\/\/bronpi.com\/fr\/wp-json\/wp\/v2\/types\/product"}],"wp:featuredmedia":[{"embeddable":true,"href":"https:\/\/bronpi.com\/fr\/wp-json\/wp\/v2\/media\/3379"}],"wp:attachment":[{"href":"https:\/\/bronpi.com\/fr\/wp-json\/wp\/v2\/media?parent=8545"}],"wp:term":[{"taxonomy":"product_brand","embeddable":true,"href":"https:\/\/bronpi.com\/fr\/wp-json\/wp\/v2\/product_brand?post=8545"},{"taxonomy":"product_cat","embeddable":true,"href":"https:\/\/bronpi.com\/fr\/wp-json\/wp\/v2\/product_cat?post=8545"},{"taxonomy":"product_tag","embeddable":true,"href":"https:\/\/bronpi.com\/fr\/wp-json\/wp\/v2\/product_tag?post=8545"}],"curies":[{"name":"wp","href":"https:\/\/api.w.org\/{rel}","templated":true}]}}