{"id":8592,"date":"2025-03-03T11:37:36","date_gmt":"2025-03-03T10:37:36","guid":{"rendered":"https:\/\/bronpi.com\/product\/lira\/"},"modified":"2025-10-17T11:03:52","modified_gmt":"2025-10-17T09:03:52","slug":"lira","status":"publish","type":"product","link":"https:\/\/bronpi.com\/fr\/produit\/lira\/","title":{"rendered":"LIRA"},"content":{"rendered":"<p>&#8211; Mod\u00e8le \u00e9tanche. Comprend une prise d&rsquo;air externe.<\/p>\n<p>&#8211; Compl\u00e8tement fabriqu\u00e9 en fonte.<\/p>\n<p>&#8211; Poign\u00e9e finie en bois naturel.<\/p>\n<p>&#8211; R\u00e9gulation de l&rsquo;air de combustion primaire, secondaire et de la triple combustion.<\/p>\n<p>&#8211; Possibilit\u00e9 de sortie de fum\u00e9es sup\u00e9rieure ou arri\u00e8re.<\/p>\n<p>&#8211; Syst\u00e8me de Triple Combustion.<\/p>\n<p>&#8211; Comprend un gant.<\/p>\n","protected":false},"excerpt":{"rendered":"<p>Po\u00eale \u00e9tanche en fonte<\/p>\n","protected":false},"featured_media":3095,"template":"","meta":[],"product_brand":[],"product_cat":[131,1244],"product_tag":[288,141],"class_list":{"0":"post-8592","1":"product","2":"type-product","3":"status-publish","4":"has-post-thumbnail","6":"product_cat-gamme-a-bois-fr","7":"product_cat-poeles-en-fonte-fr","8":"product_tag-air-fr","9":"product_tag-nouveau-fr","11":"first","12":"instock","13":"shipping-taxable","14":"product-type-simple"},"_links":{"self":[{"href":"https:\/\/bronpi.com\/fr\/wp-json\/wp\/v2\/product\/8592","targetHints":{"allow":["GET"]}}],"collection":[{"href":"https:\/\/bronpi.com\/fr\/wp-json\/wp\/v2\/product"}],"about":[{"href":"https:\/\/bronpi.com\/fr\/wp-json\/wp\/v2\/types\/product"}],"wp:featuredmedia":[{"embeddable":true,"href":"https:\/\/bronpi.com\/fr\/wp-json\/wp\/v2\/media\/3095"}],"wp:attachment":[{"href":"https:\/\/bronpi.com\/fr\/wp-json\/wp\/v2\/media?parent=8592"}],"wp:term":[{"taxonomy":"product_brand","embeddable":true,"href":"https:\/\/bronpi.com\/fr\/wp-json\/wp\/v2\/product_brand?post=8592"},{"taxonomy":"product_cat","embeddable":true,"href":"https:\/\/bronpi.com\/fr\/wp-json\/wp\/v2\/product_cat?post=8592"},{"taxonomy":"product_tag","embeddable":true,"href":"https:\/\/bronpi.com\/fr\/wp-json\/wp\/v2\/product_tag?post=8592"}],"curies":[{"name":"wp","href":"https:\/\/api.w.org\/{rel}","templated":true}]}}