{"id":8712,"date":"2025-03-03T11:37:35","date_gmt":"2025-03-03T10:37:35","guid":{"rendered":"https:\/\/bronpi.com\/product\/estrella\/"},"modified":"2025-10-31T12:03:51","modified_gmt":"2025-10-31T11:03:51","slug":"estrella","status":"publish","type":"product","link":"https:\/\/bronpi.com\/fr\/produit\/estrella\/","title":{"rendered":"ESTRELLA"},"content":{"rendered":"<p>&#8211; Int\u00e9rieur en vermiculite.<br \/>\n&#8211; Grille en fonte.<br \/>\n&#8211; Syst\u00e8me de Triple Combustion.<br \/>\n&#8211; R\u00e9gulation de l&rsquo;air de combustion primaire.<br \/>\n&#8211; Poign\u00e9e finie en bois naturel.<br \/>\n&#8211; Comprend un gant et peinture en spray.<\/p>\n<h1><strong>\u00c9l\u00e9ments optionnels:<\/strong><\/h1>\n<p>&#8211; KIT-AIR-16: Kit avec prise d&rsquo;air ext\u00e9rieure. Pour transformer en \u00e9tanche.<\/p>\n","protected":false},"excerpt":{"rendered":"<p>Po\u00eale vertical \u00e0 3 vitres et b\u00fbcher<\/p>\n","protected":false},"featured_media":3187,"template":"","meta":[],"product_brand":[],"product_cat":[131,132],"product_tag":[288,141],"class_list":{"0":"post-8712","1":"product","2":"type-product","3":"status-publish","4":"has-post-thumbnail","6":"product_cat-gamme-a-bois-fr","7":"product_cat-poeles-a-bois-fr","8":"product_tag-air-fr","9":"product_tag-nouveau-fr","11":"first","12":"instock","13":"shipping-taxable","14":"product-type-simple"},"_links":{"self":[{"href":"https:\/\/bronpi.com\/fr\/wp-json\/wp\/v2\/product\/8712","targetHints":{"allow":["GET"]}}],"collection":[{"href":"https:\/\/bronpi.com\/fr\/wp-json\/wp\/v2\/product"}],"about":[{"href":"https:\/\/bronpi.com\/fr\/wp-json\/wp\/v2\/types\/product"}],"wp:featuredmedia":[{"embeddable":true,"href":"https:\/\/bronpi.com\/fr\/wp-json\/wp\/v2\/media\/3187"}],"wp:attachment":[{"href":"https:\/\/bronpi.com\/fr\/wp-json\/wp\/v2\/media?parent=8712"}],"wp:term":[{"taxonomy":"product_brand","embeddable":true,"href":"https:\/\/bronpi.com\/fr\/wp-json\/wp\/v2\/product_brand?post=8712"},{"taxonomy":"product_cat","embeddable":true,"href":"https:\/\/bronpi.com\/fr\/wp-json\/wp\/v2\/product_cat?post=8712"},{"taxonomy":"product_tag","embeddable":true,"href":"https:\/\/bronpi.com\/fr\/wp-json\/wp\/v2\/product_tag?post=8712"}],"curies":[{"name":"wp","href":"https:\/\/api.w.org\/{rel}","templated":true}]}}