{"id":8759,"date":"2025-07-29T12:08:32","date_gmt":"2025-07-29T10:08:32","guid":{"rendered":"https:\/\/bronpi.com\/product\/versalles-versalles-vision\/"},"modified":"2025-10-31T11:38:28","modified_gmt":"2025-10-31T10:38:28","slug":"versalles-versalles-vision","status":"publish","type":"product","link":"https:\/\/bronpi.com\/fr\/produit\/versalles-versalles-vision\/","title":{"rendered":"VERSALLES\/ VERSALLES VISION"},"content":{"rendered":"<p>&#8211; Porte, int\u00e9rieur et grille en fonte.<\/p>\n<p>&#8211; Silencieux. Possibilit\u00e9 de d\u00e9connexion totale de la turbine.<\/p>\n<p>&#8211; Syst\u00e8me de Triple Combustion.<\/p>\n<p>&#8211; R\u00e9gulation de l&rsquo;air de combustion primaire et secondaire.<\/p>\n<p>&#8211; Comprend un ventilateur de 290 m3\/h avec interrupteur \u00e0 deux vitesses.<\/p>\n<p>&#8211; Disponible Versalles et Versalles-Vision (avec trois vitres s\u00e9rigraphi\u00e9s noirs).<\/p>\n<p>&#8211; Comprend une grille amovible, rotative et r\u00e9glable \u00e0 diff\u00e9rentes hauteurs.<\/p>\n<p>&#8211; Comprend un gant et peinture en spray.<\/p>\n<p>&nbsp;<\/p>\n<h1><strong>\u00c9l\u00e9ments optionnels: <\/strong><\/h1>\n<p>&#8211; KIT-AIR-2: Kit avec prise d&rsquo;air ext\u00e9rieure Pour transformer en \u00e9tanche.<\/p>\n<p>&nbsp;<\/p>\n<p>&nbsp;<\/p>\n<p>&nbsp;<\/p>\n","protected":false},"excerpt":{"rendered":"<p>Po\u00eale avec trois vitres, turbine et b\u00fbcher<\/p>\n","protected":false},"featured_media":4228,"template":"","meta":[],"product_brand":[],"product_cat":[131,132],"product_tag":[288],"class_list":{"0":"post-8759","1":"product","2":"type-product","3":"status-publish","4":"has-post-thumbnail","6":"product_cat-gamme-a-bois-fr","7":"product_cat-poeles-a-bois-fr","8":"product_tag-air-fr","10":"first","11":"instock","12":"shipping-taxable","13":"product-type-simple"},"_links":{"self":[{"href":"https:\/\/bronpi.com\/fr\/wp-json\/wp\/v2\/product\/8759","targetHints":{"allow":["GET"]}}],"collection":[{"href":"https:\/\/bronpi.com\/fr\/wp-json\/wp\/v2\/product"}],"about":[{"href":"https:\/\/bronpi.com\/fr\/wp-json\/wp\/v2\/types\/product"}],"wp:featuredmedia":[{"embeddable":true,"href":"https:\/\/bronpi.com\/fr\/wp-json\/wp\/v2\/media\/4228"}],"wp:attachment":[{"href":"https:\/\/bronpi.com\/fr\/wp-json\/wp\/v2\/media?parent=8759"}],"wp:term":[{"taxonomy":"product_brand","embeddable":true,"href":"https:\/\/bronpi.com\/fr\/wp-json\/wp\/v2\/product_brand?post=8759"},{"taxonomy":"product_cat","embeddable":true,"href":"https:\/\/bronpi.com\/fr\/wp-json\/wp\/v2\/product_cat?post=8759"},{"taxonomy":"product_tag","embeddable":true,"href":"https:\/\/bronpi.com\/fr\/wp-json\/wp\/v2\/product_tag?post=8759"}],"curies":[{"name":"wp","href":"https:\/\/api.w.org\/{rel}","templated":true}]}}