{"id":8856,"date":"2025-07-30T08:40:38","date_gmt":"2025-07-30T06:40:38","guid":{"rendered":"https:\/\/bronpi.com\/product\/cairo-90-d-box\/"},"modified":"2025-10-27T11:11:09","modified_gmt":"2025-10-27T10:11:09","slug":"cairo-90-d-box","status":"publish","type":"product","link":"https:\/\/bronpi.com\/fr\/produit\/cairo-90-d-box\/","title":{"rendered":"CAIRO-90-D BOX"},"content":{"rendered":"<p>&#8211; Portes en fonte.<\/p>\n<p>&#8211; Grille en fonte.<\/p>\n<p>&#8211; Vitre s\u00e9rigraphi\u00e9 noir.<\/p>\n<p>&#8211; R\u00e9gulation de l&rsquo;air de combustion primaire et secondaire.<\/p>\n<p>&#8211; Syst\u00e8me Double Combustion.<\/p>\n<p>&#8211; Possibilit\u00e9 de choisir l&rsquo;int\u00e9rieur en vermiculite ou Firetek.<\/p>\n<p>&#8211; Comprend un gant et peinture en spray.<\/p>\n<p>&nbsp;<\/p>\n<h1><strong>\u00c9l\u00e9ments optionnels:<\/strong><\/h1>\n<p>&#8211; KIT-AIR-6: Kit avec prise d&rsquo;air ext\u00e9rieure. Pour transformer en \u00e9tanche.<\/p>\n<p>&#8211; T-D-BOX: Turbine tangentielle avec interrupteur \u00e0 2 vitesses. Silencieuse Avec possibilit\u00e9 de d\u00e9connexion compl\u00e8te de la turbine.<\/p>\n<p>&#8211; KIT-C-CAIRO-BOX: Kit pour accrocher.<\/p>\n<p>&#8211; B-90D-BOX: Base avec pieds.<\/p>\n<p>&#8211; L-90D-BOX: Base b\u00fbcher.<\/p>\n<p>&#8211; KIT VERMICULITE<\/p>\n<p>&#8211; KIT FIRETEK<\/p>\n<p>&#8211; RANGE-B\u00dbCHES 378<\/p>\n<p>&nbsp;<\/p>\n","protected":false},"excerpt":{"rendered":"<p>Po\u00eale \u00e0 bois \u00e0 double face, id\u00e9al pour s\u00e9parer les environnements<\/p>\n","protected":false},"featured_media":4699,"template":"","meta":[],"product_brand":[],"product_cat":[131,132],"product_tag":[288,141],"class_list":{"0":"post-8856","1":"product","2":"type-product","3":"status-publish","4":"has-post-thumbnail","6":"product_cat-gamme-a-bois-fr","7":"product_cat-poeles-a-bois-fr","8":"product_tag-air-fr","9":"product_tag-nouveau-fr","11":"first","12":"instock","13":"shipping-taxable","14":"product-type-simple"},"_links":{"self":[{"href":"https:\/\/bronpi.com\/fr\/wp-json\/wp\/v2\/product\/8856","targetHints":{"allow":["GET"]}}],"collection":[{"href":"https:\/\/bronpi.com\/fr\/wp-json\/wp\/v2\/product"}],"about":[{"href":"https:\/\/bronpi.com\/fr\/wp-json\/wp\/v2\/types\/product"}],"wp:featuredmedia":[{"embeddable":true,"href":"https:\/\/bronpi.com\/fr\/wp-json\/wp\/v2\/media\/4699"}],"wp:attachment":[{"href":"https:\/\/bronpi.com\/fr\/wp-json\/wp\/v2\/media?parent=8856"}],"wp:term":[{"taxonomy":"product_brand","embeddable":true,"href":"https:\/\/bronpi.com\/fr\/wp-json\/wp\/v2\/product_brand?post=8856"},{"taxonomy":"product_cat","embeddable":true,"href":"https:\/\/bronpi.com\/fr\/wp-json\/wp\/v2\/product_cat?post=8856"},{"taxonomy":"product_tag","embeddable":true,"href":"https:\/\/bronpi.com\/fr\/wp-json\/wp\/v2\/product_tag?post=8856"}],"curies":[{"name":"wp","href":"https:\/\/api.w.org\/{rel}","templated":true}]}}