{"id":8936,"date":"2025-04-04T13:35:06","date_gmt":"2025-04-04T11:35:06","guid":{"rendered":"https:\/\/bronpi.com\/product\/gijon-h\/"},"modified":"2026-03-25T16:13:21","modified_gmt":"2026-03-25T15:13:21","slug":"gijon-h","status":"publish","type":"product","link":"https:\/\/bronpi.com\/fr\/produit\/gijon-h\/","title":{"rendered":"GIJ\u00d3N-H"},"content":{"rendered":"<ul>\n<li>Syst\u00e8me Enveloppant Four.<\/li>\n<li>Int\u00e9rieur en vermiculite.<\/li>\n<li>Portes et grille en fonte.<\/li>\n<li>Syst\u00e8me de Triple Combustion.<\/li>\n<li>R\u00e9gulation de l&rsquo;air de combustion primaire et secondaire.<\/li>\n<li>Comprend une grille amovible, rotative et r\u00e9glable \u00e0 diff\u00e9rentes hauteurs.<\/li>\n<li>Four avec brique r\u00e9fractaire et thermom\u00e8tre \u00e0 500\u00baC pour contr\u00f4ler la temp\u00e9rature.<\/li>\n<li>Comprend un gant et peinture en spray.<\/li>\n<\/ul>\n<p>&nbsp;<\/p>\n<h1><strong>\u00c9l\u00e9ments optionnels:<\/strong><\/h1>\n<ul>\n<li>KIT-INOX-F: Kit avec rev\u00eatement int\u00e9rieur pour le four en acier inoxydable et plateau en acier inoxydable 325x365x60 mm.<\/li>\n<\/ul>\n","protected":false},"excerpt":{"rendered":"<p>Po\u00eale avec four et b\u00fbcher<\/p>\n","protected":false},"featured_media":2766,"template":"","meta":[],"product_brand":[],"product_cat":[131,132],"product_tag":[288],"class_list":{"0":"post-8936","1":"product","2":"type-product","3":"status-publish","4":"has-post-thumbnail","6":"product_cat-gamme-a-bois-fr","7":"product_cat-poeles-a-bois-fr","8":"product_tag-air-fr","10":"first","11":"instock","12":"shipping-taxable","13":"product-type-simple"},"_links":{"self":[{"href":"https:\/\/bronpi.com\/fr\/wp-json\/wp\/v2\/product\/8936","targetHints":{"allow":["GET"]}}],"collection":[{"href":"https:\/\/bronpi.com\/fr\/wp-json\/wp\/v2\/product"}],"about":[{"href":"https:\/\/bronpi.com\/fr\/wp-json\/wp\/v2\/types\/product"}],"wp:featuredmedia":[{"embeddable":true,"href":"https:\/\/bronpi.com\/fr\/wp-json\/wp\/v2\/media\/2766"}],"wp:attachment":[{"href":"https:\/\/bronpi.com\/fr\/wp-json\/wp\/v2\/media?parent=8936"}],"wp:term":[{"taxonomy":"product_brand","embeddable":true,"href":"https:\/\/bronpi.com\/fr\/wp-json\/wp\/v2\/product_brand?post=8936"},{"taxonomy":"product_cat","embeddable":true,"href":"https:\/\/bronpi.com\/fr\/wp-json\/wp\/v2\/product_cat?post=8936"},{"taxonomy":"product_tag","embeddable":true,"href":"https:\/\/bronpi.com\/fr\/wp-json\/wp\/v2\/product_tag?post=8936"}],"curies":[{"name":"wp","href":"https:\/\/api.w.org\/{rel}","templated":true}]}}