{"id":8970,"date":"2025-03-03T11:01:45","date_gmt":"2025-03-03T10:01:45","guid":{"rendered":"https:\/\/bronpi.com\/product\/suiza\/"},"modified":"2026-03-04T16:25:37","modified_gmt":"2026-03-04T15:25:37","slug":"suiza","status":"publish","type":"product","link":"https:\/\/bronpi.com\/fr\/produit\/suiza\/","title":{"rendered":"SUIZA"},"content":{"rendered":"<ul>\n<li>Portes et grille en fonte.<\/li>\n<li>Int\u00e9rieur en vermiculite.<\/li>\n<li>R\u00e9gulation de l&rsquo;air de combustion primaire.<\/li>\n<li>Syst\u00e8me Double Combustion.<\/li>\n<li>Four avec brique r\u00e9fractaire et thermom\u00e8tre \u00e0 500\u00baC pour contr\u00f4ler la temp\u00e9rature.<\/li>\n<li>Comprend un plateau en acier inoxydable de 480x400x60 mm.<\/li>\n<li>Comprend une grille amovible, rotative et r\u00e9glable \u00e0 diff\u00e9rentes hauteurs.<\/li>\n<li>Syst\u00e8me Enveloppant Four.<\/li>\n<li>Double Chambre.<\/li>\n<li>Comprend un gant et peinture en spray.<\/li>\n<\/ul>\n<h1>Articles optionnels :<\/h1>\n<ul>\n<li>KIT-AIR-11: Kit avec prise d&rsquo;air ext\u00e9rieure. Pour transformer en \u00e9tanche.<\/li>\n<li>KIT-INOX-SUIZA: Kit avec rev\u00eatement int\u00e9rieur pour le four en acier inoxydable.<\/li>\n<\/ul>\n","protected":false},"excerpt":{"rendered":"<p>Po\u00eale avec four et b\u00fbcher<\/p>\n","protected":false},"featured_media":2926,"template":"","meta":[],"product_brand":[],"product_cat":[131,132],"product_tag":[288],"class_list":{"0":"post-8970","1":"product","2":"type-product","3":"status-publish","4":"has-post-thumbnail","6":"product_cat-gamme-a-bois-fr","7":"product_cat-poeles-a-bois-fr","8":"product_tag-air-fr","10":"first","11":"instock","12":"shipping-taxable","13":"product-type-simple"},"_links":{"self":[{"href":"https:\/\/bronpi.com\/fr\/wp-json\/wp\/v2\/product\/8970","targetHints":{"allow":["GET"]}}],"collection":[{"href":"https:\/\/bronpi.com\/fr\/wp-json\/wp\/v2\/product"}],"about":[{"href":"https:\/\/bronpi.com\/fr\/wp-json\/wp\/v2\/types\/product"}],"wp:featuredmedia":[{"embeddable":true,"href":"https:\/\/bronpi.com\/fr\/wp-json\/wp\/v2\/media\/2926"}],"wp:attachment":[{"href":"https:\/\/bronpi.com\/fr\/wp-json\/wp\/v2\/media?parent=8970"}],"wp:term":[{"taxonomy":"product_brand","embeddable":true,"href":"https:\/\/bronpi.com\/fr\/wp-json\/wp\/v2\/product_brand?post=8970"},{"taxonomy":"product_cat","embeddable":true,"href":"https:\/\/bronpi.com\/fr\/wp-json\/wp\/v2\/product_cat?post=8970"},{"taxonomy":"product_tag","embeddable":true,"href":"https:\/\/bronpi.com\/fr\/wp-json\/wp\/v2\/product_tag?post=8970"}],"curies":[{"name":"wp","href":"https:\/\/api.w.org\/{rel}","templated":true}]}}