{"id":8984,"date":"2025-01-16T10:35:07","date_gmt":"2025-01-16T09:35:07","guid":{"rendered":"https:\/\/bronpi.com\/product\/hilton-c\/"},"modified":"2025-10-17T12:13:13","modified_gmt":"2025-10-17T10:13:13","slug":"hilton-c","status":"publish","type":"product","link":"https:\/\/bronpi.com\/fr\/produit\/hilton-c\/","title":{"rendered":"HILTON-C"},"content":{"rendered":"<p>&#8211; Portes et pieds en fonte.<\/p>\n<p>&#8211; Int\u00e9rieur en vermiculite.<\/p>\n<p>&#8211; Toit et anneaux pour cuisiner en fonte.<\/p>\n<p>&#8211; Four avec brique r\u00e9fractaire et thermom\u00e8tre \u00e0 400\u00baC pour contr\u00f4ler la temp\u00e9rature.<\/p>\n<p>&#8211; Comprend grille pour le four de 400&#215;260 mm.<\/p>\n<p>&#8211; Comprend une grille amovible, rotative et r\u00e9glable \u00e0 diff\u00e9rentes hauteurs.<\/p>\n<p>&#8211; Syst\u00e8me Enveloppant Four.<\/p>\n<p>&#8211; Poign\u00e9es finies en bois naturel.<\/p>\n<p>&#8211; R\u00e9gulation de l&rsquo;air de combustion primaire, secondaire et de la triple combustion.<\/p>\n<p>&#8211; Syst\u00e8me de Triple Combustion.<\/p>\n<p>&#8211; Comprend un gant et peinture en spray.<\/p>\n<p>&nbsp;<\/p>\n<h1><strong>\u00c9l\u00e9ments optionnels:<\/strong><\/h1>\n<p>&#8211; KIT-AIR-15: Kit avec prise d&rsquo;air ext\u00e9rieure. Pour transformer en \u00e9tanche.<br \/>\n&#8211; KIT-INOX-H: Kit avec rev\u00eatement int\u00e9rieur pour le four en acier inoxydable.<\/p>\n","protected":false},"excerpt":{"rendered":"<p>Po\u00eale avec four et cuisine<\/p>\n","protected":false},"featured_media":2942,"template":"","meta":[],"product_brand":[],"product_cat":[131,132],"product_tag":[288,141],"class_list":{"0":"post-8984","1":"product","2":"type-product","3":"status-publish","4":"has-post-thumbnail","6":"product_cat-gamme-a-bois-fr","7":"product_cat-poeles-a-bois-fr","8":"product_tag-air-fr","9":"product_tag-nouveau-fr","11":"first","12":"instock","13":"shipping-taxable","14":"product-type-simple"},"_links":{"self":[{"href":"https:\/\/bronpi.com\/fr\/wp-json\/wp\/v2\/product\/8984","targetHints":{"allow":["GET"]}}],"collection":[{"href":"https:\/\/bronpi.com\/fr\/wp-json\/wp\/v2\/product"}],"about":[{"href":"https:\/\/bronpi.com\/fr\/wp-json\/wp\/v2\/types\/product"}],"wp:featuredmedia":[{"embeddable":true,"href":"https:\/\/bronpi.com\/fr\/wp-json\/wp\/v2\/media\/2942"}],"wp:attachment":[{"href":"https:\/\/bronpi.com\/fr\/wp-json\/wp\/v2\/media?parent=8984"}],"wp:term":[{"taxonomy":"product_brand","embeddable":true,"href":"https:\/\/bronpi.com\/fr\/wp-json\/wp\/v2\/product_brand?post=8984"},{"taxonomy":"product_cat","embeddable":true,"href":"https:\/\/bronpi.com\/fr\/wp-json\/wp\/v2\/product_cat?post=8984"},{"taxonomy":"product_tag","embeddable":true,"href":"https:\/\/bronpi.com\/fr\/wp-json\/wp\/v2\/product_tag?post=8984"}],"curies":[{"name":"wp","href":"https:\/\/api.w.org\/{rel}","templated":true}]}}