{"id":951,"date":"2025-01-30T14:04:31","date_gmt":"2025-01-30T13:04:31","guid":{"rendered":"https:\/\/bronpi.com\/product\/alpes-hydro-b\/"},"modified":"2025-10-31T11:18:47","modified_gmt":"2025-10-31T10:18:47","slug":"monza","status":"publish","type":"product","link":"https:\/\/bronpi.com\/fr\/produit\/monza\/","title":{"rendered":"MONZA"},"content":{"rendered":"<p>&#8211; Portes et grille en fonte.<br \/>\n&#8211; R\u00e9gulation de l&rsquo;air de combustion primaire.<br \/>\n&#8211; Syst\u00e8me de Triple Combustion.<br \/>\n&#8211; Syst\u00e8me Enveloppant Four.<br \/>\n&#8211; Plan de travail en fonte avec anneaux pour cuisiner en fonte.<br \/>\n&#8211; Four avec brique r\u00e9fractaire et thermom\u00e8tre \u00e0 500\u00baC pour contr\u00f4ler la temp\u00e9rature.<br \/>\n&#8211; Comprend une grille amovible et rotative.<br \/>\n&#8211; Comprend un plateau en acier inoxydable de 325x365x60mm.<br \/>\n&#8211; Comprend un gant et peinture en spray.<\/p>\n","protected":false},"excerpt":{"rendered":"<p>Po\u00eale avec four et cuisine<\/p>\n","protected":false},"featured_media":2850,"template":"","meta":[],"product_brand":[],"product_cat":[131,132],"product_tag":[288],"class_list":{"0":"post-951","1":"product","2":"type-product","3":"status-publish","4":"has-post-thumbnail","6":"product_cat-gamme-a-bois-fr","7":"product_cat-poeles-a-bois-fr","8":"product_tag-air-fr","10":"first","11":"instock","12":"shipping-taxable","13":"product-type-simple"},"_links":{"self":[{"href":"https:\/\/bronpi.com\/fr\/wp-json\/wp\/v2\/product\/951","targetHints":{"allow":["GET"]}}],"collection":[{"href":"https:\/\/bronpi.com\/fr\/wp-json\/wp\/v2\/product"}],"about":[{"href":"https:\/\/bronpi.com\/fr\/wp-json\/wp\/v2\/types\/product"}],"wp:featuredmedia":[{"embeddable":true,"href":"https:\/\/bronpi.com\/fr\/wp-json\/wp\/v2\/media\/2850"}],"wp:attachment":[{"href":"https:\/\/bronpi.com\/fr\/wp-json\/wp\/v2\/media?parent=951"}],"wp:term":[{"taxonomy":"product_brand","embeddable":true,"href":"https:\/\/bronpi.com\/fr\/wp-json\/wp\/v2\/product_brand?post=951"},{"taxonomy":"product_cat","embeddable":true,"href":"https:\/\/bronpi.com\/fr\/wp-json\/wp\/v2\/product_cat?post=951"},{"taxonomy":"product_tag","embeddable":true,"href":"https:\/\/bronpi.com\/fr\/wp-json\/wp\/v2\/product_tag?post=951"}],"curies":[{"name":"wp","href":"https:\/\/api.w.org\/{rel}","templated":true}]}}