{"id":964,"date":"2025-03-03T10:31:29","date_gmt":"2025-03-03T09:31:29","guid":{"rendered":"https:\/\/bronpi.com\/product\/lorem-ipsum\/"},"modified":"2026-03-23T12:04:14","modified_gmt":"2026-03-23T11:04:14","slug":"madrid-madrid-vision","status":"publish","type":"product","link":"https:\/\/bronpi.com\/fr\/produit\/madrid-madrid-vision\/","title":{"rendered":"MADRID\/ MADRID-VISION"},"content":{"rendered":"<ul>\n<li>\u00a0Fabriqu\u00e9 enti\u00e8rement en fonte.<\/li>\n<li>Comprend deux ventilateurs avec interrupteur \u00e0 deux vitesses et thermostat.<\/li>\n<li>Vanne coupe-tirage r\u00e9glable.<\/li>\n<li>R\u00e9gulation de l&rsquo;air de combustion primaire et secondaire.<\/li>\n<li>Syst\u00e8me de Triple Combustion.<\/li>\n<li>Avec possibilit\u00e9 de canaliser (comprend deux sorties micro perfor\u00e9es pour canaliser l&rsquo;air jusqu&rsquo;\u00e0 3 m\u00e8tres et deux colliers de canalisation).<\/li>\n<li>Comprend un cadre \u00e0 3 c\u00f4t\u00e9s en standard.<\/li>\n<li>Comprend un gant et peinture en spray.<\/li>\n<\/ul>\n","protected":false},"excerpt":{"rendered":"<p>Insert en fonte avec ventilateur<\/p>\n","protected":false},"featured_media":2357,"template":"","meta":[],"product_brand":[],"product_cat":[131,135],"product_tag":[288,284],"class_list":{"0":"post-964","1":"product","2":"type-product","3":"status-publish","4":"has-post-thumbnail","6":"product_cat-gamme-a-bois-fr","7":"product_cat-inserts-a-bois-fr","8":"product_tag-air-fr","9":"product_tag-canalisable-fr","11":"first","12":"instock","13":"shipping-taxable","14":"product-type-simple"},"_links":{"self":[{"href":"https:\/\/bronpi.com\/fr\/wp-json\/wp\/v2\/product\/964","targetHints":{"allow":["GET"]}}],"collection":[{"href":"https:\/\/bronpi.com\/fr\/wp-json\/wp\/v2\/product"}],"about":[{"href":"https:\/\/bronpi.com\/fr\/wp-json\/wp\/v2\/types\/product"}],"wp:featuredmedia":[{"embeddable":true,"href":"https:\/\/bronpi.com\/fr\/wp-json\/wp\/v2\/media\/2357"}],"wp:attachment":[{"href":"https:\/\/bronpi.com\/fr\/wp-json\/wp\/v2\/media?parent=964"}],"wp:term":[{"taxonomy":"product_brand","embeddable":true,"href":"https:\/\/bronpi.com\/fr\/wp-json\/wp\/v2\/product_brand?post=964"},{"taxonomy":"product_cat","embeddable":true,"href":"https:\/\/bronpi.com\/fr\/wp-json\/wp\/v2\/product_cat?post=964"},{"taxonomy":"product_tag","embeddable":true,"href":"https:\/\/bronpi.com\/fr\/wp-json\/wp\/v2\/product_tag?post=964"}],"curies":[{"name":"wp","href":"https:\/\/api.w.org\/{rel}","templated":true}]}}