{"id":10297,"date":"2025-10-10T11:54:44","date_gmt":"2025-10-10T09:54:44","guid":{"rendered":"https:\/\/bronpi.com\/gestion-de-calidad\/"},"modified":"2025-10-31T09:02:47","modified_gmt":"2025-10-31T08:02:47","slug":"gestione-della-qualita","status":"publish","type":"page","link":"https:\/\/bronpi.com\/it\/gestione-della-qualita\/","title":{"rendered":"Gestione della Qualit\u00e0"},"content":{"rendered":"<section class=\"block-media-text-standar\">\n    <div class=\"container-xl\">\n\n                    <div class=\"wrap-text \">\n                \n                                    <div class=\"content-accordion loaded closed\">\n                                                    <div class=\"title\"><p>Visione<\/p><\/div>\n                        \n                                                    <div class=\"seo-content show description-text\"><p>La visione di BRONPI \u00e8 quella di essere l&#8217;azienda leader a livello nazionale nella progettazione, produzione e vendita di apparecchi e accessori per il riscaldamento a legna e pellet. Questo obiettivo viene raggiunto attraverso il miglioramento continuo dei nostri prodotti per massimizzare l&#8217;efficienza con emissioni minime e coltivando una cultura etica che promuove un modello di gestione responsabile per l&#8217;ambiente attraverso l&#8217;utilizzo di materie prime completamente sostenibili ed ecocompatibili. Inoltre, ci impegniamo a promuovere un senso di orgoglio tra i nostri dipendenti.<\/p><\/div>\n                                                                    <\/div>\n                            <\/div>\n                <div class=\"image-and-text \">\n                            <div class=\"background-image\">\n                    <figure class=\"  bg-img\">\n        <img loading=\"lazy\" decoding=\"async\" width=\"690\" height=\"357\" src=\"https:\/\/bronpi.com\/wp-content\/uploads\/2025\/10\/Sin-titulo-2.png\" class=\"bg-img\" alt=\"\" srcset=\"https:\/\/bronpi.com\/wp-content\/uploads\/2025\/10\/Sin-titulo-2.png 690w, https:\/\/bronpi.com\/wp-content\/uploads\/2025\/10\/Sin-titulo-2-300x155.png 300w, https:\/\/bronpi.com\/wp-content\/uploads\/2025\/10\/Sin-titulo-2-600x310.png 600w\" sizes=\"auto, (max-width: 690px) 100vw, 690px\" \/>\n    <\/figure>\n                <\/div>\n                    <\/div>\n    <\/div>\n<\/section>\n\n<section class=\"block-media-text-detail seo-accordion\">\n    <div class=\"container-xl\">\n\n                    <div class=\"wrap-text left\">\n                                    <div class=\"detail-text\">\n                        <div class=\"caption\">STRATEGIA<\/div>\n                        <svg xmlns=\"http:\/\/www.w3.org\/2000\/svg\" width=\"583\" height=\"141\" fill=\"none\"><path stroke=\"#000\" stroke-width=\".5\" d=\"m8.5 132 119-131H583\"\/><circle cx=\"5\" cy=\"135.5\" r=\"4.75\" stroke=\"#000\" stroke-width=\".5\"\/><\/svg>\n                    <\/div>\n                \n                                    <div class=\"content-accordion loaded closed\">\n                                                    <div class=\"title\"><p><strong>Per rendere <\/strong>questa <strong>visione una realt\u00e0, BRONPI CALEFACCI\u00d3N SL si affida alla seguente STRATEGIA:<\/strong><\/p><\/div>\n                        \n                                                    <div class=\"seo-content show description-text\"><ul>\n<li>Eccellenza nell&#8217;efficienza energetica dei prodotti realizzati.<\/li>\n<li>Eccellenza nel design estetico dei prodotti realizzati.<\/li>\n<li>Eccellenza nell&#8217;affidabilit\u00e0 dei prodotti realizzati.<\/li>\n<li>Efficienza nella gestione delle risorse, nel rispetto dell\u2019ambiente.<\/li>\n<li>La ricerca di miglioramenti rivoluzionari nei prodotti realizzati.<\/li>\n<li>Integrare una cultura di innovazione e miglioramento continuo a tutti i livelli dell&#8217;organizzazione.<\/li>\n<li>Apertura a nuovi mercati.<\/li>\n<li>Per fornire una risposta rapida ai cambiamenti delle esigenze del mercato.<\/li>\n<li>Fornire sempre prodotti e servizi innovativi e di alta qualit\u00e0.<\/li>\n<li>Mantenere un rapporto qualit\u00e0\/prezzo del prodotto ottimale.<\/li>\n<li>Mantenere e incrementare l&#8217;impegno dedicato alla ricerca, allo sviluppo e all&#8217;innovazione come pilastro dell&#8217;azienda.<\/li>\n<li>Fornire e migliorare l&#8217;assistenza nei servizi relativi alla promozione della R&amp;S&amp;I nel settore imprenditoriale.<\/li>\n<li>Promuovere una politica di tutela e valorizzazione dei risultati ottenuti come conseguenza dei propri processi di gestione della R&amp;S&amp;I.<\/li>\n<li>Mantenere un elevato livello di innovazione nello sviluppo e nella fornitura dei propri servizi e prodotti, nell&#8217;ambito di un sistema permanente di miglioramento continuo.<\/li>\n<li>Rafforzare le proprie basi scientifiche e tecnologiche con l&#8217;obiettivo primario di contribuire al quadro europeo per l&#8217;innovazione.<\/li>\n<li>Avere un titolo azionario competitivo.<\/li>\n<li>Ridurre al minimo il consumo di energia e di risorse naturali per contribuire alla lotta contro il cambiamento climatico.<\/li>\n<\/ul><\/div>\n                                                                    <\/div>\n                            <\/div>\n                <div class=\"image-and-text-highlighted left\">\n                            <div class=\"background-image\">\n                    <figure class=\" left bg-img\">\n        <img loading=\"lazy\" decoding=\"async\" width=\"588\" height=\"558\" src=\"https:\/\/bronpi.com\/wp-content\/uploads\/2025\/09\/FOTO-BLOQUE-FABRICANTES-DE-ESTUFAS.png\" class=\"bg-img\" alt=\"\" srcset=\"https:\/\/bronpi.com\/wp-content\/uploads\/2025\/09\/FOTO-BLOQUE-FABRICANTES-DE-ESTUFAS.png 588w, https:\/\/bronpi.com\/wp-content\/uploads\/2025\/09\/FOTO-BLOQUE-FABRICANTES-DE-ESTUFAS-300x285.png 300w\" sizes=\"auto, (max-width: 588px) 100vw, 588px\" \/>\n    <\/figure>\n                <\/div>\n                    <\/div>\n    <\/div>\n<\/section>\n\n\n<section class=\"block-media-text-standar\">\n    <div class=\"container-xl\">\n\n                    <div class=\"wrap-text \">\n                \n                                    <div class=\"content-accordion loaded closed\">\n                                                    <div class=\"title\"><p><strong>Politica di Gestione<\/strong><\/p><\/div>\n                        \n                                                    <div class=\"seo-content show description-text\"><p>Presso BRONPI CALEFACCI\u00d3N SL ci dedichiamo alla progettazione, produzione e distribuzione di apparecchi e accessori per il riscaldamento, alimentati a legna, pellet e altre biomasse, destinati all&#8217;uso residenziale e terziario.<\/p>\n<p>Inoltre, BRONPI CALEFACCI\u00d3N SL dedica una parte delle sue risorse alla RICERCA, SVILUPPO E INNOVAZIONE con l&#8217;intento di migliorare continuamente i suoi prodotti.<\/p>\n<p>Il nostro obiettivo \u00e8 vendere prodotti che soddisfino le esigenze e le aspettative dei nostri clienti e, per raggiungere questo obiettivo, ci impegniamo a stabilire un Sistema di Gestione Integrato della Qualit\u00e0 e della Ricerca e Sviluppo in conformit\u00e0 con gli standard internazionali ISO 9001 e ISO 166002 e a migliorarne continuamente l&#8217;efficacia.<\/p>\n<p>La politica di gestione \u00e8 stata sviluppata per fungere da quadro di riferimento per stabilire e rivedere gli obiettivi che l&#8217;organizzazione stabilisce periodicamente.<\/p>\n<p>Al fine di raggiungere l&#8217;obiettivo primario della soddisfazione del cliente e delle parti interessate, BRONPI si impegna inoltre a rispettare tutti i requisiti applicabili, sia impliciti che espliciti, nonch\u00e9 i requisiti legali e normativi. Il management di BRONPI assume la leadership nell&#8217;attuazione della presente politica, in conformit\u00e0 con la <strong>VISIONE <\/strong>e <strong>la STRATEGIA <\/strong>dell&#8217;organizzazione.<\/p>\n<p>La direzione ritiene che la gestione della qualit\u00e0 e la gestione della ricerca, sviluppo e innovazione siano fattori essenziali per il successo dell&#8217;azienda, dando priorit\u00e0 alla prevenzione rispetto alla correzione degli errori.<\/p>\n<p>Per il raggiungimento di questa politica, \u00e8 essenziale la collaborazione di tutto il personale aziendale. Esso \u00e8 tenuto a rispettare le disposizioni del Sistema di Gestione per la Qualit\u00e0 e la Ricerca e Sviluppo e deve essere convinto della necessit\u00e0 di adottare una mentalit\u00e0 orientata al miglioramento continuo, che porti BRONPI CALEFACCI\u00d3N SL a raggiungere i pi\u00f9 elevati standard di qualit\u00e0, ricerca, sviluppo e innovazione sul mercato.<\/p><\/div>\n                                                                    <\/div>\n                            <\/div>\n                <div class=\"image-and-text \">\n                            <div class=\"background-image\">\n                    <figure class=\"  bg-img\">\n        <img loading=\"lazy\" decoding=\"async\" width=\"690\" height=\"357\" src=\"https:\/\/bronpi.com\/wp-content\/uploads\/2025\/10\/manos-22.png\" class=\"bg-img\" alt=\"\" srcset=\"https:\/\/bronpi.com\/wp-content\/uploads\/2025\/10\/manos-22.png 690w, https:\/\/bronpi.com\/wp-content\/uploads\/2025\/10\/manos-22-300x155.png 300w, https:\/\/bronpi.com\/wp-content\/uploads\/2025\/10\/manos-22-600x310.png 600w\" sizes=\"auto, (max-width: 690px) 100vw, 690px\" \/>\n    <\/figure>\n                <\/div>\n                    <\/div>\n    <\/div>\n<\/section>\n\n\n<div class=\"wp-block-columns container-xl is-layout-flex wp-container-core-columns-is-layout-9d6595d7 wp-block-columns-is-layout-flex\">\n<div class=\"wp-block-column is-layout-flow wp-block-column-is-layout-flow\" style=\"flex-basis:20%\">\n<figure class=\"wp-block-gallery has-nested-images columns-default is-cropped wp-block-gallery-1 is-layout-flex wp-block-gallery-is-layout-flex\">\n<figure class=\"wp-block-image size-large\"><img decoding=\"async\" data-id=\"9677\" src=\"https:\/\/bronpi.com\/wp-content\/uploads\/2025\/09\/ISO-9001_Color-1024x1024.png\" alt=\"\" class=\"wp-image-9677\" \/><\/figure>\n\n\n\n<figure class=\"wp-block-image size-large\"><img loading=\"lazy\" decoding=\"async\" width=\"842\" height=\"1024\" data-id=\"9682\" src=\"https:\/\/bronpi.com\/wp-content\/uploads\/2025\/09\/UNE-166002-842x1024.png\" alt=\"\" class=\"wp-image-9682\" srcset=\"https:\/\/bronpi.com\/wp-content\/uploads\/2025\/09\/UNE-166002-842x1024.png 842w, https:\/\/bronpi.com\/wp-content\/uploads\/2025\/09\/UNE-166002-247x300.png 247w, https:\/\/bronpi.com\/wp-content\/uploads\/2025\/09\/UNE-166002-768x934.png 768w, https:\/\/bronpi.com\/wp-content\/uploads\/2025\/09\/UNE-166002-300x365.png 300w, https:\/\/bronpi.com\/wp-content\/uploads\/2025\/09\/UNE-166002-600x730.png 600w, https:\/\/bronpi.com\/wp-content\/uploads\/2025\/09\/UNE-166002.png 895w\" sizes=\"auto, (max-width: 842px) 100vw, 842px\" \/><\/figure>\n<\/figure>\n<\/div>\n\n\n\n<div class=\"wp-block-column is-layout-flow wp-block-column-is-layout-flow\" style=\"flex-basis:76.3%\">\n<p>Scarica i certificati Bronpi:<\/p>\n<p><a href=\"http:\/\/chrome-extension:\/\/efaidnbmnnnibpcajpcglclefindmkaj\/https:\/\/bronpi.com\/wp-content\/uploads\/2025\/10\/10064-Bronpi-9001-2015-2025-05.pdf\" data-wplink-url-error=\"true\">Certificato di conformit\u00e0 alla norma UNE-EN ISO 9001:2015<\/a><\/p>\n<p><a href=\"http:\/\/chrome-extension:\/\/efaidnbmnnnibpcajpcglclefindmkaj\/https:\/\/bronpi.com\/wp-content\/uploads\/2025\/09\/10064-Bronpi-166002-2021-2025-06.pdf\" data-wplink-url-error=\"true\">Certificato di conformit\u00e0 alla norma UNE 166002:2021<\/a><\/p>\n<p>\u00a0<\/p>\n<\/div>\n<\/div>\n\n\n\n<div style=\"height:100px\" aria-hidden=\"true\" class=\"wp-block-spacer\"><\/div>\n","protected":false},"excerpt":{"rendered":"<p>Scarica i certificati Bronpi: Certificato di conformit\u00e0 alla norma UNE-EN ISO 9001:2015 Certificato di conformit\u00e0 alla norma UNE 166002:2021 \u00a0<\/p>\n","protected":false},"author":2,"featured_media":9599,"parent":0,"menu_order":0,"comment_status":"closed","ping_status":"closed","template":"","meta":{"footnotes":""},"class_list":["post-10297","page","type-page","status-publish","has-post-thumbnail","hentry"],"_links":{"self":[{"href":"https:\/\/bronpi.com\/it\/wp-json\/wp\/v2\/pages\/10297","targetHints":{"allow":["GET"]}}],"collection":[{"href":"https:\/\/bronpi.com\/it\/wp-json\/wp\/v2\/pages"}],"about":[{"href":"https:\/\/bronpi.com\/it\/wp-json\/wp\/v2\/types\/page"}],"author":[{"embeddable":true,"href":"https:\/\/bronpi.com\/it\/wp-json\/wp\/v2\/users\/2"}],"replies":[{"embeddable":true,"href":"https:\/\/bronpi.com\/it\/wp-json\/wp\/v2\/comments?post=10297"}],"version-history":[{"count":12,"href":"https:\/\/bronpi.com\/it\/wp-json\/wp\/v2\/pages\/10297\/revisions"}],"predecessor-version":[{"id":11481,"href":"https:\/\/bronpi.com\/it\/wp-json\/wp\/v2\/pages\/10297\/revisions\/11481"}],"wp:featuredmedia":[{"embeddable":true,"href":"https:\/\/bronpi.com\/it\/wp-json\/wp\/v2\/media\/9599"}],"wp:attachment":[{"href":"https:\/\/bronpi.com\/it\/wp-json\/wp\/v2\/media?parent=10297"}],"curies":[{"name":"wp","href":"https:\/\/api.w.org\/{rel}","templated":true}]}}