{"id":1602,"date":"2025-01-15T14:05:48","date_gmt":"2025-01-15T13:05:48","guid":{"rendered":"https:\/\/bronpi.com\/politica-de-privacidad\/"},"modified":"2025-11-19T11:00:34","modified_gmt":"2025-11-19T10:00:34","slug":"informativa-sulla-privacy","status":"publish","type":"page","link":"https:\/\/bronpi.com\/it\/informativa-sulla-privacy\/","title":{"rendered":"Informativa sulla privacy"},"content":{"rendered":"<section class=\" container-xl block-simple-text  lopd \">\n                    <div class=\"title\"><p>Informativa sulla privacy<\/p><\/div>\n                            <div class=\"description\"><div class=\"document-content\">\n<h2 id=\"informazioni-generali\">Informazioni generali<\/h2>\n<p>Questa Politica sulla Privacy\u00a0 si applica a tutti i dati personali che tu, come utente, (inteso come qualsiasi persona fisica che accede al sito web) ci fornisci a BRONPI CALEFACCI\u00d3N SL quando accedi a https:\/\/www.bronpi.com, di seguito denominato il &#8220;Sito Web&#8221;.<\/p>\n<p>Lo scopo di questa Politica sulla Privacy\u00a0 \u00e8 informarti su come trattiamo i tuoi dati personali come utente e spiegarti i diritti che ti spettano ai sensi del Regolamento Generale sulla Protezione dei Dati e di altre normative in materia di protezione dei dati.<\/p>\n<h2 id=\"chi-e-il-responsabile\">Chi \u00e8 il responsabile?<\/h2>\n<p>Il responsabile del trattamento dei dati personali raccolti tramite il Sito Web \u00e8 BRONPI CALEFACCI\u00d3N SL, con numero di identificazione fiscale B14465330 e sede legale in Carr. C\u00f3rdoba &#8211; M\u00e1laga km. 78 Lucena, C\u00f3rdoba 14900, Spagna.<\/p>\n<p>Puoi contattare il Responsabile della Protezione dei Dati all&#8217;indirizzo email jesus@novaiuris.com per fare tutte le domande o richiedere le informazioni di cui hai bisogno riguardo al trattamento dei dati personali degli utenti.) I dati personali che raccogliamo saranno trattati in modo confidenziale e saranno inclusi nel nostro Registro delle Attivit\u00e0 di Trattamento.<\/p>\n<h2 id=\"perche-chiediamo-i-tuoi-dati\">Perch\u00e9 chiediamo i tuoi dati?<\/h2>\n<div class=\"bt-wrapper\">\n<table data-bt-active=\"true\">\n<thead>\n<tr>\n<th>Finalit\u00e0<\/th>\n<th>Descrizione<\/th>\n<th>Dati<\/th>\n<\/tr>\n<\/thead>\n<tbody>\n<tr>\n<td data-th=\"Finalit\u00e0\"><span class=\"bt-content\">Per fini di marketing<\/span><\/td>\n<td data-th=\"Descrizione\"><span class=\"bt-content\">Per condurre azioni promozionali dei nostri prodotti o servizi, in base al consenso espresso dall&#8217;utente e alle informazioni fornite al momento della raccolta degli stessi. Personalizzare i servizi che ti offriamo e poterti fare raccomandazioni in base alla tua interazione con noi sul web e all&#8217;analisi del tuo profilo utente (ad esempio, in base al tuo storico di acquisti e navigazione). Mostrarti pubblicit\u00e0 su Internet che potrai vedere durante la navigazione su siti web e app, ad esempio, sui social network. La pubblicit\u00e0 che visualizzi pu\u00f2 essere mostrata in modo casuale, ma in altre occasioni si tratta di pubblicit\u00e0 che potrebbe essere correlata al tuo storico di acquisti, preferenze e navigazione.<\/span><\/td>\n<td data-th=\"Dati\"><span class=\"bt-content\">Email, Telefono.<\/span><\/td>\n<\/tr>\n<tr>\n<td data-th=\"Finalit\u00e0\"><span class=\"bt-content\">Ricevere e gestire curriculum<\/span><\/td>\n<td data-th=\"Descrizione\"><span class=\"bt-content\">Gestire il processo di selezione del personale<\/span><\/td>\n<td data-th=\"Dati\"><span class=\"bt-content\">Email, Telefono.<\/span><\/td>\n<\/tr>\n<\/tbody>\n<\/table>\n<\/div>\n<h2 id=\"qual-e-la-nostra-base-legale-per-il-trattamento-dei-dati\">Qual \u00e8 la nostra base legale per il trattamento dei dati?<\/h2>\n<p>La nostra base legale per il trattamento dei dati personali \u00e8 la seguente:<\/p>\n<ul>\n<li>Il consenso: se hai fornito il consenso esplicito al momento di inserire i dati personali spuntando l&#8217;apposita casella.<\/li>\n<li>L&#8217;esecuzione di un contratto: se esiste un rapporto contrattuale tra te e BRONPI CALEFACCI\u00d3N SL, o se il trattamento dei dati personali \u00e8 necessario per lo svolgimento del rapporto commerciale.<\/li>\n<li>Il rispetto di un obbligo legale: nei casi in cui BRONPI CALEFACCI\u00d3N SL abbia un obbligo legale applicabile come responsabile del trattamento.<\/li>\n<li>L&#8217;interesse legittimo: nei casi in cui esista un interesse legittimo proprio o di terzi legato al funzionamento del Sito Web o alla fornitura di servizi all&#8217;utente, sempre che gli interessi e i diritti fondamentali degli utenti non prevalgano sull&#8217;interesse legittimo.<\/li>\n<\/ul>\n<h2 id=\"per-quanto-tempo-conserveremo-i-tuoi-dati\">Per quanto tempo conserveremo i tuoi dati?<\/h2>\n<p>I dati personali che raccogliamo tramite il Sito Web saranno trattati e conservati per il tempo necessario per raggiungere la finalit\u00e0 per cui sono stati raccolti.<\/p>\n<p>In particolare, i dati raccolti per lo sviluppo e l&#8217;esecuzione di un contratto con te saranno conservati per tutta la durata del rapporto contrattuale, mentre i dati personali raccolti nell&#8217;ambito dell&#8217;interesse legittimo o con il tuo consenso saranno conservati solo per il tempo necessario per adempiere a tale finalit\u00e0.<\/p>\n<p>Una volta trascorso il periodo strettamente necessario per l&#8217;esecuzione delle finalit\u00e0 descritte in precedenza, conserveremo per un periodo aggiuntivo i dati personali, fino a quando non siano prescritte tutte le azioni che potrebbero derivare dalla nostra responsabilit\u00e0 per ciascun trattamento.<\/p>\n<h2 id=\"condividiamo-i-tuoi-dati-con-terzi\">Condividiamo i tuoi dati con terzi?<\/h2>\n<p>Per raggiungere le finalit\u00e0 descritte in precedenza, \u00e8 necessario che concediamo l&#8217;accesso ai tuoi dati personali ad altri fornitori di servizi, che agiranno come nostri responsabili del trattamento, come ad esempio:<\/p>\n<ul>\n<li>Altre aziende del gruppo<\/li>\n<\/ul>\n<p>Abbiamo stipulato un accordo con le aziende che agiscono come responsabili del trattamento per regolare la gestione e il trattamento dei dati personali degli utenti, nonch\u00e9 l&#8217;adeguamento delle misure di sicurezza adottate.<\/p>\n<p>Nei casi in cui dobbiamo effettuare trasferimenti a terzi con sede o server al di fuori dell&#8217;Unione Europea o dello Spazio Economico Europeo (Islanda, Norvegia o Liechtenstein), e se tale paese non offre un livello di protezione dei dati personali equivalente a quello dell&#8217;Unione Europea, trasferiremo i tuoi dati personali rispettando sempre le garanzie adeguate e mantenendo gli standard di sicurezza, in conformit\u00e0 alla normativa applicabile.<\/p>\n<p>Quando effettuiamo tali trasferimenti dall&#8217;UE\/SEE a un paese terzo per il quale la Commissione Europea non abbia emesso una Decisione di Adeguatezza, o se non disponiamo di Norme Vincolanti d&#8217;Impresa, rispetteremo quanto previsto in tali casi dalla Commissione Europea per fornirti le garanzie adeguate, e quando necessario, stipuleremo le <a href=\"https:\/\/commission.europa.eu\/law\/law-topic\/data-protection\/international-dimension-data-protection\/standard-contractual-clauses-scc_en\" target=\"_blank\" rel=\"noopener\">Clausole Contrattuali Standard<\/a> e implementeremo misure di protezione aggiuntive.<\/p>\n<p>Se desideri ulteriori informazioni sui trasferimenti di dati personali che effettuiamo verso paesi al di fuori dell&#8217;UE\/SEE, puoi contattarci tramite l&#8217;indirizzo email seguente: comercial@bronpi.com<\/p>\n<h2 id=\"quali-sono-i-tuoi-diritti\">Quali sono i tuoi diritti?<\/h2>\n<p>Potrai esercitare i seguenti diritti in qualsiasi momento e gratuitamente:<\/p>\n<ul>\n<li>Accesso: per conoscere quali dati conserviamo e cosa ne facciamo.<\/li>\n<li>Rettifica: per segnalarci eventuali dati inesatti.<\/li>\n<li>Cancellazione: per far eliminare i tuoi dati personali, nella misura del possibile.<\/li>\n<li>Opposizione: per far cessare il trattamento dei tuoi dati personali per una delle finalit\u00e0 sopra descritte, a meno che non vi sia un obbligo legale che lo impedisca.<\/li>\n<li>Portabilit\u00e0: per trasferire i tuoi dati personali a un terzo, nella misura del possibile.<\/li>\n<li>Limitazione: per sospendere i tuoi dati quando contesti la loro accuratezza, o desideri che siano conservati per esercitare un&#8217;azione.<\/li>\n<li>A non essere soggetto a decisioni basate esclusivamente sul trattamento automatizzato dei tuoi dati.<\/li>\n<\/ul>\n<p>Puoi esercitare uno qualsiasi di questi diritti gratuitamente accedendo <strong><a href=\"https:\/\/app.lawwwing.com\/rights\/17e0d356-0362-483c-8ca3-b5477e20439b\/?lang=it\" target=\"_blank\" rel=\"noopener\">qui<\/a><\/strong>.<\/p>\n<p>Se non rispettiamo correttamente questi diritti in qualit\u00e0 di responsabili, ti informiamo che puoi presentare un reclamo all&#8217;autorit\u00e0 di controllo in materia di protezione dei dati presso Agencia Espa\u00f1ola de Protecci\u00f3n de Datos (AEPD), C\/Jorge Juan, 6, 28001 Madrid o all&#8217;indirizzo email internacional@aepd.es.<\/p>\n<h2 id=\"riservatezza-e-misure-di-sicurezza\">Riservatezza e misure di sicurezza<\/h2>\n<p>BRONPI CALEFACCI\u00d3N SL, in qualit\u00e0 di responsabile del trattamento, ci impegniamo a rispettare la riservatezza dei dati personali degli utenti e a utilizzarli per le finalit\u00e0 per cui sono stati raccolti.<\/p>\n<p>Abbiamo adottato tutte le misure di sicurezza tecniche e organizzative adeguate alla natura dei dati trattati e richieste dalla normativa sulla protezione dei dati.<\/p>\n<h3 id=\"modifiche-alla-politica-sulla-privacy-e-sui-cookie\">Modifiche alla Politica sulla Privacy<\/h3>\n<p>Questa Politica sulla Privacy \u00e8 stata aggiornata per l&#8217;ultima volta il 09\/10\/2025, BRONPI CALEFACCI\u00d3N SL si riserva il diritto di aggiornare e modificare alcuni aspetti della stessa per adattarla alle novit\u00e0 legislative e giurisprudenziali, ti consigliamo quindi di rivederla periodicamente.<\/p>\n<\/div><\/div>\n            <\/section>\n","protected":false},"excerpt":{"rendered":"","protected":false},"author":1,"featured_media":0,"parent":0,"menu_order":0,"comment_status":"closed","ping_status":"closed","template":"","meta":{"footnotes":""},"class_list":["post-1602","page","type-page","status-publish","hentry"],"_links":{"self":[{"href":"https:\/\/bronpi.com\/it\/wp-json\/wp\/v2\/pages\/1602","targetHints":{"allow":["GET"]}}],"collection":[{"href":"https:\/\/bronpi.com\/it\/wp-json\/wp\/v2\/pages"}],"about":[{"href":"https:\/\/bronpi.com\/it\/wp-json\/wp\/v2\/types\/page"}],"author":[{"embeddable":true,"href":"https:\/\/bronpi.com\/it\/wp-json\/wp\/v2\/users\/1"}],"replies":[{"embeddable":true,"href":"https:\/\/bronpi.com\/it\/wp-json\/wp\/v2\/comments?post=1602"}],"version-history":[{"count":9,"href":"https:\/\/bronpi.com\/it\/wp-json\/wp\/v2\/pages\/1602\/revisions"}],"predecessor-version":[{"id":11849,"href":"https:\/\/bronpi.com\/it\/wp-json\/wp\/v2\/pages\/1602\/revisions\/11849"}],"wp:attachment":[{"href":"https:\/\/bronpi.com\/it\/wp-json\/wp\/v2\/media?parent=1602"}],"curies":[{"name":"wp","href":"https:\/\/api.w.org\/{rel}","templated":true}]}}