{"id":10298,"date":"2025-10-10T11:54:44","date_gmt":"2025-10-10T09:54:44","guid":{"rendered":"https:\/\/bronpi.com\/gestion-de-calidad\/"},"modified":"2025-10-31T09:11:26","modified_gmt":"2025-10-31T08:11:26","slug":"gestao-da-qualidade","status":"publish","type":"page","link":"https:\/\/bronpi.com\/pt-pt\/gestao-da-qualidade\/","title":{"rendered":"Gest\u00e3o da Qualidade"},"content":{"rendered":"<section class=\"block-media-text-standar\">\n    <div class=\"container-xl\">\n\n                    <div class=\"wrap-text \">\n                \n                                    <div class=\"content-accordion loaded closed\">\n                                                    <div class=\"title\"><p><strong>Vis\u00e3o<\/strong><\/p><\/div>\n                        \n                                                    <div class=\"seo-content show description-text\"><p>A vis\u00e3o da BRONPI \u00e9 ser a empresa l\u00edder nacional no design, fabrico e comercializa\u00e7\u00e3o de equipamentos e acess\u00f3rios para aquecimento a lenha e pellets. Isto \u00e9 conseguido atrav\u00e9s da melhoria cont\u00ednua dos seus produtos para maximizar a efici\u00eancia com emiss\u00f5es m\u00ednimas e pelo desenvolvimento de uma cultura \u00e9tica que promove um modelo de gest\u00e3o respons\u00e1vel para o ambiente, atrav\u00e9s da utiliza\u00e7\u00e3o de mat\u00e9rias-primas totalmente sustent\u00e1veis \u200b\u200be ecol\u00f3gicas. Al\u00e9m disso, fomenta um sentimento de orgulho e perten\u00e7a entre os seus colaboradores.<\/p><\/div>\n                                                                    <\/div>\n                            <\/div>\n                <div class=\"image-and-text \">\n                            <div class=\"background-image\">\n                    <figure class=\"  bg-img\">\n        <img loading=\"lazy\" decoding=\"async\" width=\"690\" height=\"357\" src=\"https:\/\/bronpi.com\/wp-content\/uploads\/2025\/10\/Sin-titulo-2.png\" class=\"bg-img\" alt=\"\" srcset=\"https:\/\/bronpi.com\/wp-content\/uploads\/2025\/10\/Sin-titulo-2.png 690w, https:\/\/bronpi.com\/wp-content\/uploads\/2025\/10\/Sin-titulo-2-300x155.png 300w, https:\/\/bronpi.com\/wp-content\/uploads\/2025\/10\/Sin-titulo-2-600x310.png 600w\" sizes=\"auto, (max-width: 690px) 100vw, 690px\" \/>\n    <\/figure>\n                <\/div>\n                    <\/div>\n    <\/div>\n<\/section>\n\n<section class=\"block-media-text-detail seo-accordion\">\n    <div class=\"container-xl\">\n\n                    <div class=\"wrap-text left\">\n                                    <div class=\"detail-text\">\n                        <div class=\"caption\">ESTRAT\u00c9GIA<\/div>\n                        <svg xmlns=\"http:\/\/www.w3.org\/2000\/svg\" width=\"583\" height=\"141\" fill=\"none\"><path stroke=\"#000\" stroke-width=\".5\" d=\"m8.5 132 119-131H583\"\/><circle cx=\"5\" cy=\"135.5\" r=\"4.75\" stroke=\"#000\" stroke-width=\".5\"\/><\/svg>\n                    <\/div>\n                \n                                    <div class=\"content-accordion loaded closed\">\n                                                    <div class=\"title\"><p><strong>Para concretizar esta vis\u00e3o, a BRONPI CALEFACCI\u00d3N S.L. assenta na seguinte estrat\u00e9gia:<\/strong><\/p><\/div>\n                        \n                                                    <div class=\"seo-content show description-text\"><ul>\n<li>Excel\u00eancia na efici\u00eancia energ\u00e9tica dos produtos fabricados.<\/li>\n<li>Excel\u00eancia no design est\u00e9tico dos produtos fabricados.<\/li>\n<li>Excel\u00eancia na fiabilidade dos produtos fabricados.<\/li>\n<li>Efici\u00eancia na gest\u00e3o dos recursos, com respeito pelo ambiente.<\/li>\n<li>A procura de melhorias disruptivas nos produtos fabricados.<\/li>\n<li>A integra\u00e7\u00e3o de uma cultura de inova\u00e7\u00e3o e de melhoria cont\u00ednua a todos os n\u00edveis da organiza\u00e7\u00e3o.<\/li>\n<li>Abertura a novos mercados.<\/li>\n<li>Oferecer uma resposta r\u00e1pida \u00e0s altera\u00e7\u00f5es das necessidades do mercado.<\/li>\n<li>Fornecer sempre produtos e servi\u00e7os inovadores e de elevada qualidade.<\/li>\n<li>Manter uma rela\u00e7\u00e3o ideal entre a qualidade e o pre\u00e7o dos produtos.<\/li>\n<li>Manter e aumentar o investimento em investiga\u00e7\u00e3o, desenvolvimento e inova\u00e7\u00e3o como pilar da empresa.<\/li>\n<li>Fornecer e melhorar os servi\u00e7os de apoio relacionados com a promo\u00e7\u00e3o da I&amp;D&amp;I no setor empresarial.<\/li>\n<li>Promover uma pol\u00edtica de prote\u00e7\u00e3o e aproveitamento dos resultados obtidos nos seus processos de gest\u00e3o de I&amp;D&amp;I.<\/li>\n<li>Manter um elevado n\u00edvel de inova\u00e7\u00e3o no desenvolvimento e fornecimento dos seus servi\u00e7os e produtos, dentro de um sistema de melhoria cont\u00ednua.<\/li>\n<li>Refor\u00e7ar as suas bases cient\u00edficas e tecnol\u00f3gicas com o objectivo principal de contribuir para o quadro europeu de inova\u00e7\u00e3o.<\/li>\n<li>Manter um stock competitivo.<\/li>\n<li>Minimizar o consumo de energia e de recursos naturais para contribuir para o combate \u00e0s altera\u00e7\u00f5es clim\u00e1ticas.<\/li>\n<\/ul><\/div>\n                                                                    <\/div>\n                            <\/div>\n                <div class=\"image-and-text-highlighted left\">\n                            <div class=\"background-image\">\n                    <figure class=\" left bg-img\">\n        <img loading=\"lazy\" decoding=\"async\" width=\"588\" height=\"558\" src=\"https:\/\/bronpi.com\/wp-content\/uploads\/2025\/09\/FOTO-BLOQUE-FABRICANTES-DE-ESTUFAS.png\" class=\"bg-img\" alt=\"\" srcset=\"https:\/\/bronpi.com\/wp-content\/uploads\/2025\/09\/FOTO-BLOQUE-FABRICANTES-DE-ESTUFAS.png 588w, https:\/\/bronpi.com\/wp-content\/uploads\/2025\/09\/FOTO-BLOQUE-FABRICANTES-DE-ESTUFAS-300x285.png 300w\" sizes=\"auto, (max-width: 588px) 100vw, 588px\" \/>\n    <\/figure>\n                <\/div>\n                    <\/div>\n    <\/div>\n<\/section>\n\n\n<section class=\"block-media-text-standar\">\n    <div class=\"container-xl\">\n\n                    <div class=\"wrap-text \">\n                \n                                    <div class=\"content-accordion loaded closed\">\n                                                    <div class=\"title\"><p><strong>Pol\u00edtica de Gest\u00e3o<\/strong><\/p><\/div>\n                        \n                                                    <div class=\"seo-content show description-text\"><p>Na BRONPI CALEFACCI\u00d3N S.L., concebemos, fabricamos e distribu\u00edmos salamandras e acess\u00f3rios, a lenha, pellets e outras biomassas, para uso residencial e comercial.<\/p>\n<p>Al\u00e9m disso, a BRONPI CALEFACCI\u00d3N S.L. dedica parte dos seus recursos \u00e0 INVESTIGA\u00c7\u00c3O, DESENVOLVIMENTO E INOVA\u00c7\u00c3O com o objetivo de melhorar continuamente os seus produtos.<\/p>\n<p>O nosso objetivo \u00e9 comercializar produtos que v\u00e3o ao encontro das necessidades e expectativas dos nossos clientes. Para tal, estamos empenhados em estabelecer um Sistema Integrado de Gest\u00e3o da Qualidade e de I&amp;D&amp;I em conformidade com as normas internacionais ISO 9001 e ISO 166002, e em melhorar continuamente a sua efic\u00e1cia.<\/p>\n<p>Esta pol\u00edtica de gest\u00e3o foi desenvolvida para servir de estrutura para o estabelecimento e revis\u00e3o dos objetivos que a organiza\u00e7\u00e3o define periodicamente. Para alcan\u00e7ar o objetivo primordial de satisfa\u00e7\u00e3o do cliente e das partes interessadas, a BRONPI compromete-se tamb\u00e9m a cumprir todos os requisitos aplic\u00e1veis, impl\u00edcitos e expl\u00edcitos, bem como quaisquer requisitos legais e regulamentares. A dire\u00e7\u00e3o da BRONPI assume a lideran\u00e7a na implementa\u00e7\u00e3o desta pol\u00edtica, em conson\u00e2ncia com a <strong>VIS\u00c3O<\/strong> e a <strong>ESTRAT\u00c9GIA<\/strong> da organiza\u00e7\u00e3o.<\/p>\n<p>A gest\u00e3o entende a gest\u00e3o da qualidade e a gest\u00e3o da I&amp;D&amp;I como fatores essenciais para o sucesso da empresa, dando prioridade \u00e0 preven\u00e7\u00e3o em detrimento da a\u00e7\u00e3o corretiva.<\/p>\n<p>A colabora\u00e7\u00e3o de todos os colaboradores da empresa \u00e9 essencial para o cumprimento desta pol\u00edtica. Est\u00e3o obrigados a cumprir as disposi\u00e7\u00f5es do Sistema de Gest\u00e3o da Qualidade e de I&amp;D&amp;I e devem adotar uma mentalidade orientada para a melhoria cont\u00ednua, permitindo \u00e0 BRONPI CALEFACCI\u00d3N S.L. atingir os mais elevados padr\u00f5es de qualidade, investiga\u00e7\u00e3o, desenvolvimento e inova\u00e7\u00e3o do mercado.<\/p><\/div>\n                                                                    <\/div>\n                            <\/div>\n                <div class=\"image-and-text \">\n                            <div class=\"background-image\">\n                    <figure class=\"  bg-img\">\n        <img loading=\"lazy\" decoding=\"async\" width=\"690\" height=\"357\" src=\"https:\/\/bronpi.com\/wp-content\/uploads\/2025\/10\/manos-22.png\" class=\"bg-img\" alt=\"\" srcset=\"https:\/\/bronpi.com\/wp-content\/uploads\/2025\/10\/manos-22.png 690w, https:\/\/bronpi.com\/wp-content\/uploads\/2025\/10\/manos-22-300x155.png 300w, https:\/\/bronpi.com\/wp-content\/uploads\/2025\/10\/manos-22-600x310.png 600w\" sizes=\"auto, (max-width: 690px) 100vw, 690px\" \/>\n    <\/figure>\n                <\/div>\n                    <\/div>\n    <\/div>\n<\/section>\n\n\n<div class=\"wp-block-columns container-xl is-layout-flex wp-container-core-columns-is-layout-9d6595d7 wp-block-columns-is-layout-flex\">\n<div class=\"wp-block-column is-layout-flow wp-block-column-is-layout-flow\" style=\"flex-basis:20%\">\n<figure class=\"wp-block-gallery has-nested-images columns-default is-cropped wp-block-gallery-1 is-layout-flex wp-block-gallery-is-layout-flex\">\n<figure class=\"wp-block-image size-large\"><img decoding=\"async\" data-id=\"9677\" src=\"https:\/\/bronpi.com\/wp-content\/uploads\/2025\/09\/ISO-9001_Color-1024x1024.png\" alt=\"\" class=\"wp-image-9677\" \/><\/figure>\n\n\n\n<figure class=\"wp-block-image size-large\"><img loading=\"lazy\" decoding=\"async\" width=\"842\" height=\"1024\" data-id=\"9682\" src=\"https:\/\/bronpi.com\/wp-content\/uploads\/2025\/09\/UNE-166002-842x1024.png\" alt=\"\" class=\"wp-image-9682\" srcset=\"https:\/\/bronpi.com\/wp-content\/uploads\/2025\/09\/UNE-166002-842x1024.png 842w, https:\/\/bronpi.com\/wp-content\/uploads\/2025\/09\/UNE-166002-247x300.png 247w, https:\/\/bronpi.com\/wp-content\/uploads\/2025\/09\/UNE-166002-768x934.png 768w, https:\/\/bronpi.com\/wp-content\/uploads\/2025\/09\/UNE-166002-300x365.png 300w, https:\/\/bronpi.com\/wp-content\/uploads\/2025\/09\/UNE-166002-600x730.png 600w, https:\/\/bronpi.com\/wp-content\/uploads\/2025\/09\/UNE-166002.png 895w\" sizes=\"auto, (max-width: 842px) 100vw, 842px\" \/><\/figure>\n<\/figure>\n<\/div>\n\n\n\n<div class=\"wp-block-column is-layout-flow wp-block-column-is-layout-flow\" style=\"flex-basis:76.3%\">\n<p>Descarregue os certificados Bronpi:<\/p>\n<p><a href=\"http:\/\/chrome-extension:\/\/efaidnbmnnnibpcajpcglclefindmkaj\/https:\/\/bronpi.com\/wp-content\/uploads\/2025\/10\/10064-Bronpi-9001-2015-2025-05.pdf\" data-wplink-url-error=\"true\">Certificado de conformidade com a norma UNE-EN ISO 9001:2015<\/a><\/p>\n<p><a href=\"http:\/\/chrome-extension:\/\/efaidnbmnnnibpcajpcglclefindmkaj\/https:\/\/bronpi.com\/wp-content\/uploads\/2025\/09\/10064-Bronpi-166002-2021-2025-06.pdf\" data-wplink-url-error=\"true\">Certificado de conformidade com a norma UNE 166002:2021<\/a><\/p>\n<p>\u00a0<\/p>\n<\/div>\n<\/div>\n\n\n\n<div style=\"height:100px\" aria-hidden=\"true\" class=\"wp-block-spacer\"><\/div>\n\n\n\n<p><\/p>\n","protected":false},"excerpt":{"rendered":"<p>Descarregue os certificados Bronpi: Certificado de conformidade com a norma UNE-EN ISO 9001:2015 Certificado de conformidade com a norma UNE 166002:2021 \u00a0<\/p>\n","protected":false},"author":2,"featured_media":9600,"parent":0,"menu_order":0,"comment_status":"closed","ping_status":"closed","template":"","meta":{"footnotes":""},"class_list":["post-10298","page","type-page","status-publish","has-post-thumbnail","hentry"],"_links":{"self":[{"href":"https:\/\/bronpi.com\/pt-pt\/wp-json\/wp\/v2\/pages\/10298","targetHints":{"allow":["GET"]}}],"collection":[{"href":"https:\/\/bronpi.com\/pt-pt\/wp-json\/wp\/v2\/pages"}],"about":[{"href":"https:\/\/bronpi.com\/pt-pt\/wp-json\/wp\/v2\/types\/page"}],"author":[{"embeddable":true,"href":"https:\/\/bronpi.com\/pt-pt\/wp-json\/wp\/v2\/users\/2"}],"replies":[{"embeddable":true,"href":"https:\/\/bronpi.com\/pt-pt\/wp-json\/wp\/v2\/comments?post=10298"}],"version-history":[{"count":12,"href":"https:\/\/bronpi.com\/pt-pt\/wp-json\/wp\/v2\/pages\/10298\/revisions"}],"predecessor-version":[{"id":11483,"href":"https:\/\/bronpi.com\/pt-pt\/wp-json\/wp\/v2\/pages\/10298\/revisions\/11483"}],"wp:featuredmedia":[{"embeddable":true,"href":"https:\/\/bronpi.com\/pt-pt\/wp-json\/wp\/v2\/media\/9600"}],"wp:attachment":[{"href":"https:\/\/bronpi.com\/pt-pt\/wp-json\/wp\/v2\/media?parent=10298"}],"curies":[{"name":"wp","href":"https:\/\/api.w.org\/{rel}","templated":true}]}}