{"id":1551,"date":"2025-01-15T13:34:47","date_gmt":"2025-01-15T12:34:47","guid":{"rendered":"https:\/\/bronpi.com\/te-ayudamos-a-elegir\/"},"modified":"2025-11-19T13:30:35","modified_gmt":"2025-11-19T12:30:35","slug":"ajudamos-a-escolher","status":"publish","type":"page","link":"https:\/\/bronpi.com\/pt-pt\/ajudamos-a-escolher\/","title":{"rendered":"Ajudamos a escolher"},"content":{"rendered":"<section class=\" container-xl block-simple-text \">\n                    <div class=\"title\"><h2>Encontre o seu fog\u00e3o ou lareira ideal, respondendo a estas perguntas<\/h2><\/div>\n                            <div class=\"description\"><p><strong>Deixe-nos ajud\u00e1-lo a encontrar o produto ideal para si, respondendo a apenas 3 perguntas.<\/strong><\/p><\/div>\n            <\/section>\n\n\n<section class=\"container-xl block-recomendator\">\n    <div class=\"wrap-form\">\n        <form name=\"recomendatorForm\">\n                            <div id=\"question1\">\n                    <div class=\"title_question\"><p>Que tipo de material pretende utilizar para o seu fog\u00e3o ou lareira?<\/p><\/div>\n                    <div id=\"wrap_question_one\">\n                        \n                                                            <div class=\"car-option question\">\n                                    <figure class=\" thumb opt-image\">\n        <img loading=\"lazy\" decoding=\"async\" width=\"2560\" height=\"1702\" src=\"https:\/\/bronpi.com\/wp-content\/uploads\/2025\/10\/pexels-lorenzo-pacifico-203320-629138-scaled.jpg\" class=\"opt-image\" alt=\"\" srcset=\"https:\/\/bronpi.com\/wp-content\/uploads\/2025\/10\/pexels-lorenzo-pacifico-203320-629138-scaled.jpg 2560w, https:\/\/bronpi.com\/wp-content\/uploads\/2025\/10\/pexels-lorenzo-pacifico-203320-629138-300x199.jpg 300w, https:\/\/bronpi.com\/wp-content\/uploads\/2025\/10\/pexels-lorenzo-pacifico-203320-629138-1024x681.jpg 1024w, https:\/\/bronpi.com\/wp-content\/uploads\/2025\/10\/pexels-lorenzo-pacifico-203320-629138-768x511.jpg 768w, https:\/\/bronpi.com\/wp-content\/uploads\/2025\/10\/pexels-lorenzo-pacifico-203320-629138-1536x1021.jpg 1536w, https:\/\/bronpi.com\/wp-content\/uploads\/2025\/10\/pexels-lorenzo-pacifico-203320-629138-2048x1362.jpg 2048w, https:\/\/bronpi.com\/wp-content\/uploads\/2025\/10\/pexels-lorenzo-pacifico-203320-629138-600x399.jpg 600w\" sizes=\"auto, (max-width: 2560px) 100vw, 2560px\" \/>\n    <\/figure>\n                                    <div class=\"info_opt\">\n                                        <div class=\"caption\">\n                                                                                            Le\u00f1a\n                                                                                    <\/div>\n                                        <div class=\"texto1\">\n                                                                                            <svg width=\"22\" height=\"24\" viewBox=\"0 0 22 24\" fill=\"none\" xmlns=\"http:\/\/www.w3.org\/2000\/svg\">\n<g id=\"Group 102\">\n<path id=\"Vector\" d=\"M20.2765 11.613C20.1239 11.6137 19.9727 11.584 19.8318 11.5255C19.6909 11.467 19.563 11.3809 19.4558 11.2724L10.9861 2.80266L2.51645 11.2724C2.29631 11.4775 2.00514 11.5892 1.70428 11.5839C1.40343 11.5785 1.11638 11.4567 0.903611 11.2439C0.690842 11.0311 0.568966 10.7441 0.563657 10.4432C0.558349 10.1424 0.670024 9.8512 0.875154 9.63106L10.1655 0.340722C10.3832 0.12325 10.6784 0.00109863 10.9861 0.00109863C11.2939 0.00109863 11.589 0.12325 11.8068 0.340722L21.0971 9.63106C21.3146 9.84881 21.4367 10.144 21.4367 10.4517C21.4367 10.7595 21.3146 11.0546 21.0971 11.2724C20.9899 11.3809 20.8621 11.467 20.7212 11.5255C20.5802 11.584 20.4291 11.6137 20.2765 11.613Z\" fill=\"#22D92C\"\/>\n<path id=\"Vector_2\" d=\"M10.9855 24C10.6788 23.996 10.3857 23.8724 10.1688 23.6555C9.95187 23.4385 9.82823 23.1455 9.82422 22.8387V1.16129C9.82422 0.853298 9.94657 0.557919 10.1644 0.340134C10.3821 0.12235 10.6775 0 10.9855 0C11.2935 0 11.5889 0.12235 11.8067 0.340134C12.0245 0.557919 12.1468 0.853298 12.1468 1.16129V22.8387C12.1428 23.1455 12.0192 23.4385 11.8022 23.6555C11.5853 23.8724 11.2923 23.996 10.9855 24Z\" fill=\"#22D92C\"\/>\n<\/g>\n<\/svg>\n\n                                                <span>Tradicional Alto poder calor\u00edfico F\u00e1cil de usar<\/span>\n                                                                                    <\/div>\n                                        <div class=\"texto2\">\n                                                                                    <\/div>\n                                        <div class=\"field\">\n                                                                                            <input id=\"rad_36\" class=\"selCategory\" type=\"radio\"\n                                                    value=\"36\" name=\"category\"\n                                                    data-result='wrap_question_two' data-wrap='question2'\n                                                    data-parameters='parameters' data-caption='Le\u00f1a' \/>\n                                                <label\n                                                    for=\"rad_36\">Escolher Le\u00f1a<\/label>\n                                                                                    <\/div>\n                                    <\/div>\n                                <\/div>\n                                                            <div class=\"car-option question\">\n                                    <figure class=\" thumb opt-image\">\n        <img loading=\"lazy\" decoding=\"async\" width=\"487\" height=\"336\" src=\"https:\/\/bronpi.com\/wp-content\/uploads\/2025\/10\/1985-278-x-192-px.png\" class=\"opt-image\" alt=\"\" srcset=\"https:\/\/bronpi.com\/wp-content\/uploads\/2025\/10\/1985-278-x-192-px.png 487w, https:\/\/bronpi.com\/wp-content\/uploads\/2025\/10\/1985-278-x-192-px-300x207.png 300w\" sizes=\"auto, (max-width: 487px) 100vw, 487px\" \/>\n    <\/figure>\n                                    <div class=\"info_opt\">\n                                        <div class=\"caption\">\n                                                                                            Pellet\n                                                                                    <\/div>\n                                        <div class=\"texto1\">\n                                                                                            <svg width=\"22\" height=\"24\" viewBox=\"0 0 22 24\" fill=\"none\" xmlns=\"http:\/\/www.w3.org\/2000\/svg\">\n<g id=\"Group 102\">\n<path id=\"Vector\" d=\"M20.2765 11.613C20.1239 11.6137 19.9727 11.584 19.8318 11.5255C19.6909 11.467 19.563 11.3809 19.4558 11.2724L10.9861 2.80266L2.51645 11.2724C2.29631 11.4775 2.00514 11.5892 1.70428 11.5839C1.40343 11.5785 1.11638 11.4567 0.903611 11.2439C0.690842 11.0311 0.568966 10.7441 0.563657 10.4432C0.558349 10.1424 0.670024 9.8512 0.875154 9.63106L10.1655 0.340722C10.3832 0.12325 10.6784 0.00109863 10.9861 0.00109863C11.2939 0.00109863 11.589 0.12325 11.8068 0.340722L21.0971 9.63106C21.3146 9.84881 21.4367 10.144 21.4367 10.4517C21.4367 10.7595 21.3146 11.0546 21.0971 11.2724C20.9899 11.3809 20.8621 11.467 20.7212 11.5255C20.5802 11.584 20.4291 11.6137 20.2765 11.613Z\" fill=\"#22D92C\"\/>\n<path id=\"Vector_2\" d=\"M10.9855 24C10.6788 23.996 10.3857 23.8724 10.1688 23.6555C9.95187 23.4385 9.82823 23.1455 9.82422 22.8387V1.16129C9.82422 0.853298 9.94657 0.557919 10.1644 0.340134C10.3821 0.12235 10.6775 0 10.9855 0C11.2935 0 11.5889 0.12235 11.8067 0.340134C12.0245 0.557919 12.1468 0.853298 12.1468 1.16129V22.8387C12.1428 23.1455 12.0192 23.4385 11.8022 23.6555C11.5853 23.8724 11.2923 23.996 10.9855 24Z\" fill=\"#22D92C\"\/>\n<\/g>\n<\/svg>\n\n                                                <span>Vers\u00e1til Programable Control a distancia<\/span>\n                                                                                    <\/div>\n                                        <div class=\"texto2\">\n                                                                                    <\/div>\n                                        <div class=\"field\">\n                                                                                            <input id=\"rad_42\" class=\"selCategory\" type=\"radio\"\n                                                    value=\"42\" name=\"category\"\n                                                    data-result='wrap_question_two' data-wrap='question2'\n                                                    data-parameters='parameters' data-caption='Pellet' \/>\n                                                <label\n                                                    for=\"rad_42\">Escolher Pellet<\/label>\n                                                                                    <\/div>\n                                    <\/div>\n                                <\/div>\n                                                            <div class=\"car-option question\">\n                                    <figure class=\" thumb opt-image\">\n        <img loading=\"lazy\" decoding=\"async\" width=\"278\" height=\"192\" src=\"https:\/\/bronpi.com\/wp-content\/uploads\/2025\/10\/1985-278-x-192-px-1.png\" class=\"opt-image\" alt=\"\" \/>\n    <\/figure>\n                                    <div class=\"info_opt\">\n                                        <div class=\"caption\">\n                                                                                            Hybrid\n                                                                                    <\/div>\n                                        <div class=\"texto1\">\n                                                                                            <svg width=\"22\" height=\"24\" viewBox=\"0 0 22 24\" fill=\"none\" xmlns=\"http:\/\/www.w3.org\/2000\/svg\">\n<g id=\"Group 102\">\n<path id=\"Vector\" d=\"M20.2765 11.613C20.1239 11.6137 19.9727 11.584 19.8318 11.5255C19.6909 11.467 19.563 11.3809 19.4558 11.2724L10.9861 2.80266L2.51645 11.2724C2.29631 11.4775 2.00514 11.5892 1.70428 11.5839C1.40343 11.5785 1.11638 11.4567 0.903611 11.2439C0.690842 11.0311 0.568966 10.7441 0.563657 10.4432C0.558349 10.1424 0.670024 9.8512 0.875154 9.63106L10.1655 0.340722C10.3832 0.12325 10.6784 0.00109863 10.9861 0.00109863C11.2939 0.00109863 11.589 0.12325 11.8068 0.340722L21.0971 9.63106C21.3146 9.84881 21.4367 10.144 21.4367 10.4517C21.4367 10.7595 21.3146 11.0546 21.0971 11.2724C20.9899 11.3809 20.8621 11.467 20.7212 11.5255C20.5802 11.584 20.4291 11.6137 20.2765 11.613Z\" fill=\"#22D92C\"\/>\n<path id=\"Vector_2\" d=\"M10.9855 24C10.6788 23.996 10.3857 23.8724 10.1688 23.6555C9.95187 23.4385 9.82823 23.1455 9.82422 22.8387V1.16129C9.82422 0.853298 9.94657 0.557919 10.1644 0.340134C10.3821 0.12235 10.6775 0 10.9855 0C11.2935 0 11.5889 0.12235 11.8067 0.340134C12.0245 0.557919 12.1468 0.853298 12.1468 1.16129V22.8387C12.1428 23.1455 12.0192 23.4385 11.8022 23.6555C11.5853 23.8724 11.2923 23.996 10.9855 24Z\" fill=\"#22D92C\"\/>\n<\/g>\n<\/svg>\n\n                                                <span>Autonom\u00eda Flexibilidad Alto rendimiento<\/span>\n                                                                                    <\/div>\n                                        <div class=\"texto2\">\n                                                                                    <\/div>\n                                        <div class=\"field\">\n                                                                                        <input id=\"rad_45\" class=\"selCategory\" type=\"radio\"\n                                                    value=\"45\" name=\"category\"\n                                                    data-result='wrap_question_two' data-wrap='question3'\n                                                    data-parameters='parameters' data-caption='Hybrid' \/>\n                                                <label\n                                                    for=\"rad_45\">Escolher Hybrid<\/label>\n                                                                                    <\/div>\n                                    <\/div>\n                                <\/div>\n                                                                        <\/div>\n                <\/div>\n\n                                    <div id=\"question2\" class=\"d-none\">\n                        <div class=\"title_question\"><p>Procura algum tipo de produto em particular?<\/p><\/div>\n                        <div class=\"error d-none\">\n                            <div class=\"container-xl woocommerce-no-products-found\">\n\t\n\t<div class=\"woocommerce-info\" role=\"status\">\n\t\tN\u00e3o foram encontrados produtos correspondentes \u00e0 sua pesquisa.\t<\/div>\n<\/div>\n                            <a href=\"\" onclick=\"location.reload(); return false;\" class=\"bttn bttn-primary\">Nova Pesquisa<\/a>\n                        <\/div>\n                        <div id=\"wrap_question_two\">\n                        <\/div>\n                    <\/div>\n                \n                                    <div id=\"question3\" class=\"d-none\">\n\n                        <div class=\"title_question\"><p>Que sistema de aquecimento gostaria de utilizar?<\/p><\/div>\n                        <div id=\"wrap_question_three\">\n                            \n                                                                    <div class=\"car-option question\">\n                                                                                    <figure class=\" thumb opt-image\">\n        <img loading=\"lazy\" decoding=\"async\" width=\"1900\" height=\"896\" src=\"https:\/\/bronpi.com\/wp-content\/uploads\/2025\/09\/SERIE-AIRE.png\" class=\"opt-image\" alt=\"\" srcset=\"https:\/\/bronpi.com\/wp-content\/uploads\/2025\/09\/SERIE-AIRE.png 1900w, https:\/\/bronpi.com\/wp-content\/uploads\/2025\/09\/SERIE-AIRE-300x141.png 300w, https:\/\/bronpi.com\/wp-content\/uploads\/2025\/09\/SERIE-AIRE-1024x483.png 1024w, https:\/\/bronpi.com\/wp-content\/uploads\/2025\/09\/SERIE-AIRE-768x362.png 768w, https:\/\/bronpi.com\/wp-content\/uploads\/2025\/09\/SERIE-AIRE-1536x724.png 1536w, https:\/\/bronpi.com\/wp-content\/uploads\/2025\/09\/SERIE-AIRE-600x283.png 600w\" sizes=\"auto, (max-width: 1900px) 100vw, 1900px\" \/>\n    <\/figure>\n                                            <div class=\"info_opt\">\n                                                <div class=\"caption\">\n                                                    Ar\n                                                <\/div>\n\n                                                <div class=\"description\">\n                                                    <p>Quero aquecer uma ou v\u00e1rias divis\u00f5es, mas n\u00e3o quero instalar um sistema de tubagem para canalizar o ar para outras divis\u00f5es.<\/p>\n                                                <\/div>\n\n                                                <div class=\"field\">\n                                                                                                            \n                                                        <input id=\"rad_product_aire\" class=\"selProduct\" type=\"radio\"\n                                                            value=\"244\" name=\"product\"\n                                                            data-caption='aire' data-wrap='responseForm'\n                                                            data-result='wrap_response_form'\n                                                            data-caption= 'Aire' \/>\n                                                        <label for=\"rad_product_aire\">Escolher Aire<\/label>\n                                                    \n                                                <\/div>\n                                            <\/div>\n                                        \n                                        \n                                                                            <\/div>\n                                                                    <div class=\"car-option question\">\n                                        \n                                                                                    <figure class=\" thumb opt-image\">\n        <img loading=\"lazy\" decoding=\"async\" width=\"1900\" height=\"896\" src=\"https:\/\/bronpi.com\/wp-content\/uploads\/2025\/09\/GESTION-DE-CALIDAD-ISO.png\" class=\"opt-image\" alt=\"\" srcset=\"https:\/\/bronpi.com\/wp-content\/uploads\/2025\/09\/GESTION-DE-CALIDAD-ISO.png 1900w, https:\/\/bronpi.com\/wp-content\/uploads\/2025\/09\/GESTION-DE-CALIDAD-ISO-300x141.png 300w, https:\/\/bronpi.com\/wp-content\/uploads\/2025\/09\/GESTION-DE-CALIDAD-ISO-1024x483.png 1024w, https:\/\/bronpi.com\/wp-content\/uploads\/2025\/09\/GESTION-DE-CALIDAD-ISO-768x362.png 768w, https:\/\/bronpi.com\/wp-content\/uploads\/2025\/09\/GESTION-DE-CALIDAD-ISO-1536x724.png 1536w, https:\/\/bronpi.com\/wp-content\/uploads\/2025\/09\/GESTION-DE-CALIDAD-ISO-600x283.png 600w\" sizes=\"auto, (max-width: 1900px) 100vw, 1900px\" \/>\n    <\/figure>\n                                            <div class=\"info_opt\">\n                                                <div class=\"caption\">\n                                                    Canaliz\u00e1vel\n                                                <\/div>\n\n                                                <div class=\"description\">\n                                                    <p>Quero aquecer a divis\u00e3o onde a lareira ser\u00e1 instalada e tamb\u00e9m canalizar o ar para outras divis\u00f5es atrav\u00e9s de tubos.<\/p>\n                                                <\/div>\n\n                                                <div class=\"field\">\n                                                                                                                                                                    <input id=\"rad_product_canalizable\" class=\"selProduct\"\n                                                            type=\"radio\"\n                                                            value=\"245\"\n                                                            name=\"product\" data-caption='canalizable'\n                                                            data-wrap='responseForm' data-result='wrap_response_form'\n                                                            data-caption='Calefactable' \/>\n                                                        <label for=\"rad_product_aire\">Escolher Calefactable<\/label>\n                                                                                                    <\/div>\n                                            <\/div>\n                                        \n                                                                            <\/div>\n                                                                    <div class=\"car-option question\">\n                                        \n                                        \n                                                                                    <figure class=\" thumb opt-image\">\n        <img loading=\"lazy\" decoding=\"async\" width=\"1900\" height=\"896\" src=\"https:\/\/bronpi.com\/wp-content\/uploads\/2025\/09\/Calderas.png\" class=\"opt-image\" alt=\"\" srcset=\"https:\/\/bronpi.com\/wp-content\/uploads\/2025\/09\/Calderas.png 1900w, https:\/\/bronpi.com\/wp-content\/uploads\/2025\/09\/Calderas-300x141.png 300w, https:\/\/bronpi.com\/wp-content\/uploads\/2025\/09\/Calderas-1024x483.png 1024w, https:\/\/bronpi.com\/wp-content\/uploads\/2025\/09\/Calderas-768x362.png 768w, https:\/\/bronpi.com\/wp-content\/uploads\/2025\/09\/Calderas-1536x724.png 1536w, https:\/\/bronpi.com\/wp-content\/uploads\/2025\/09\/Calderas-600x283.png 600w\" sizes=\"auto, (max-width: 1900px) 100vw, 1900px\" \/>\n    <\/figure>\n                                            <div class=\"info_opt\">\n                                                <div class=\"caption\">\n                                                    Hydro\n                                                <\/div>\n\n                                                <div class=\"description\">\n                                                    <p>Quero usar um sistema de piso radiante ou radiadores e\/ou ACS (\u00c1gua Quente Sanit\u00e1ria).<\/p>\n                                                <\/div>\n\n                                                <div class=\"field\">\n                                                                                                                                                                    <input id=\"rad_product_hydro\" class=\"selProduct\" type=\"radio\"\n                                                            value=\"246\" name=\"product\"\n                                                            data-caption='hydro' data-wrap='responseForm'\n                                                            data-result='wrap_response_form' \n                                                            data-caption='Hydro'\/>\n                                                        <label for=\"rad_product_aire\">Escolher Hydro<\/label>\n                                                                                                    <\/div>\n                                            <\/div>\n                                                                            <\/div>\n                                                                                    <\/div>\n                    <\/div>\n                            \n        <\/form>\n    <\/div>\n\n    <div id=\"responseForm\" class=\"d-none\">\n        <div class=\"title\">Resultados da pesquisa<\/div>\n        <div id=\"parameters\">\n                            <div id=\"param1\">\n                    <span class=\"parameter_name\">Material: <\/span>\n                <\/div>\n                                        <div id=\"param2\">\n                    <span class=\"parameter_name\">Tipo de produto: <\/span>\n                <\/div>\n                                        <div id=\"param3\">\n                    <span class=\"parameter_name\">Sistema de aquecimento: <\/span>\n                <\/div>\n                    <\/div>\n        <div id=\"wrap_response_form\">\n        <\/div>\n    <\/div>\n<\/section>\n\n\n<section class=\"block-banner-distributor fullwidth\" >\n                    <div class=\"media\">\n                <video autoplay loop muted playsinline>\n                    <source src=\"https:\/\/bronpi.com\/wp-content\/uploads\/2025\/03\/distribuidor-2-1.mp4\" type=\"video\/mp4\">\n                <\/video>\n            <\/div>\n                <div class=\"container-xl wrap-banner\">\n            <div class=\"wrap-text\">\n                                    <div class=\"title\">\n                        Encontre o distribuidor mais pr\u00f3ximo\n                    <\/div>\n                            <\/div>\n\n                                                                    \n                                            <a href=\"https:\/\/bronpi.com\/pt-pt\/distribuidor-mais-perto\/\"\n                            class=\"bttn bttn-secondary\">Encontrar<\/a>\n                                                        <\/div>\n    <\/section>\n","protected":false},"excerpt":{"rendered":"","protected":false},"author":1,"featured_media":948,"parent":0,"menu_order":0,"comment_status":"closed","ping_status":"closed","template":"template-recomendator.blade.php","meta":{"footnotes":""},"class_list":["post-1551","page","type-page","status-publish","has-post-thumbnail","hentry"],"_links":{"self":[{"href":"https:\/\/bronpi.com\/pt-pt\/wp-json\/wp\/v2\/pages\/1551","targetHints":{"allow":["GET"]}}],"collection":[{"href":"https:\/\/bronpi.com\/pt-pt\/wp-json\/wp\/v2\/pages"}],"about":[{"href":"https:\/\/bronpi.com\/pt-pt\/wp-json\/wp\/v2\/types\/page"}],"author":[{"embeddable":true,"href":"https:\/\/bronpi.com\/pt-pt\/wp-json\/wp\/v2\/users\/1"}],"replies":[{"embeddable":true,"href":"https:\/\/bronpi.com\/pt-pt\/wp-json\/wp\/v2\/comments?post=1551"}],"version-history":[{"count":10,"href":"https:\/\/bronpi.com\/pt-pt\/wp-json\/wp\/v2\/pages\/1551\/revisions"}],"predecessor-version":[{"id":11869,"href":"https:\/\/bronpi.com\/pt-pt\/wp-json\/wp\/v2\/pages\/1551\/revisions\/11869"}],"wp:featuredmedia":[{"embeddable":true,"href":"https:\/\/bronpi.com\/pt-pt\/wp-json\/wp\/v2\/media\/948"}],"wp:attachment":[{"href":"https:\/\/bronpi.com\/pt-pt\/wp-json\/wp\/v2\/media?parent=1551"}],"curies":[{"name":"wp","href":"https:\/\/api.w.org\/{rel}","templated":true}]}}