{"id":1555,"date":"2025-01-15T13:20:06","date_gmt":"2025-01-15T12:20:06","guid":{"rendered":"https:\/\/bronpi.com\/bronpi\/"},"modified":"2025-10-29T13:38:53","modified_gmt":"2025-10-29T12:38:53","slug":"somos-bronpi","status":"publish","type":"page","link":"https:\/\/bronpi.com\/pt-pt\/somos-bronpi\/","title":{"rendered":"Bronpi"},"content":{"rendered":"<section class=\"block-media-text-standar\">\n    <div class=\"container-xl\">\n\n                    <div class=\"wrap-text right\">\n                \n                                    <div class=\"content-accordion loaded closed\">\n                                                    <div class=\"title\"><p>Somos BRONPI<\/p><\/div>\n                        \n                                                    <div class=\"seo-content show description-text\"><p>Na <strong>BRONPI<\/strong> n\u00e3o fabricamos apenas sistemas de aquecimento:<strong> criamos calor que transforma casas em abrigos, quartos em locais de encontro e fogo em bem-estar compartilhado.<\/strong><\/p>\n<p>Desde o in\u00edcio, trabalhamos com paix\u00e3o para que cada um de nossos produtos n\u00e3o seja apenas eficiente, dur\u00e1vel e ambientalmente amig\u00e1vel, mas tamb\u00e9m parte da alma de cada casa. Porque entendemos que o calor n\u00e3o \u00e9 apenas uma necessidade:<strong> \u00e9 uma emo\u00e7\u00e3o, uma lembran\u00e7a, uma sensa\u00e7\u00e3o de lar.<\/strong><\/p>\n<p>Nosso compromisso nasce do trabalho di\u00e1rio de uma <strong>equipe humana dedicada, pr\u00f3xima e apaixonada<\/strong>, que coloca seu cora\u00e7\u00e3o em cada projeto, cada teste e cada detalhe. S\u00e3o pessoas que entendem que por tr\u00e1s de cada equipe, h\u00e1 uma fam\u00edlia esperando calor, seguran\u00e7a e confian\u00e7a.<\/p><\/div>\n                                                                    <\/div>\n                            <\/div>\n                <div class=\"image-and-text right\">\n                            <div class=\"background-image\">\n                    <figure class=\" right bg-img\">\n        <img loading=\"lazy\" decoding=\"async\" width=\"690\" height=\"357\" src=\"https:\/\/bronpi.com\/wp-content\/uploads\/2025\/09\/FOTO-FACHADA-Web.png\" class=\"bg-img\" alt=\"\" srcset=\"https:\/\/bronpi.com\/wp-content\/uploads\/2025\/09\/FOTO-FACHADA-Web.png 690w, https:\/\/bronpi.com\/wp-content\/uploads\/2025\/09\/FOTO-FACHADA-Web-300x155.png 300w, https:\/\/bronpi.com\/wp-content\/uploads\/2025\/09\/FOTO-FACHADA-Web-600x310.png 600w\" sizes=\"auto, (max-width: 690px) 100vw, 690px\" \/>\n    <\/figure>\n                <\/div>\n                    <\/div>\n    <\/div>\n<\/section>\n\n<section class=\" container-xl block-quote\">\n            <div class=\"title\"><p>BRONPI\u2013 <em>O calor que une<\/em><\/p><\/div>\n    <\/section>\n\n<section class=\"block-media-text-standar\">\n    <div class=\"container-xl\">\n\n                    <div class=\"wrap-text left\">\n                \n                                    <div class=\"content-accordion loaded closed\">\n                                                    <div class=\"title\"><p>Onde o calor da casa nasce<\/p><\/div>\n                        \n                                                    <div class=\"seo-content show description-text\"><p>Com uma profunda raiz familiar e uma vis\u00e3o inovadora, na <strong>BRONPI<\/strong> combinamos tradi\u00e7\u00e3o e tecnologia de ponta. Projetamos e fabricamos em Lucena (C\u00f3rdoba) Espanha, cuidando de cada detalhe, para oferecer salamandras, lareiras, fornos e caldeiras pensadas para acompanhar sua vida.<\/p>\n<p>Nossa miss\u00e3o vai al\u00e9m de aquecer espa\u00e7os: <strong>queremos criar ambientes que convidem a ficar, compartilhar, viver mais devagar e com mais sentido.<\/strong><\/p>\n<p><strong>BRONPI \u00e9 muito mais do que aquecimento. \u00c9 calor com prop\u00f3sito.<\/strong><br \/><strong>Casa, sustentabilidade e confian\u00e7a.<\/strong><\/p>\n<p>\u00a0<\/p><\/div>\n                                                                    <\/div>\n                            <\/div>\n                <div class=\"image-and-text left\">\n                            <div class=\"background-image\">\n                    <figure class=\" left bg-img\">\n        <img loading=\"lazy\" decoding=\"async\" width=\"690\" height=\"357\" src=\"https:\/\/bronpi.com\/wp-content\/uploads\/2025\/09\/FOTO-FACHADA-MAS-TECHO.png\" class=\"bg-img\" alt=\"\" srcset=\"https:\/\/bronpi.com\/wp-content\/uploads\/2025\/09\/FOTO-FACHADA-MAS-TECHO.png 690w, https:\/\/bronpi.com\/wp-content\/uploads\/2025\/09\/FOTO-FACHADA-MAS-TECHO-300x155.png 300w, https:\/\/bronpi.com\/wp-content\/uploads\/2025\/09\/FOTO-FACHADA-MAS-TECHO-600x310.png 600w\" sizes=\"auto, (max-width: 690px) 100vw, 690px\" \/>\n    <\/figure>\n                <\/div>\n                    <\/div>\n    <\/div>\n<\/section>\n\n<section class=\"block-advantages\">\n    \n        <div class=\"container-xl\">\n           \n                            <div class=\"title\"><\/div>\n                       \n                \n                <div class=\"block-product-qualities\">\n\n                                            <div class=\"advantege\">\n                            <figure class=\"ico\">\n                    <svg xmlns=\"http:\/\/www.w3.org\/2000\/svg\" width=\"60\" height=\"60\" fill=\"none\"><path fill=\"#D8D8D8\" d=\"M33.105 60h-6.2a.68.68 0 0 1-.683-.682V49.024l-3.943 9.508a.68.68 0 0 1-.893.368l-5.73-2.37a.67.67 0 0 1-.367-.368.7.7 0 0 1 0-.526l3.937-9.508-7.278 7.277c-.27.27-.7.27-.965 0L6.6 49.024a.677.677 0 0 1 0-.966l7.279-7.277-9.51 3.937a.686.686 0 0 1-.894-.368l-2.37-5.728a.686.686 0 0 1 .368-.894l9.51-3.941H.683A.68.68 0 0 1 0 33.104v-6.2c0-.377.305-.682.682-.682h10.296l-9.51-3.946a.67.67 0 0 1-.368-.368.7.7 0 0 1 0-.525l2.37-5.729a.68.68 0 0 1 .894-.368l9.51 3.937-7.278-7.281a.677.677 0 0 1 0-.966l4.382-4.381c.27-.27.7-.27.965 0l7.279 7.277-3.938-9.508a.685.685 0 0 1 .368-.894l5.73-2.375a.7.7 0 0 1 .525 0c.166.068.3.202.368.369l3.942 9.508V.682c0-.377.306-.682.683-.682h6.2c.377 0 .683.305.683.682v10.294l3.938-9.508a.67.67 0 0 1 .368-.368.7.7 0 0 1 .525 0l5.73 2.375c.35.143.516.543.367.893l-3.937 9.508L48.052 6.6c.27-.269.7-.269.97 0l4.382 4.382a.68.68 0 0 1 0 .97l-7.278 7.277 9.51-3.937c.35-.144.75.022.893.368l2.37 5.728a.7.7 0 0 1 0 .526.67.67 0 0 1-.367.368l-9.51 3.937h10.296c.377 0 .682.305.682.682v6.2a.68.68 0 0 1-.682.682H49.022l9.51 3.942c.166.067.3.202.368.368a.7.7 0 0 1 0 .525l-2.37 5.729a.68.68 0 0 1-.894.368l-9.51-3.937 7.278 7.277c.27.265.27.7 0 .965l-4.382 4.382c-.27.269-.7.269-.97 0l-7.278-7.278 3.938 9.509a.7.7 0 0 1 0 .525.67.67 0 0 1-.369.368l-5.729 2.37a.686.686 0 0 1-.893-.367l-3.938-9.509v10.294a.68.68 0 0 1-.683.682zm-5.514-1.37h4.831V45.58c0-.328.23-.606.553-.669a.68.68 0 0 1 .763.409l4.993 12.054 4.463-1.85L38.2 43.47a.685.685 0 0 1 .251-.83.69.69 0 0 1 .863.085l9.227 9.226 3.416-3.417-9.227-9.225a.686.686 0 0 1-.085-.862c.18-.27.53-.377.83-.252l12.056 4.992 1.85-4.462-12.055-4.992a.684.684 0 0 1 .26-1.315H58.64v-4.831H45.588a.68.68 0 0 1-.669-.552.68.68 0 0 1 .409-.763l12.055-4.992-1.85-4.463-12.055 4.992a.685.685 0 0 1-.83-.251.686.686 0 0 1 .084-.862l9.227-9.226-3.416-3.416-9.227 9.225a.69.69 0 0 1-.863.086.685.685 0 0 1-.251-.83L43.194 4.48 38.73 2.63l-4.993 12.055a.684.684 0 0 1-1.316-.26V1.364h-4.83v13.05a.68.68 0 0 1-.553.67.68.68 0 0 1-.764-.41L21.284 2.623l-4.463 1.85 4.993 12.053c.125.301.017.651-.252.83a.686.686 0 0 1-.862-.085l-9.227-9.225-3.417 3.416 9.227 9.226a.686.686 0 0 1 .085.862.685.685 0 0 1-.83.251L4.48 16.808l-1.85 4.462 12.056 4.993a.684.684 0 0 1-.26 1.315H1.368v4.83h13.053c.328 0 .606.23.669.553a.68.68 0 0 1-.409.763L2.627 38.716l1.85 4.462 12.055-4.992a.685.685 0 0 1 .83.252c.18.27.145.633-.084.862L8.05 48.525l3.416 3.417 9.228-9.226a.686.686 0 0 1 .861-.085c.27.18.378.53.252.83l-4.993 12.054 4.463 1.85 4.993-12.054a.684.684 0 0 1 1.316.26v13.05z\"\/><\/svg>   \n            <\/figure>\n                            <div class=\"description\"><p>Empresa familiar<\/p><\/div>\n                        <\/div>\n                                            <div class=\"advantege\">\n                            <figure class=\"ico\">\n                    <svg xmlns=\"http:\/\/www.w3.org\/2000\/svg\" width=\"60\" height=\"60\" fill=\"none\"><g fill=\"#D8D8D8\"><path d=\"M2.86 57.14h54.285V2.86H2.859v54.285zM60 60H0V0h60z\"\/><path d=\"M7.617 52.382h44.76V7.618H7.617v44.764m47.62 2.855H4.762V4.763h50.475z\"\/><path d=\"M12.38 47.62h35.24V12.38H12.38zm38.095 2.854H9.525V9.526h40.95v40.953z\"\/><path d=\"M17.143 42.857h25.713V17.143H17.143zm28.573 2.855H14.288V14.288h31.428v31.428z\"\/><path d=\"M21.906 38.094h16.192V21.902H21.906zm19.047 2.86H19.051V19.05h21.902z\"\/><path d=\"M26.67 33.335h6.665V26.67H26.67zm9.52 2.855H23.81V23.81h12.38z\"\/><\/g><\/svg>   \n            <\/figure>\n                            <div class=\"description\"><p>Produto 100% nacional<\/p><\/div>\n                        <\/div>\n                                            <div class=\"advantege\">\n                            <figure class=\"ico\">\n                    <svg xmlns=\"http:\/\/www.w3.org\/2000\/svg\" width=\"60\" height=\"60\" fill=\"none\"><path fill=\"#D8D8D8\" d=\"M30.202 30.24c7.196 9.126 4.88 22.817-4.314 29.76l-3.304-5.231c4.063-1.956 7.25-5.652 8.705-10.045 1.589-4.67 1.176-10-1.087-14.484\"\/><path fill=\"#D8D8D8\" d=\"M30.108 30.299c3.667 11.06-3.147 23.125-14.145 26.476l-1.329-6.055c4.48-.44 8.727-2.812 11.586-6.436 3.075-3.84 4.494-8.99 3.888-13.985\"\/><path fill=\"#D8D8D8\" d=\"M30 30.317c-.3 11.658-10.796 20.643-22.265 20l.803-6.15c4.36 1.136 9.154.371 13.068-2.047 4.193-2.55 7.272-6.898 8.394-11.803\"\/><path fill=\"#D8D8D8\" d=\"M29.893 30.299C25.655 41.15 12.749 45.974 2.19 41.409l2.837-5.499c3.712 2.573 8.48 3.506 12.978 2.586 4.803-.946 9.17-3.971 11.887-8.193z\"\/><path fill=\"#D8D8D8\" d=\"M29.798 30.24C22.14 38.977 8.372 39.053 0 31.119l4.534-4.19c2.617 3.696 6.778 6.219 11.317 6.907 4.834.766 9.965-.57 13.947-3.596\"\/><path fill=\"#D8D8D8\" d=\"M29.726 30.159c-10.158 5.566-23.118.887-28.298-9.457l5.678-2.373c1.203 4.375 4.26 8.184 8.296 10.394 4.283 2.387 9.557 2.903 14.324 1.431z\"\/><path fill=\"#D8D8D8\" d=\"M29.69 30.054C18.258 31.78 7.663 22.912 6.304 11.404l6.14-.272c-.35 4.53 1.23 9.162 4.27 12.632 3.214 3.722 7.995 6.028 12.978 6.29\"\/><path fill=\"#D8D8D8\" d=\"M29.69 29.946C18.36 27.622 11.415 15.634 14.037 4.352l5.862 1.866c-1.862 4.135-1.948 9.031-.269 13.343 1.76 4.606 5.472 8.424 10.06 10.39z\"\/><path fill=\"#D8D8D8\" d=\"M29.73 29.842C19.874 23.75 17.409 10.086 23.698.389l4.875 3.778c-3.155 3.242-4.893 7.812-4.776 12.445.094 4.937 2.285 9.801 5.935 13.234z\"\/><path fill=\"#D8D8D8\" d=\"M29.798 29.76C22.602 20.634 24.918 6.943 34.112 0l3.304 5.231c-4.063 1.957-7.25 5.652-8.704 10.045-1.59 4.67-1.177 10 1.086 14.484\"\/><path fill=\"#D8D8D8\" d=\"M29.892 29.701C26.225 18.641 33.04 6.576 44.037 3.225l1.329 6.055c-4.48.44-8.727 2.812-11.586 6.436-3.075 3.84-4.494 8.99-3.888 13.985\"\/><path fill=\"#D8D8D8\" d=\"M30 29.683c.3-11.658 10.796-20.643 22.266-20l-.804 6.146c-4.359-1.137-9.153-.372-13.068 2.051-4.192 2.55-7.272 6.898-8.394 11.803\"\/><path fill=\"#D8D8D8\" d=\"M30.107 29.701c4.238-10.851 17.144-15.675 27.702-11.11l-2.837 5.499c-3.712-2.573-8.48-3.506-12.978-2.586-4.803.946-9.17 3.971-11.887 8.193z\"\/><path fill=\"#D8D8D8\" d=\"M30.202 29.76c7.658-8.737 21.426-8.813 29.798-.879l-4.534 4.19c-2.617-3.696-6.778-6.219-11.316-6.907-4.835-.766-9.966.57-13.948 3.596\"\/><path fill=\"#D8D8D8\" d=\"M30.27 29.842c10.158-5.567 23.118-.888 28.298 9.456l-5.678 2.373c-1.203-4.375-4.26-8.184-8.296-10.394-4.283-2.387-9.557-2.903-14.324-1.436\"\/><path fill=\"#D8D8D8\" d=\"M30.31 29.946c11.433-1.726 22.027 7.142 23.387 18.65l-6.14.272c.35-4.53-1.23-9.162-4.27-12.632-3.214-3.722-7.995-6.028-12.977-6.29\"\/><path fill=\"#D8D8D8\" d=\"M30.31 30.054c11.33 2.324 18.274 14.312 15.653 25.594L40.1 53.782c1.863-4.135 1.948-9.031.27-13.343-1.76-4.606-5.473-8.424-10.06-10.39z\"\/><path fill=\"#D8D8D8\" d=\"M30.27 30.159c9.857 6.091 12.322 19.755 6.033 29.452l-4.875-3.778c3.155-3.242 4.893-7.812 4.776-12.445-.094-4.937-2.285-9.806-5.934-13.234z\"\/><\/svg>   \n            <\/figure>\n                            <div class=\"description\"><p>Laborat\u00f3rio de qualidade pr\u00f3prio<\/p><\/div>\n                        <\/div>\n                                            <div class=\"advantege\">\n                            <figure class=\"ico\">\n                    <svg xmlns=\"http:\/\/www.w3.org\/2000\/svg\" width=\"60\" height=\"60\" fill=\"none\"><g fill=\"#D8D8D8\"><path d=\"M14.999 2.002C22.169 2.002 28 7.834 28 15.003c0 7.17-5.832 13.002-13.001 13.002-7.17 0-13.001-5.832-13.001-13.002s5.831-13 13-13m0-2.002C6.716 0 0 6.716 0 14.999s6.716 14.999 14.999 14.999 14.999-6.716 14.999-15c0-8.282-6.712-14.998-15-14.998M45 2.002c7.17 0 13.002 5.832 13.002 13.001 0 7.17-5.832 13.002-13.001 13.002C37.83 28.005 32 22.173 32 15.003s5.831-13 13-13M45 0c-8.282 0-14.998 6.716-14.998 14.999s6.716 14.999 14.999 14.999S60 23.282 60 14.998C60 6.717 53.288 0 45 0M14.999 32C22.169 32 28 37.832 28 45.001c0 7.17-5.832 13.001-13.001 13.001-7.17 0-13.001-5.831-13.001-13 0-7.17 5.831-13.002 13-13.002m0-1.998C6.716 30.002 0 36.718 0 45.002 0 53.283 6.716 60 14.999 60s14.999-6.716 14.999-14.999-6.716-14.999-15-14.999M45 32c7.17 0 13.002 5.832 13.002 13.001 0 7.17-5.832 13.001-13.001 13.001-7.17 0-13.001-5.831-13.001-13C32 37.831 37.83 32 45 32m0-1.998c-8.282 0-14.998 6.716-14.998 15C30.002 53.283 36.718 60 45.001 60S60 53.284 60 45.001s-6.716-14.999-15-14.999\"\/><\/g><\/svg>   \n            <\/figure>\n                            <div class=\"description\"><p>Sustentabilidade ambiental<\/p><\/div>\n                        <\/div>\n                                    <\/div>\n        <\/div>\n<\/section>\n\n\n<section class=\"block-media-text-standar\">\n    <div class=\"container-xl\">\n\n                    <div class=\"wrap-text \">\n                \n                                    <div class=\"content-accordion loaded closed\">\n                                                    <div class=\"title\"><p><strong>40 anos de paix\u00e3o pelo calor do lar<\/strong><\/p><\/div>\n                        \n                                                    <div class=\"seo-content show description-text\"><p>Neste 2025, a <strong>BRONPI<\/strong> celebra com orgulho <strong>quatro d\u00e9cadas de hist\u00f3ria<\/strong>, inova\u00e7\u00e3o e compromisso com nossos clientes. Um caminho que come\u00e7ou em 1985, com o sonho empreendedor de levar o <strong>calor da biomassa para as casas<\/strong>, com produtos projetados e fabricados em Lucena (C\u00f3rdoba) Espanha.<\/p>\n<p>Desde aqueles primeiros passos at\u00e9 hoje n\u00f3s crescemos, nos modernizamos, ampliamos nossa gama de produtos e conquistamos mercados internacionais. Mas h\u00e1 algo que ainda est\u00e1 intacto: <strong>nossa ess\u00eancia, nossa proximidade e nossa maneira de entender o calor como algo que vai al\u00e9m de uma temperatura confort\u00e1vel.<\/strong> Para n\u00f3s, o calor \u00e9 companhia, vida compartilhada, lar.<\/p>\n<p>Hoje, com presen\u00e7a em todos os continentes do mundo e um extenso cat\u00e1logo de produtos, celebramos este anivers\u00e1rio com gratid\u00e3o e entusiasmo, olhando para o futuro com a mesma paix\u00e3o que nos impulsionou desde o in\u00edcio.<\/p>\n<p><strong>Obrigado por fazer parte da nossa hist\u00f3ria.<\/strong><br \/><strong>Obrigado por compartilhar conosco estes 40 anos de calor, confian\u00e7a e lar.<\/strong><\/p><\/div>\n                                                                    <\/div>\n                            <\/div>\n                <div class=\"image-and-text \">\n                            <div class=\"background-image\">\n                    <figure class=\"  bg-img\">\n        <img loading=\"lazy\" decoding=\"async\" width=\"1900\" height=\"896\" src=\"https:\/\/bronpi.com\/wp-content\/uploads\/2025\/09\/BG-FAMILIA-DEST.png\" class=\"bg-img\" alt=\"\" srcset=\"https:\/\/bronpi.com\/wp-content\/uploads\/2025\/09\/BG-FAMILIA-DEST.png 1900w, https:\/\/bronpi.com\/wp-content\/uploads\/2025\/09\/BG-FAMILIA-DEST-300x141.png 300w, https:\/\/bronpi.com\/wp-content\/uploads\/2025\/09\/BG-FAMILIA-DEST-1024x483.png 1024w, https:\/\/bronpi.com\/wp-content\/uploads\/2025\/09\/BG-FAMILIA-DEST-768x362.png 768w, https:\/\/bronpi.com\/wp-content\/uploads\/2025\/09\/BG-FAMILIA-DEST-1536x724.png 1536w, https:\/\/bronpi.com\/wp-content\/uploads\/2025\/09\/BG-FAMILIA-DEST-600x283.png 600w\" sizes=\"auto, (max-width: 1900px) 100vw, 1900px\" \/>\n    <\/figure>\n                <\/div>\n                    <\/div>\n    <\/div>\n<\/section>\n\n\n<div class=\"wp-block-group container-xl is-layout-constrained wp-block-group-is-layout-constrained\"><\/div>\n\n\n<section class=\" container-xl block-quote\">\n            <div class=\"title\"><p>BRONPI\u2013<em>40 anos acendendo emo\u00e7\u00f5es<\/em><\/p><\/div>\n    <\/section>\n\n\n<figure class=\"wp-block-embed is-type-video is-provider-youtube wp-block-embed-youtube container-xl wp-embed-aspect-16-9 wp-has-aspect-ratio\"><div class=\"wp-block-embed__wrapper\">\n<iframe loading=\"lazy\" title=\"Bronpi compromiso con la sostenibilidad\" width=\"500\" height=\"281\" src=\"https:\/\/www.youtube.com\/embed\/bbSxjtfL6Gk?feature=oembed\" frameborder=\"0\" allow=\"accelerometer; autoplay; clipboard-write; encrypted-media; gyroscope; picture-in-picture; web-share\" referrerpolicy=\"strict-origin-when-cross-origin\" allowfullscreen><\/iframe>\n<\/div><\/figure>\n","protected":false},"excerpt":{"rendered":"","protected":false},"author":1,"featured_media":10197,"parent":0,"menu_order":0,"comment_status":"closed","ping_status":"closed","template":"","meta":{"footnotes":""},"class_list":["post-1555","page","type-page","status-publish","has-post-thumbnail","hentry"],"_links":{"self":[{"href":"https:\/\/bronpi.com\/pt-pt\/wp-json\/wp\/v2\/pages\/1555","targetHints":{"allow":["GET"]}}],"collection":[{"href":"https:\/\/bronpi.com\/pt-pt\/wp-json\/wp\/v2\/pages"}],"about":[{"href":"https:\/\/bronpi.com\/pt-pt\/wp-json\/wp\/v2\/types\/page"}],"author":[{"embeddable":true,"href":"https:\/\/bronpi.com\/pt-pt\/wp-json\/wp\/v2\/users\/1"}],"replies":[{"embeddable":true,"href":"https:\/\/bronpi.com\/pt-pt\/wp-json\/wp\/v2\/comments?post=1555"}],"version-history":[{"count":11,"href":"https:\/\/bronpi.com\/pt-pt\/wp-json\/wp\/v2\/pages\/1555\/revisions"}],"predecessor-version":[{"id":11306,"href":"https:\/\/bronpi.com\/pt-pt\/wp-json\/wp\/v2\/pages\/1555\/revisions\/11306"}],"wp:featuredmedia":[{"embeddable":true,"href":"https:\/\/bronpi.com\/pt-pt\/wp-json\/wp\/v2\/media\/10197"}],"wp:attachment":[{"href":"https:\/\/bronpi.com\/pt-pt\/wp-json\/wp\/v2\/media?parent=1555"}],"curies":[{"name":"wp","href":"https:\/\/api.w.org\/{rel}","templated":true}]}}