{"id":1559,"date":"2025-01-15T13:20:27","date_gmt":"2025-01-15T12:20:27","guid":{"rendered":"https:\/\/bronpi.com\/idi\/"},"modified":"2025-10-29T13:15:07","modified_gmt":"2025-10-29T12:15:07","slug":"nossas-certificacoes","status":"publish","type":"page","link":"https:\/\/bronpi.com\/pt-pt\/nossas-certificacoes\/","title":{"rendered":"I+D+i"},"content":{"rendered":"<section class=\"block-media-text-standar\">\n    <div class=\"container-xl\">\n\n                    <div class=\"wrap-text \">\n                \n                                    <div class=\"content-accordion loaded closed\">\n                                                    <div class=\"title\"><p>A import\u00e2ncia das Nossas Certifica\u00e7\u00f5es<\/p><\/div>\n                        \n                                                    <div class=\"seo-content show description-text\"><p>Na Bronpi, cada produto reflete nosso compromisso com a qualidade, seguran\u00e7a e respeito ao meio ambiente. Por isso, todos os nossos equipamentos contam com rigorosas certifica\u00e7\u00f5es europeias que garantem o cumprimento das normas mais exigentes do setor.<\/p>\n<p>Escolher a Bronpi \u00e9 escolher confian\u00e7a, efici\u00eancia e sustentabilidade certificadas.<\/p>\n<p>\u00a0<\/p><\/div>\n                                                                    <\/div>\n                            <\/div>\n                <div class=\"image-and-text \">\n                            <div class=\"background-image\">\n                    <figure class=\"  bg-img\">\n        <img loading=\"lazy\" decoding=\"async\" width=\"690\" height=\"357\" src=\"https:\/\/bronpi.com\/wp-content\/uploads\/2025\/09\/la-importancia-de-nuestras-certificaciones.png\" class=\"bg-img\" alt=\"\" srcset=\"https:\/\/bronpi.com\/wp-content\/uploads\/2025\/09\/la-importancia-de-nuestras-certificaciones.png 690w, https:\/\/bronpi.com\/wp-content\/uploads\/2025\/09\/la-importancia-de-nuestras-certificaciones-300x155.png 300w, https:\/\/bronpi.com\/wp-content\/uploads\/2025\/09\/la-importancia-de-nuestras-certificaciones-600x310.png 600w\" sizes=\"auto, (max-width: 690px) 100vw, 690px\" \/>\n    <\/figure>\n                <\/div>\n                    <\/div>\n    <\/div>\n<\/section>\n\n<section class=\"container-xl block-tecnologi-grid\">\n    <div class=\"wall\">\n                    <div class=\"card\">\n                                                    <div class=\"title\">CE<\/div>\n                                                    <div class=\"description\"><p>Indica que o produto cumpre os requisitos essenciais de seguran\u00e7a, sa\u00fade e prote\u00e7\u00e3o ambiental exigidos pela Uni\u00e3o Europeia. \u00c9 obrigat\u00f3ria para sua comercializa\u00e7\u00e3o no mercado europeu.<\/p><\/div>\n                            <\/div>\n                    <div class=\"card\">\n                                                    <div class=\"title\">Ecodesign<\/div>\n                                                    <div class=\"description\"><p>Regulamento europeu que estabelece requisitos rigorosos de efici\u00eancia energ\u00e9tica e baixas emiss\u00f5es para os produtos de aquecimento. Garante um funcionamento ecol\u00f3gicamente correto e um consumo otimizado.<\/p><\/div>\n                            <\/div>\n                    <div class=\"card\">\n                                                    <div class=\"title\">Flamme Verte<\/div>\n                                                    <div class=\"description\"><p>Selo ecol\u00f3gico franc\u00eas que certifica equipamentos de biomassa com alto desempenho e baixas emiss\u00f5es. Maior efici\u00eancia energ\u00e9tica e menor impacto ambiental.<\/p><\/div>\n                            <\/div>\n                    <div class=\"card\">\n                                                    <div class=\"title\">UNE-EN 16510<\/div>\n                                                    <div class=\"description\"><p>Norma europeia que unifica crit\u00e9rios t\u00e9cnicos para aparelhos de aquecimento dom\u00e9stico a combust\u00edvel s\u00f3lido (lenha, pellets, etc.), garantindo sua seguran\u00e7a, rendimento, durabilidade e baixo n\u00edvel de emiss\u00f5es.<\/p><\/div>\n                            <\/div>\n                    <div class=\"card\">\n                                                    <div class=\"title\">DIN Plus<\/div>\n                                                    <div class=\"description\"><p>Certifica\u00e7\u00e3o alem\u00e3 que garante a alta qualidade e o cumprimento de normas rigorosas em salamandras e caldeiras de biomassa, especialmente no que diz respeito \u00e0 efici\u00eancia, seguran\u00e7a e emiss\u00f5es.<\/p><\/div>\n                            <\/div>\n                    <div class=\"card\">\n                                                    <div class=\"title\">l.BlmSchV<\/div>\n                                                    <div class=\"description\"><p>Regulamenta\u00e7\u00e3o alem\u00e3 sobre controle e de emiss\u00f5es. Regula os limites m\u00e1ximos de emiss\u00f5es poluentes (CO, part\u00edculas, etc.) para aparelhos de combust\u00e3o de biomassa.<\/p><\/div>\n                            <\/div>\n                    <div class=\"card\">\n                                                    <div class=\"title\">15a B-VG<\/div>\n                                                    <div class=\"description\"><p>Regulamento austr\u00edaco que estabelece requisitos espec\u00edficos de emiss\u00f5es e efici\u00eancia energ\u00e9tica para as salamandras e lareiras. \u00c9 uma das normas ambientais mais exigentes da Europa.<\/p><\/div>\n                            <\/div>\n                    <div class=\"card\">\n                                                    <div class=\"title\">UNE-EN-14785<\/div>\n                                                    <div class=\"description\"><p>Norma Europeia para aparelhos de aquecimento domestico, alimentados com pellets de madeira.<\/p><\/div>\n                            <\/div>\n                    <div class=\"card\">\n                                                    <div class=\"title\">UNE-EN-12809<\/div>\n                                                    <div class=\"description\"><p>Norma Europeia para caldeiras dom\u00e9sticas independentes que utilizam combust\u00edvel s\u00f3lido. Pot\u00eancia t\u00e9rmica nominal inferior ou igual a 50Kw.<\/p><\/div>\n                            <\/div>\n                    <div class=\"card\">\n                                                    <div class=\"title\">UNE-EN 303-5<\/div>\n                                                    <div class=\"description\"><p>Normas de eficiencia e emiss\u00f5es aplic\u00e1veis as caldeiras de aquecimento de biomassa (at\u00e9 500 kW).<\/p><\/div>\n                            <\/div>\n                    <div class=\"card\">\n                                                    <div class=\"title\">UNE-EN-613 (50 Pa)<\/div>\n                                                    <div class=\"description\"><p>Norma Europeia para aparelhos de aquecimento dom\u00e9stico que atendem aos requisitos para serem herm\u00e9ticos.<\/p><\/div>\n                            <\/div>\n            <\/div>\n<\/section>\n\n\n\n<h2 class=\"wp-block-heading\"><\/h2>\n\n\n\n<blockquote class=\"wp-block-quote is-layout-flow wp-block-quote-is-layout-flow\">\n<p><\/p>\n<\/blockquote>\n\n\n\n<div class=\"wp-block-group alignfull is-content-justification-center is-layout-constrained wp-container-core-group-is-layout-b073b61b wp-block-group-is-layout-constrained\" style=\"margin-top:0;margin-bottom:0;padding-top:calc( 0.5 * var(--wp--style--root--padding-right, var(--wp--custom--gap--horizontal)));padding-right:var(--wp--style--root--padding-right, var(--wp--custom--gap--horizontal));padding-bottom:calc( 0.5 * var(--wp--style--root--padding-right, var(--wp--custom--gap--horizontal)));padding-left:var(--wp--style--root--padding-left, var(--wp--custom--gap--horizontal))\">\n<div style=\"height:calc( 0.25 * var(--wp--style--root--padding-right, var(--wp--custom--gap--horizontal)))\" aria-hidden=\"true\" class=\"wp-block-spacer\"><\/div>\n\n\n\n<div class=\"wp-block-columns alignwide is-layout-flex wp-container-core-columns-is-layout-9d6595d7 wp-block-columns-is-layout-flex\"><\/div>\n<\/div>\n\n\n<section class=\"block-media-text-standar\">\n    <div class=\"container-xl\">\n\n                    <div class=\"wrap-text left\">\n                \n                                    <div class=\"content-accordion loaded closed\">\n                                                    <div class=\"title\"><p>BRONPI:<br \/>Calor Respons\u00e1vel<\/p><\/div>\n                        \n                                                    <div class=\"seo-content show description-text\"><p>A efici\u00eancia energ\u00e9tica \u00e9 um valor fundamental na Bronpi, e todos os nossos produtos s\u00e3o concebidos para oferecer o m\u00e1ximo rendimento com o menor consumo poss\u00edvel. A classifica\u00e7\u00e3o energ\u00e9tica, regulada pela normativa europeia, permite-nos conhecer o grau de efici\u00eancia de cada equipamento, numa escala que vai de <strong>A+++ (efici\u00eancia m\u00e1xima) a E (efici\u00eancia m\u00ednima).<\/strong><\/p>\n<p>Apesar de existirem produtos no mercado que cobrem toda esta escala, na Bronpi apostamos na sustentabilidade e no desempenho, pelo que todos os nossos equipamentos s\u00e3o colocados nas categorias mais eficientes:<strong> A, A+ e A++<\/strong>.<\/p>\n<p>Isto garante que qualquer produto Bronpi que escolha lhe oferecer\u00e1:<br \/>\u2022 Consumo energ\u00e9tico optimizado.<br \/>\u2022 Maior aproveitamento do calor.<br \/>\u2022 Menor emiss\u00e3o de poluentes.<br \/>\u2022 Um verdadeiro compromisso com o ambiente.<\/p>\n<p>Escolher um produto Bronpi \u00e9 um compromisso com a qualidade, a inova\u00e7\u00e3o e a efici\u00eancia energ\u00e9tica.<\/p><\/div>\n                                                                    <\/div>\n                            <\/div>\n                <div class=\"image-and-text left\">\n                            <div class=\"background-image\">\n                    <figure class=\" left bg-img\">\n        <img loading=\"lazy\" decoding=\"async\" width=\"690\" height=\"357\" src=\"https:\/\/bronpi.com\/wp-content\/uploads\/2025\/10\/Ecoetiqueta-Calor-responsable.png\" class=\"bg-img\" alt=\"\" srcset=\"https:\/\/bronpi.com\/wp-content\/uploads\/2025\/10\/Ecoetiqueta-Calor-responsable.png 690w, https:\/\/bronpi.com\/wp-content\/uploads\/2025\/10\/Ecoetiqueta-Calor-responsable-300x155.png 300w, https:\/\/bronpi.com\/wp-content\/uploads\/2025\/10\/Ecoetiqueta-Calor-responsable-600x310.png 600w\" sizes=\"auto, (max-width: 690px) 100vw, 690px\" \/>\n    <\/figure>\n                <\/div>\n                    <\/div>\n    <\/div>\n<\/section>","protected":false},"excerpt":{"rendered":"","protected":false},"author":1,"featured_media":9142,"parent":0,"menu_order":0,"comment_status":"closed","ping_status":"closed","template":"","meta":{"footnotes":""},"class_list":["post-1559","page","type-page","status-publish","has-post-thumbnail","hentry"],"_links":{"self":[{"href":"https:\/\/bronpi.com\/pt-pt\/wp-json\/wp\/v2\/pages\/1559","targetHints":{"allow":["GET"]}}],"collection":[{"href":"https:\/\/bronpi.com\/pt-pt\/wp-json\/wp\/v2\/pages"}],"about":[{"href":"https:\/\/bronpi.com\/pt-pt\/wp-json\/wp\/v2\/types\/page"}],"author":[{"embeddable":true,"href":"https:\/\/bronpi.com\/pt-pt\/wp-json\/wp\/v2\/users\/1"}],"replies":[{"embeddable":true,"href":"https:\/\/bronpi.com\/pt-pt\/wp-json\/wp\/v2\/comments?post=1559"}],"version-history":[{"count":47,"href":"https:\/\/bronpi.com\/pt-pt\/wp-json\/wp\/v2\/pages\/1559\/revisions"}],"predecessor-version":[{"id":11302,"href":"https:\/\/bronpi.com\/pt-pt\/wp-json\/wp\/v2\/pages\/1559\/revisions\/11302"}],"wp:featuredmedia":[{"embeddable":true,"href":"https:\/\/bronpi.com\/pt-pt\/wp-json\/wp\/v2\/media\/9142"}],"wp:attachment":[{"href":"https:\/\/bronpi.com\/pt-pt\/wp-json\/wp\/v2\/media?parent=1559"}],"curies":[{"name":"wp","href":"https:\/\/api.w.org\/{rel}","templated":true}]}}