{"id":1567,"date":"2025-01-15T13:22:45","date_gmt":"2025-01-15T12:22:45","guid":{"rendered":"https:\/\/bronpi.com\/tu-bronpi\/"},"modified":"2025-11-17T09:50:40","modified_gmt":"2025-11-17T08:50:40","slug":"tu-bronpi","status":"publish","type":"page","link":"https:\/\/bronpi.com\/pt-pt\/tu-bronpi\/","title":{"rendered":"Tu &amp; Bronpi"},"content":{"rendered":"<section class=\"container-xl block-text-and-form\">\n            <div class=\"title\"><h1><span style=\"color: #e30613\">Tu &amp; Bronpi<\/span><\/h1><\/div>\n                <div class=\"description\"><p>Queremos ver como fica o seu fog\u00e3o a lenha ou a pellets na sua casa! Para isso, basta preencher o formul\u00e1rio e enviar as suas fotos para que possamos partilh\u00e1-las na nossa galeria de clientes e exibi-las nas nossas redes sociais.<\/p>\n<p>Gra\u00e7as a si e \u00e0 Bronpi, inspiramos e renovamos a confian\u00e7a numa marca l\u00edder em aquecimento dom\u00e9stico sustent\u00e1vel.<\/p><\/div>\n                <div class=\"form-container\">\n            <div class=\"forminator-ui forminator-custom-form forminator-custom-form-1636 forminator-design--default  forminator_ajax\" data-forminator-render=\"0\" data-form=\"forminator-module-1636\" data-uid=\"69e506addb658\"><br\/><\/div><form\n\t\t\t\tid=\"forminator-module-1636\"\n\t\t\t\tclass=\"forminator-ui forminator-custom-form forminator-custom-form-1636 forminator-design--default  forminator_ajax\"\n\t\t\t\tmethod=\"post\"\n\t\t\t\tdata-forminator-render=\"0\"\n\t\t\t\tdata-form-id=\"1636\"\n\t\t\t\tenctype=\"multipart\/form-data\" data-color-option=\"theme\" data-design=\"default\" data-grid=\"open\" style=\"display: none;\"\n\t\t\t\tdata-uid=\"69e506addb658\"\n\t\t\t><div role=\"alert\" aria-live=\"polite\" class=\"forminator-response-message forminator-error\" aria-hidden=\"true\"><\/div><div class=\"forminator-row\"><div id=\"name-1\" class=\"forminator-field-name forminator-col forminator-col-12 \"><div class=\"forminator-field\"><label for=\"forminator-field-name-1_69e506addb658\" id=\"forminator-field-name-1_69e506addb658-label\" class=\"forminator-label\">Nome <span class=\"forminator-required\">*<\/span><\/label><input type=\"text\" name=\"name-1\" value=\"\" placeholder=\"\" id=\"forminator-field-name-1_69e506addb658\" class=\"forminator-input forminator-name--field\" aria-required=\"true\" autocomplete=\"name\" \/><\/div><\/div><\/div><div class=\"forminator-row\"><div id=\"upload-1\" class=\"forminator-field-upload forminator-col forminator-col-12 \"><div class=\"forminator-field\"><label for=\"forminator-field-upload-1_69e506addb658\" id=\"forminator-field-upload-1_69e506addb658-label\" class=\"forminator-label\">Foto<\/label><div class=\"forminator-file-upload \" data-element=\"upload-1_69e506addb658\"><input type=\"file\" name=\"upload-1\" id=\"forminator-field-upload-1_69e506addb658\" class=\"forminator-input-file\" accept=\".jpg,.jpeg,.jpe,.gif,.png,.bmp,.tiff,.tif,.webp,.avif,.ico,.heic,.heif,.heics,.heifs,.asf,.asx,.wmv,.wmx,.wm,.avi,.divx,.flv,.mov,.qt,.mpeg,.mpg,.mpe,.mp4,.m4v,.ogv,.webm,.mkv,.3gp,.3gpp,.3g2,.3gp2,.txt,.asc,.c,.cc,.h,.srt,.csv,.tsv,.ics,.rtx,.vtt,.mp3,.m4a,.m4b,.aac,.ra,.ram,.wav,.ogg,.oga,.flac,.mid,.midi,.wma,.wax,.mka,.rtf,.pdf,.class,.tar,.zip,.gz,.gzip,.7z,.psd,.xcf,.doc,.pot,.pps,.ppt,.wri,.xla,.xls,.xlt,.xlw,.mdb,.mpp,.docx,.docm,.dotx,.dotm,.xlsx,.xlsm,.xlsb,.xltx,.xltm,.xlam,.pptx,.pptm,.ppsx,.ppsm,.potx,.potm,.ppam,.sldx,.sldm,.onetoc,.onetoc2,.onetmp,.onepkg,.oxps,.xps,.odt,.odp,.ods,.odg,.odc,.odb,.odf,.wp,.wpd,.key,.numbers,.pages,.svgz\" tabindex=\"-1\"><button id=\"forminator-field-upload-1_69e506addb658_button\" class=\"forminator-button forminator-button-upload\" data-id=\"forminator-field-upload-1_69e506addb658\">Escolher ficheiro <\/button><span data-empty-text=\"Nenhum ficheiro escolhido\">Nenhum ficheiro escolhido<\/span><button class=\"forminator-button-delete\" style=\"display: none;\"><i class=\"forminator-icon-close\" aria-hidden=\"true\"><\/i><span class=\"forminator-screen-reader-only\">Delete uploaded file<\/span><\/button><\/div><\/div><\/div><\/div><div class=\"forminator-row\"><div id=\"textarea-1\" class=\"forminator-field-textarea forminator-col forminator-col-12 \"><div class=\"forminator-field\"><label for=\"forminator-field-textarea-1_69e506addb658\" id=\"forminator-field-textarea-1_69e506addb658-label\" class=\"forminator-label\">Coment\u00e1rio <span class=\"forminator-required\">*<\/span><\/label><textarea name=\"textarea-1\" placeholder=\"Indique a sua experi\u00eancia...\" id=\"forminator-field-textarea-1_69e506addb658\" class=\"forminator-textarea\" rows=\"6\" style=\"min-height:px;\" ><\/textarea><\/div><\/div><\/div><div class=\"forminator-row\"><div id=\"consent-1\" class=\"forminator-field-consent forminator-col forminator-col-12 \"><div class=\"forminator-field\"><div class=\"forminator-checkbox__wrapper\"><label id=\"forminator-field-consent-1_69e506addb658__label\" class=\"forminator-checkbox forminator-consent\" aria-labelledby=\"forminator-field-consent-1_69e506addb658-label\" aria-hidden=\"true\"><input type=\"checkbox\" name=\"consent-1\" id=\"forminator-field-consent-1_69e506addb658\" value=\"checked\" aria-labelledby=\"forminator-field-consent-1_69e506addb658-label\" aria-describedby=\"forminator-field-consent-1_69e506addb658__description\" data-required=\"true\" aria-required=\"true\" \/><span class=\"forminator-checkbox-box\" aria-hidden=\"true\"><\/span><\/label><div id=\"forminator-field-consent-1_69e506addb658__description\" class=\"forminator-checkbox__label forminator-consent__label\"><p>Sim, concordo com o <a href=\"https:\/\/bronpi.com\/pt-pt\/aviso-legal\/\">aviso legal<\/a> e a <a href=\"https:\/\/bronpi.com\/pt-pt\/politica-de-privacidade\/\">pol\u00edtica de privacidade.<\/a><\/p><\/div><\/div><\/div><\/div><\/div><div class=\"forminator-row\"><div id=\"captcha-1\" class=\"forminator-field-captcha forminator-col forminator-col-12 \"><div class=\"forminator-captcha-left forminator-g-recaptcha\" data-theme=\"light\"  data-sitekey=\"6LdD1hksAAAAAPGHkv2jl_eN-9krfzyZdbQTfsyc\" data-size=\"normal\"><\/div> <\/div><\/div><input type=\"hidden\" name=\"referer_url\" value=\"\" \/><div class=\"forminator-row forminator-row-last\"><div class=\"forminator-col\"><div class=\"forminator-field\"><button class=\"forminator-button forminator-button-submit\">Enviar<\/button><\/div><\/div><\/div><input type=\"hidden\" id=\"forminator_nonce\" name=\"forminator_nonce\" value=\"b0b7186235\" \/><input type=\"hidden\" name=\"_wp_http_referer\" value=\"\/pt-pt\/wp-json\/wp\/v2\/pages\/1567\" \/><input type=\"hidden\" name=\"form_id\" value=\"1636\"><input type=\"hidden\" name=\"page_id\" value=\"1567\"><input type=\"hidden\" name=\"form_type\" value=\"default\"><input type=\"hidden\" name=\"current_url\" value=\"https:\/\/bronpi.com\/pt-pt\/tu-bronpi\/\"><input type=\"hidden\" name=\"render_id\" value=\"0\"><input type=\"hidden\" name=\"action\" value=\"forminator_submit_form_custom-forms\"><label for=\"input_5\" class=\"forminator-hidden\" aria-hidden=\"true\">Please do not fill in this field. <input id=\"input_5\" type=\"text\" name=\"input_5\" value=\"\" autocomplete=\"off\"><\/label><\/form>\n        <\/div>\n    <\/section>","protected":false},"excerpt":{"rendered":"","protected":false},"author":1,"featured_media":9518,"parent":0,"menu_order":0,"comment_status":"closed","ping_status":"closed","template":"","meta":{"footnotes":""},"class_list":["post-1567","page","type-page","status-publish","has-post-thumbnail","hentry"],"_links":{"self":[{"href":"https:\/\/bronpi.com\/pt-pt\/wp-json\/wp\/v2\/pages\/1567","targetHints":{"allow":["GET"]}}],"collection":[{"href":"https:\/\/bronpi.com\/pt-pt\/wp-json\/wp\/v2\/pages"}],"about":[{"href":"https:\/\/bronpi.com\/pt-pt\/wp-json\/wp\/v2\/types\/page"}],"author":[{"embeddable":true,"href":"https:\/\/bronpi.com\/pt-pt\/wp-json\/wp\/v2\/users\/1"}],"replies":[{"embeddable":true,"href":"https:\/\/bronpi.com\/pt-pt\/wp-json\/wp\/v2\/comments?post=1567"}],"version-history":[{"count":7,"href":"https:\/\/bronpi.com\/pt-pt\/wp-json\/wp\/v2\/pages\/1567\/revisions"}],"predecessor-version":[{"id":11669,"href":"https:\/\/bronpi.com\/pt-pt\/wp-json\/wp\/v2\/pages\/1567\/revisions\/11669"}],"wp:featuredmedia":[{"embeddable":true,"href":"https:\/\/bronpi.com\/pt-pt\/wp-json\/wp\/v2\/media\/9518"}],"wp:attachment":[{"href":"https:\/\/bronpi.com\/pt-pt\/wp-json\/wp\/v2\/media?parent=1567"}],"curies":[{"name":"wp","href":"https:\/\/api.w.org\/{rel}","templated":true}]}}