{"id":1575,"date":"2025-01-15T13:29:07","date_gmt":"2025-01-15T12:29:07","guid":{"rendered":"https:\/\/bronpi.com\/servicio-post-venta\/"},"modified":"2025-10-30T12:08:56","modified_gmt":"2025-10-30T11:08:56","slug":"servicio-pos-venda","status":"publish","type":"page","link":"https:\/\/bronpi.com\/pt-pt\/servicio-pos-venda\/","title":{"rendered":"Servicio Pos- Venda"},"content":{"rendered":"<section class=\"block-store-locations-finder\">\n    <div class=\"container-xl\">\n                    <div class=\"title\"><p><span style=\"color: #e30613\">Servicio Pos &#8211; Venda<\/span><\/p><\/div>\n                            <div class=\"description\"><p>Queremos estar sempre perto de si. Oferecemos uma rede de servi\u00e7os t\u00e9cnicos que o podem ajudar com consultoria, pe\u00e7as de substitui\u00e7\u00e3o, manuten\u00e7\u00e3o e suporte t\u00e9cnico.<\/p>\n<p>Utilize o mapa interativo abaixo: insira o seu c\u00f3digo postal e encontre de forma r\u00e1pida e f\u00e1cil o servi\u00e7o t\u00e9cnico mais pr\u00f3ximo de si.<\/p><\/div>\n        \n            \n        <div class=\"sat-finder\">\n            <div class=\"sat-province\">\n                <select class=\"form-select\" name=\"provi\" id=\"provi\">\n                    <option selected>Selecione a sua prov\u00edncia&#8230;<\/option>\n                                            <option value=\"\ufeffA Coru\u00f1a\">\ufeffA Coru\u00f1a<\/option>\n                                            <option value=\"\u00c1lava\">\u00c1lava<\/option>\n                                            <option value=\"Albacete\">Albacete<\/option>\n                                            <option value=\"Alicante\">Alicante<\/option>\n                                            <option value=\"Almeria\">Almeria<\/option>\n                                            <option value=\"Andorra\">Andorra<\/option>\n                                            <option value=\"Asturias\">Asturias<\/option>\n                                            <option value=\"\u00c1vila\">\u00c1vila<\/option>\n                                            <option value=\"Badajoz\">Badajoz<\/option>\n                                            <option value=\"Islas Baleares\">Islas Baleares<\/option>\n                                            <option value=\"Barcelona\">Barcelona<\/option>\n                                            <option value=\"Burgos\">Burgos<\/option>\n                                            <option value=\"C\u00e1ceres\">C\u00e1ceres<\/option>\n                                            <option value=\"C\u00e1diz\">C\u00e1diz<\/option>\n                                            <option value=\"Cantabria\">Cantabria<\/option>\n                                            <option value=\"Castell\u00f3n\">Castell\u00f3n<\/option>\n                                            <option value=\"Ciudad Real\">Ciudad Real<\/option>\n                                            <option value=\"C\u00f3rdoba\">C\u00f3rdoba<\/option>\n                                            <option value=\"Cuenca\">Cuenca<\/option>\n                                            <option value=\"Girona\">Girona<\/option>\n                                            <option value=\"Granada\">Granada<\/option>\n                                            <option value=\"Guadalajara\">Guadalajara<\/option>\n                                            <option value=\"Guip\u00fazcoa\">Guip\u00fazcoa<\/option>\n                                            <option value=\"Huelva\">Huelva<\/option>\n                                            <option value=\"Huesca\">Huesca<\/option>\n                                            <option value=\"Ja\u00e9n\">Ja\u00e9n<\/option>\n                                            <option value=\"La Rioja\">La Rioja<\/option>\n                                            <option value=\"Las Palmas\">Las Palmas<\/option>\n                                            <option value=\"Le\u00f3n\">Le\u00f3n<\/option>\n                                            <option value=\"Lleida\">Lleida<\/option>\n                                            <option value=\"Lugo\">Lugo<\/option>\n                                            <option value=\"Madrid\">Madrid<\/option>\n                                            <option value=\"M\u00e1laga\">M\u00e1laga<\/option>\n                                            <option value=\"Murcia\">Murcia<\/option>\n                                            <option value=\"Navarra\">Navarra<\/option>\n                                            <option value=\"Orense\">Orense<\/option>\n                                            <option value=\"Palencia\">Palencia<\/option>\n                                            <option value=\"Pontevedra\">Pontevedra<\/option>\n                                            <option value=\"Salamanca\">Salamanca<\/option>\n                                            <option value=\"Segovia\">Segovia<\/option>\n                                            <option value=\"Sevilla\">Sevilla<\/option>\n                                            <option value=\"Soria\">Soria<\/option>\n                                            <option value=\"Tarragona\">Tarragona<\/option>\n                                            <option value=\"Teruel\">Teruel<\/option>\n                                            <option value=\"Toledo\">Toledo<\/option>\n                                            <option value=\"Valencia\">Valencia<\/option>\n                                            <option value=\"Valladolid\">Valladolid<\/option>\n                                            <option value=\"Vizcaya\">Vizcaya<\/option>\n                                            <option value=\"Zamora\">Zamora<\/option>\n                                            <option value=\"Zaragoza\">Zaragoza<\/option>\n                                    <\/select>\n            <\/div>\n\n            <div id=\"mapid\"><\/div>\n            <div id=\"live_data\"><\/div>\n        <\/div>\n       \n        <\/div>\n\n<\/section>\n\n\n","protected":false},"excerpt":{"rendered":"","protected":false},"author":1,"featured_media":9878,"parent":0,"menu_order":0,"comment_status":"closed","ping_status":"closed","template":"","meta":{"footnotes":""},"class_list":["post-1575","page","type-page","status-publish","has-post-thumbnail","hentry"],"_links":{"self":[{"href":"https:\/\/bronpi.com\/pt-pt\/wp-json\/wp\/v2\/pages\/1575","targetHints":{"allow":["GET"]}}],"collection":[{"href":"https:\/\/bronpi.com\/pt-pt\/wp-json\/wp\/v2\/pages"}],"about":[{"href":"https:\/\/bronpi.com\/pt-pt\/wp-json\/wp\/v2\/types\/page"}],"author":[{"embeddable":true,"href":"https:\/\/bronpi.com\/pt-pt\/wp-json\/wp\/v2\/users\/1"}],"replies":[{"embeddable":true,"href":"https:\/\/bronpi.com\/pt-pt\/wp-json\/wp\/v2\/comments?post=1575"}],"version-history":[{"count":5,"href":"https:\/\/bronpi.com\/pt-pt\/wp-json\/wp\/v2\/pages\/1575\/revisions"}],"predecessor-version":[{"id":11473,"href":"https:\/\/bronpi.com\/pt-pt\/wp-json\/wp\/v2\/pages\/1575\/revisions\/11473"}],"wp:featuredmedia":[{"embeddable":true,"href":"https:\/\/bronpi.com\/pt-pt\/wp-json\/wp\/v2\/media\/9878"}],"wp:attachment":[{"href":"https:\/\/bronpi.com\/pt-pt\/wp-json\/wp\/v2\/media?parent=1575"}],"curies":[{"name":"wp","href":"https:\/\/api.w.org\/{rel}","templated":true}]}}