{"id":1583,"date":"2025-01-15T13:30:06","date_gmt":"2025-01-15T12:30:06","guid":{"rendered":"https:\/\/bronpi.com\/contacto\/"},"modified":"2025-11-19T13:48:19","modified_gmt":"2025-11-19T12:48:19","slug":"contato","status":"publish","type":"page","link":"https:\/\/bronpi.com\/pt-pt\/contato\/","title":{"rendered":"Contato"},"content":{"rendered":"<section class=\"block-contact\">\n    <div class=\"container-xl\">\n        <div class=\"wrap-text\">\n                            <div class=\"section-title\">\n                    <p><strong><span style=\"color: #e30613;\">Contato<\/span><\/strong><\/p>\n\n                <\/div>\n                                        <div class=\"section-description\">\n                    <p>Tem d\u00favidas ou precisa de mais informa\u00e7\u00f5es?<\/p>\n<p><strong>Escreva-nos atrav\u00e9s do seguinte formul\u00e1rio<\/strong> e a nossa equipa responder\u00e1 a qualquer pergunta sobre os nossos produtos, instala\u00e7\u00f5es ou servi\u00e7o p\u00f3s-venda.<\/p>\n                <\/div>\n                    <\/div>\n        <div class=\"wrap-location\">\n           \n                            <div class=\"wrap-map\">\n                    <iframe loading=\"lazy\" style=\"border: 0;\" src=\"https:\/\/www.google.com\/maps\/embed?pb=!1m14!1m8!1m3!1d50718.84378425696!2d-4.5519059!3d37.3915412!3m2!1i1024!2i768!4f13.1!3m3!1m2!1s0xd6d7a17db9e0fd1%3A0x8db7f77701500244!2sBronpi%20Calefacci%C3%B3n%2C%20S.L.!5e0!3m2!1ses!2ses!4v1739352125033!5m2!1ses!2ses\" width=\"600\" height=\"450\" allowfullscreen=\"allowfullscreen\"><\/iframe>\n                <\/div>\n                                        <div class=\"form-container\">\n                    <div class=\"contact-us\">\n                                                                                    <div class=\"address\">\n                                    <a href=\"https:\/\/maps.app.goo.gl\/h9vCDTkCpfL1i5TR8\" target=\"_blank\" rel=\"noopener\">\n                                        Estrada C\u00f3rdoba-M\u00e1laga, Km. 78,2, Nacional 331, Sa\u00edda Autov\u00eda 62 Lucena Sur 14900 Lucena-C\u00f3rdoba \n                                    <\/a>\n                                <\/div>\n                                                                                                        <div class=\"phone\">\n                                <span class=\"caption\">Telefone: <\/span>\n                                <a href=\"tel:+34+34957502750\"\n                                target=\"_blank\">\n                                    <span>+34 957 502 750<\/span>\n                                <\/a>\n                            <\/div>\n                                                                    <\/div>\n                    <div class=\"forminator-ui forminator-custom-form forminator-custom-form-1676 forminator-design--default  forminator_ajax\" data-forminator-render=\"0\" data-form=\"forminator-module-1676\" data-uid=\"69e4ed43d17fc\"><br\/><\/div><form\n\t\t\t\tid=\"forminator-module-1676\"\n\t\t\t\tclass=\"forminator-ui forminator-custom-form forminator-custom-form-1676 forminator-design--default  forminator_ajax\"\n\t\t\t\tmethod=\"post\"\n\t\t\t\tdata-forminator-render=\"0\"\n\t\t\t\tdata-form-id=\"1676\"\n\t\t\t\t data-color-option=\"theme\" data-design=\"default\" data-grid=\"open\" style=\"display: none;\"\n\t\t\t\tdata-uid=\"69e4ed43d17fc\"\n\t\t\t><div role=\"alert\" aria-live=\"polite\" class=\"forminator-response-message forminator-error\" aria-hidden=\"true\"><\/div><div class=\"forminator-row\"><div id=\"name-1\" class=\"forminator-field-name forminator-col forminator-col-12 \"><div class=\"forminator-field\"><label for=\"forminator-field-name-1_69e4ed43d17fc\" id=\"forminator-field-name-1_69e4ed43d17fc-label\" class=\"forminator-label\">Nome Completo <span class=\"forminator-required\">*<\/span><\/label><input type=\"text\" name=\"name-1\" value=\"\" placeholder=\"\" id=\"forminator-field-name-1_69e4ed43d17fc\" class=\"forminator-input forminator-name--field\" aria-required=\"true\" autocomplete=\"name\" \/><\/div><\/div><\/div><div class=\"forminator-row\"><div id=\"phone-1\" class=\"forminator-field-phone forminator-col forminator-col-6 \"><div class=\"forminator-field\"><label for=\"forminator-field-phone-1_69e4ed43d17fc\" id=\"forminator-field-phone-1_69e4ed43d17fc-label\" class=\"forminator-label\">Telefone <span class=\"forminator-required\">*<\/span><\/label><input type=\"text\" name=\"phone-1\" value=\"\" placeholder=\"\" id=\"forminator-field-phone-1_69e4ed43d17fc\" class=\"forminator-input forminator-field--phone\" data-required=\"1\" aria-required=\"true\" autocomplete=\"off\" \/><\/div><\/div><div id=\"email-1\" class=\"forminator-field-email forminator-col forminator-col-6 \"><div class=\"forminator-field\"><label for=\"forminator-field-email-1_69e4ed43d17fc\" id=\"forminator-field-email-1_69e4ed43d17fc-label\" class=\"forminator-label\">Email <span class=\"forminator-required\">*<\/span><\/label><input type=\"email\" name=\"email-1\" value=\"\" placeholder=\"\" id=\"forminator-field-email-1_69e4ed43d17fc\" class=\"forminator-input forminator-email--field\" data-required=\"true\" aria-required=\"true\" autocomplete=\"email\" \/><\/div><\/div><\/div><div class=\"forminator-row\"><div id=\"textarea-1\" class=\"forminator-field-textarea forminator-col forminator-col-12 \"><div class=\"forminator-field\"><label for=\"forminator-field-textarea-1_69e4ed43d17fc\" id=\"forminator-field-textarea-1_69e4ed43d17fc-label\" class=\"forminator-label\">Escreva aqui a sua mensagem<\/label><textarea name=\"textarea-1\" placeholder=\"\" id=\"forminator-field-textarea-1_69e4ed43d17fc\" class=\"forminator-textarea\" rows=\"6\" style=\"min-height:120px;\" ><\/textarea><\/div><\/div><\/div><div class=\"forminator-row\"><div id=\"consent-1\" class=\"forminator-field-consent forminator-col forminator-col-12 \"><div class=\"forminator-field\"><div class=\"forminator-checkbox__wrapper\"><label id=\"forminator-field-consent-1_69e4ed43d17fc__label\" class=\"forminator-checkbox forminator-consent\" aria-labelledby=\"forminator-field-consent-1_69e4ed43d17fc-label\" aria-hidden=\"true\"><input type=\"checkbox\" name=\"consent-1\" id=\"forminator-field-consent-1_69e4ed43d17fc\" value=\"checked\" aria-labelledby=\"forminator-field-consent-1_69e4ed43d17fc-label\" aria-describedby=\"forminator-field-consent-1_69e4ed43d17fc__description\" data-required=\"true\" aria-required=\"true\" \/><span class=\"forminator-checkbox-box\" aria-hidden=\"true\"><\/span><\/label><div id=\"forminator-field-consent-1_69e4ed43d17fc__description\" class=\"forminator-checkbox__label forminator-consent__label\"><p>Sim, concordo com o <a href=\"https:\/\/bronpi.com\/pt-pt\/aviso-legal\/\">aviso legal<\/a> e a <a href=\"https:\/\/bronpi.com\/pt-pt\/politica-de-privacidade\/\">pol\u00edtica de privacidade<\/a><\/p><\/div><\/div><\/div><\/div><\/div><div class=\"forminator-row\"><div id=\"captcha-1\" class=\"forminator-field-captcha forminator-col forminator-col-12 \"><div class=\"forminator-captcha-left forminator-g-recaptcha\" data-theme=\"light\"  data-sitekey=\"6LdD1hksAAAAAPGHkv2jl_eN-9krfzyZdbQTfsyc\" data-size=\"normal\"><\/div> <\/div><\/div><input type=\"hidden\" name=\"referer_url\" value=\"\" \/><div class=\"forminator-row forminator-row-last\"><div class=\"forminator-col\"><div class=\"forminator-field\"><button class=\"forminator-button forminator-button-submit\">Enviar<\/button><\/div><\/div><\/div><input type=\"hidden\" id=\"forminator_nonce\" name=\"forminator_nonce\" value=\"02d0b1755d\" \/><input type=\"hidden\" name=\"_wp_http_referer\" value=\"\/pt-pt\/wp-json\/wp\/v2\/pages\/1583\" \/><input type=\"hidden\" name=\"form_id\" value=\"1676\"><input type=\"hidden\" name=\"page_id\" value=\"1583\"><input type=\"hidden\" name=\"form_type\" value=\"default\"><input type=\"hidden\" name=\"current_url\" value=\"https:\/\/bronpi.com\/pt-pt\/contato\/\"><input type=\"hidden\" name=\"render_id\" value=\"0\"><input type=\"hidden\" name=\"action\" value=\"forminator_submit_form_custom-forms\"><label for=\"input_6\" class=\"forminator-hidden\" aria-hidden=\"true\">Please do not fill in this field. <input id=\"input_6\" type=\"text\" name=\"input_6\" value=\"\" autocomplete=\"off\"><\/label><\/form>\n                <\/div>\n                    <\/div>\n    <\/div>\n<\/section>\n","protected":false},"excerpt":{"rendered":"","protected":false},"author":1,"featured_media":9898,"parent":0,"menu_order":0,"comment_status":"closed","ping_status":"closed","template":"","meta":{"footnotes":""},"class_list":["post-1583","page","type-page","status-publish","has-post-thumbnail","hentry"],"_links":{"self":[{"href":"https:\/\/bronpi.com\/pt-pt\/wp-json\/wp\/v2\/pages\/1583","targetHints":{"allow":["GET"]}}],"collection":[{"href":"https:\/\/bronpi.com\/pt-pt\/wp-json\/wp\/v2\/pages"}],"about":[{"href":"https:\/\/bronpi.com\/pt-pt\/wp-json\/wp\/v2\/types\/page"}],"author":[{"embeddable":true,"href":"https:\/\/bronpi.com\/pt-pt\/wp-json\/wp\/v2\/users\/1"}],"replies":[{"embeddable":true,"href":"https:\/\/bronpi.com\/pt-pt\/wp-json\/wp\/v2\/comments?post=1583"}],"version-history":[{"count":7,"href":"https:\/\/bronpi.com\/pt-pt\/wp-json\/wp\/v2\/pages\/1583\/revisions"}],"predecessor-version":[{"id":11876,"href":"https:\/\/bronpi.com\/pt-pt\/wp-json\/wp\/v2\/pages\/1583\/revisions\/11876"}],"wp:featuredmedia":[{"embeddable":true,"href":"https:\/\/bronpi.com\/pt-pt\/wp-json\/wp\/v2\/media\/9898"}],"wp:attachment":[{"href":"https:\/\/bronpi.com\/pt-pt\/wp-json\/wp\/v2\/media?parent=1583"}],"curies":[{"name":"wp","href":"https:\/\/api.w.org\/{rel}","templated":true}]}}