{"id":1603,"date":"2025-01-15T14:05:48","date_gmt":"2025-01-15T13:05:48","guid":{"rendered":"https:\/\/bronpi.com\/politica-de-privacidad\/"},"modified":"2025-11-19T11:01:15","modified_gmt":"2025-11-19T10:01:15","slug":"politica-de-privacidade","status":"publish","type":"page","link":"https:\/\/bronpi.com\/pt-pt\/politica-de-privacidade\/","title":{"rendered":"Pol\u00edtica de privacidade"},"content":{"rendered":"<section class=\" container-xl block-simple-text  lopd \">\n                    <div class=\"title\"><p>Pol\u00edtica de privacidade<\/p><\/div>\n                            <div class=\"description\"><div class=\"document-content\">\n<h2 id=\"informacoes-gerais\">Informa\u00e7\u00f5es gerais<\/h2>\n<p>Esta Pol\u00edtica de Privacidade aplica-se a todos os dados pessoais que voc\u00ea, como usu\u00e1rio, (entendido como qualquer pessoa f\u00edsica que acesse o site) nos fornece a BRONPI CALEFACCI\u00d3N SL quando voc\u00ea acessa https:\/\/www.bronpi.com, doravante o &#8220;Site&#8221;.<\/p>\n<p>O objetivo desta Pol\u00edtica de Privacidade \u00e9 inform\u00e1-lo sobre como tratamos seus dados pessoais como usu\u00e1rio, bem como explicar os direitos que voc\u00ea possui de acordo com o Regulamento Geral de Prote\u00e7\u00e3o de Dados e outras normas aplic\u00e1veis em mat\u00e9ria de prote\u00e7\u00e3o de dados.<\/p>\n<h2 id=\"quem-e-o-responsavel\">Quem \u00e9 o respons\u00e1vel?<\/h2>\n<p>O respons\u00e1vel pelo tratamento dos dados pessoais coletados atrav\u00e9s do Site \u00e9 BRONPI CALEFACCI\u00d3N SL, com n\u00famero de identifica\u00e7\u00e3o fiscal B14465330 e domic\u00edlio social em Carr. C\u00f3rdoba &#8211; M\u00e1laga km. 78 Lucena, C\u00f3rdoba 14900, Espanha.<\/p>\n<p>Voc\u00ea pode entrar em contato com o Encarregado de Prote\u00e7\u00e3o de Dados no endere\u00e7o de e-mail jesus@novaiuris.com para fazer todas as consultas ou solicitar as informa\u00e7\u00f5es que precisar sobre o tratamento dos dados pessoais dos usu\u00e1rios.) Os dados pessoais que coletamos ser\u00e3o tratados de forma confidencial e incorporados ao nosso Registro de Atividades de Tratamento.<\/p>\n<h2 id=\"para-que-pedimos-seus-dados\">Para que pedimos seus dados?<\/h2>\n<div class=\"bt-wrapper\">\n<table data-bt-active=\"true\">\n<thead>\n<tr>\n<th>Finalidade<\/th>\n<th>Descri\u00e7\u00e3o<\/th>\n<th>Dados<\/th>\n<\/tr>\n<\/thead>\n<tbody>\n<tr>\n<td data-th=\"Finalidade\"><span class=\"bt-content\">Para fins de marketing<\/span><\/td>\n<td data-th=\"Descri\u00e7\u00e3o\"><span class=\"bt-content\">Para realizar a\u00e7\u00f5es promocionais dos nossos produtos ou servi\u00e7os, de acordo com o consentimento expresso do usu\u00e1rio e as informa\u00e7\u00f5es fornecidas no momento da coleta. Personalizar os servi\u00e7os que oferecemos a voc\u00ea e poder fazer recomenda\u00e7\u00f5es com base na sua intera\u00e7\u00e3o conosco no site e na an\u00e1lise do seu perfil de usu\u00e1rio (por exemplo, com base no seu hist\u00f3rico de compras e navega\u00e7\u00e3o). Mostrar publicidade na Internet que voc\u00ea poder\u00e1 ver ao navegar em sites da web e aplicativos, por exemplo, em redes sociais. A publicidade que voc\u00ea v\u00ea pode ser exibida de forma aleat\u00f3ria, mas em outras ocasi\u00f5es pode ser publicidade relacionada ao seu hist\u00f3rico de compras, prefer\u00eancias e navega\u00e7\u00e3o.<\/span><\/td>\n<td data-th=\"Dados\"><span class=\"bt-content\">Email, Telefone.<\/span><\/td>\n<\/tr>\n<tr>\n<td data-th=\"Finalidade\"><span class=\"bt-content\">Receber e gerir curr\u00edculos<\/span><\/td>\n<td data-th=\"Descri\u00e7\u00e3o\"><span class=\"bt-content\">Gerir o processo de sele\u00e7\u00e3o de pessoal<\/span><\/td>\n<td data-th=\"Dados\"><span class=\"bt-content\">Email, Telefone.<\/span><\/td>\n<\/tr>\n<\/tbody>\n<\/table>\n<\/div>\n<h2 id=\"qual-e-a-nossa-base-legal-para-o-tratamento-de-dados\">Qual \u00e9 a nossa base legal para o tratamento de dados?<\/h2>\n<p>Nossa base legal para o tratamento de dados pessoais \u00e9 a seguinte:<\/p>\n<ul>\n<li>Consentimento: se voc\u00ea deu consentimento expl\u00edcito no momento de inserir os dados pessoais marcando a caixa correspondente.<\/li>\n<li>Execu\u00e7\u00e3o de um contrato: se houver uma rela\u00e7\u00e3o contratual entre voc\u00ea e BRONPI CALEFACCI\u00d3N SL, ou se o tratamento dos dados pessoais for necess\u00e1rio para o desenvolvimento da rela\u00e7\u00e3o comercial.<\/li>\n<li>Cumprimento de uma obriga\u00e7\u00e3o legal: nos casos em que em BRONPI CALEFACCI\u00d3N SL tenhamos uma obriga\u00e7\u00e3o legal que nos seja aplic\u00e1vel como respons\u00e1veis pelo tratamento.<\/li>\n<li>Interesse leg\u00edtimo: nos casos em que exista um interesse leg\u00edtimo pr\u00f3prio ou de terceiros relacionado com o funcionamento do Site ou a presta\u00e7\u00e3o de servi\u00e7os ao usu\u00e1rio, desde que os interesses e direitos fundamentais dos usu\u00e1rios n\u00e3o prevale\u00e7am sobre o interesse leg\u00edtimo.<\/li>\n<\/ul>\n<h2 id=\"por-quanto-tempo-vamos-manter-seus-dados\">Por quanto tempo vamos manter seus dados?<\/h2>\n<p>Os dados pessoais que coletamos atrav\u00e9s do Site ser\u00e3o tratados e mantidos pelo tempo necess\u00e1rio para executar a finalidade para a qual foram coletados.<\/p>\n<p>Mais especificamente, os dados que coletamos para o desenvolvimento e execu\u00e7\u00e3o de um contrato com voc\u00ea ser\u00e3o mantidos enquanto a rela\u00e7\u00e3o contratual estiver em vigor, mas os dados pessoais que coletamos no exerc\u00edcio do interesse leg\u00edtimo ou com seu consentimento ser\u00e3o mantidos apenas pelo tempo necess\u00e1rio para cumprir essa finalidade.<\/p>\n<p>Ap\u00f3s o prazo estritamente necess\u00e1rio para a execu\u00e7\u00e3o das finalidades que descrevemos anteriormente, manteremos por um per\u00edodo adicional os dados pessoais, que ser\u00e1 at\u00e9 que tenham prescrito todas as a\u00e7\u00f5es que possam surgir de nossa responsabilidade decorrente de cada um dos tratamentos.<\/p>\n<h2 id=\"compartilhamos-seus-dados-com-terceiros\">Compartilhamos seus dados com terceiros?<\/h2>\n<p>Para cumprir as finalidades descritas anteriormente, \u00e9 necess\u00e1rio que concedamos acesso aos seus dados pessoais a outros prestadores de servi\u00e7os, que atuar\u00e3o como nossos encarregados de tratamento, tais como:<\/p>\n<ul>\n<li>Outras empresas do grupo<\/li>\n<\/ul>\n<p>Celebramos um acordo com as empresas que atuam como encarregados de tratamento, no qual se regula a gest\u00e3o e o tratamento dos dados pessoais dos usu\u00e1rios, bem como a adequa\u00e7\u00e3o das medidas de seguran\u00e7a adotadas.<\/p>\n<p>Nos casos em que precisarmos realizar transfer\u00eancias para terceiros com sede ou servidores fora da Uni\u00e3o Europeia ou do Espa\u00e7o Econ\u00f4mico Europeu (Isl\u00e2ndia, Noruega ou Liechtenstein), e que esse pa\u00eds n\u00e3o ofere\u00e7a um n\u00edvel de prote\u00e7\u00e3o de dados pessoais equivalente ao da Uni\u00e3o Europeia, transferiremos seus dados pessoais respeitando sempre as garantias adequadas e mantendo os padr\u00f5es de seguran\u00e7a, de acordo com a legisla\u00e7\u00e3o aplic\u00e1vel.<\/p>\n<p>Quando essas transfer\u00eancias forem feitas da UE\/EEE para um terceiro pa\u00eds para o qual a Comiss\u00e3o Europeia n\u00e3o emitiu uma Decis\u00e3o de Adequa\u00e7\u00e3o, ou n\u00e3o tivermos Regras Corporativas Vinculativas, cumpriremos o disposto para esses casos pela Comiss\u00e3o Europeia para fornecer as garantias adequadas, e sempre que apropriado, celebraremos as <a href=\"https:\/\/commission.europa.eu\/law\/law-topic\/data-protection\/international-dimension-data-protection\/standard-contractual-clauses-scc_en\" target=\"_blank\" rel=\"noopener\">Cl\u00e1usulas Contratuais Padr\u00e3o<\/a> e implementaremos medidas de prote\u00e7\u00e3o adicionais quando necess\u00e1rio.<\/p>\n<p>Se desejar mais informa\u00e7\u00f5es sobre a transfer\u00eancia de dados pessoais que realizamos para pa\u00edses fora da UE\/EEE, pode entrar em contato conosco atrav\u00e9s do seguinte endere\u00e7o de e-mail: comercial@bronpi.com<\/p>\n<h2 id=\"quais-sao-seus-direitos\">Quais s\u00e3o seus direitos?<\/h2>\n<p>Voc\u00ea poder\u00e1 exercer os seguintes direitos a qualquer momento e de forma gratuita:<\/p>\n<ul>\n<li>Acesso: para saber quais dados mantemos e o que fazemos com eles.<\/li>\n<li>Retifica\u00e7\u00e3o: para nos informar sobre algum dado incorreto.<\/li>\n<li>Elimina\u00e7\u00e3o: para que eliminemos seus dados pessoais, na medida do poss\u00edvel.<\/li>\n<li>Oposi\u00e7\u00e3o: para que deixemos de tratar seus dados pessoais para uma das finalidades mencionadas anteriormente, desde que n\u00e3o haja uma obriga\u00e7\u00e3o legal que o impe\u00e7a.<\/li>\n<li>Portabilidade: para transferir seus dados pessoais a um terceiro, na medida do poss\u00edvel.<\/li>\n<li>Limita\u00e7\u00e3o: para suspender seus dados quando contestar a exatid\u00e3o dos mesmos, ou desejar que os mantenhamos para exercer alguma a\u00e7\u00e3o.<\/li>\n<li>N\u00e3o ser objeto de decis\u00f5es baseadas unicamente no tratamento automatizado de seus dados.<\/li>\n<\/ul>\n<p>Voc\u00ea pode exercer qualquer um desses direitos gratuitamente acessando <strong><a href=\"https:\/\/app.lawwwing.com\/rights\/17e0d356-0362-483c-8ca3-b5477e20439b\/?lang=pt\" target=\"_blank\" rel=\"noopener\">aqui<\/a><\/strong>.<\/p>\n<p>Caso n\u00e3o respeitemos adequadamente esses direitos como respons\u00e1veis, informamos que voc\u00ea pode apresentar uma reclama\u00e7\u00e3o \u00e0 autoridade de controle em mat\u00e9ria de prote\u00e7\u00e3o de dados para Agencia Espa\u00f1ola de Protecci\u00f3n de Datos (AEPD), C\/Jorge Juan, 6, 28001 Madrid ou no endere\u00e7o de e-mail internacional@aepd.es.<\/p>\n<h2 id=\"confidencialidade-e-medidas-de-seguranca\">Confidencialidade e medidas de seguran\u00e7a<\/h2>\n<p>BRONPI CALEFACCI\u00d3N SL, como respons\u00e1vel pelo tratamento, comprometemo-nos a respeitar a confidencialidade dos dados pessoais dos usu\u00e1rios e a utiliz\u00e1-los de acordo com as finalidades para as quais foram coletados.<\/p>\n<p>Adotamos todas as medidas de seguran\u00e7a t\u00e9cnicas e organizacionais adequadas \u00e0 natureza dos dados que est\u00e3o sendo tratados e que s\u00e3o exigidas pela legisla\u00e7\u00e3o de prote\u00e7\u00e3o de dados.<\/p>\n<h3 id=\"alteracoes-na-politica-de-privacidade-e-cookies\">Altera\u00e7\u00f5es na Pol\u00edtica de Privacidade<\/h3>\n<p>Esta Pol\u00edtica de Privacidade\u00a0 foi atualizada pela \u00faltima vez em 09\/10\/2025, BRONPI CALEFACCI\u00d3N SL reserva-se o direito de atualizar e modificar alguns aspectos da mesma para adapt\u00e1-la \u00e0s novidades legislativas e jurisprudenciais, por isso recomendamos que a revises periodicamente.<\/p>\n<\/div><\/div>\n            <\/section>\n","protected":false},"excerpt":{"rendered":"","protected":false},"author":1,"featured_media":0,"parent":0,"menu_order":0,"comment_status":"closed","ping_status":"closed","template":"","meta":{"footnotes":""},"class_list":["post-1603","page","type-page","status-publish","hentry"],"_links":{"self":[{"href":"https:\/\/bronpi.com\/pt-pt\/wp-json\/wp\/v2\/pages\/1603","targetHints":{"allow":["GET"]}}],"collection":[{"href":"https:\/\/bronpi.com\/pt-pt\/wp-json\/wp\/v2\/pages"}],"about":[{"href":"https:\/\/bronpi.com\/pt-pt\/wp-json\/wp\/v2\/types\/page"}],"author":[{"embeddable":true,"href":"https:\/\/bronpi.com\/pt-pt\/wp-json\/wp\/v2\/users\/1"}],"replies":[{"embeddable":true,"href":"https:\/\/bronpi.com\/pt-pt\/wp-json\/wp\/v2\/comments?post=1603"}],"version-history":[{"count":9,"href":"https:\/\/bronpi.com\/pt-pt\/wp-json\/wp\/v2\/pages\/1603\/revisions"}],"predecessor-version":[{"id":11851,"href":"https:\/\/bronpi.com\/pt-pt\/wp-json\/wp\/v2\/pages\/1603\/revisions\/11851"}],"wp:attachment":[{"href":"https:\/\/bronpi.com\/pt-pt\/wp-json\/wp\/v2\/media?parent=1603"}],"curies":[{"name":"wp","href":"https:\/\/api.w.org\/{rel}","templated":true}]}}