{"id":1607,"date":"2025-01-15T14:06:04","date_gmt":"2025-01-15T13:06:04","guid":{"rendered":"https:\/\/bronpi.com\/politica-de-cookies\/"},"modified":"2025-11-19T10:55:27","modified_gmt":"2025-11-19T09:55:27","slug":"politica-de-cookies","status":"publish","type":"page","link":"https:\/\/bronpi.com\/pt-pt\/politica-de-cookies\/","title":{"rendered":"Pol\u00edtica de cookies"},"content":{"rendered":"<section class=\" container-xl block-simple-text  lopd \">\n                    <div class=\"title\"><p>Pol\u00edtica de cookies<\/p><\/div>\n                            <div class=\"description\"><div class=\"document-content\">\n<h3 id=\"antes-de-comecar-o-que-e-um-cookie-que-tipos-de-cookies-existem\">Antes de come\u00e7ar, o que \u00e9 um cookie? Que tipos de cookies existem?<\/h3>\n<p>Um cookie \u00e9 um pequeno arquivo de texto que os sites da web instalam no computador ou dispositivo m\u00f3vel dos usu\u00e1rios que os visitam. Os cookies s\u00e3o geralmente usados para fazer com que as p\u00e1ginas da web funcionem, ou o fa\u00e7am de forma mais eficiente, bem como para coletar informa\u00e7\u00f5es sobre seu uso.<\/p>\n<p>Os cookies podem ser classificados da seguinte forma:<\/p>\n<ul>\n<li>De acordo com a entidade que os gerencia: pr\u00f3prios e de terceiros;<\/li>\n<li>Pelo per\u00edodo em que permanecem ativos: de sess\u00e3o e persistentes;<\/li>\n<li>De acordo com sua finalidade: t\u00e9cnicos, de prefer\u00eancia ou personaliza\u00e7\u00e3o, de an\u00e1lise e de marketing.<\/li>\n<\/ul>\n<h3 id=\"que-cookies-utilizamos\">Que cookies utilizamos?<\/h3>\n<p>Na tabela a seguir s\u00e3o explicados os cookies que utilizamos e para que servem:<\/p>\n<div class=\"bt-wrapper\">\n<table data-bt-active=\"true\">\n<thead>\n<tr>\n<th>Nome<\/th>\n<th>Fun\u00e7\u00e3o<\/th>\n<th>Titular<\/th>\n<th>Dom\u00ednio<\/th>\n<th>Dura\u00e7\u00e3o<\/th>\n<\/tr>\n<\/thead>\n<tbody>\n<tr>\n<td data-th=\"Nome\"><span class=\"bt-content\">__utma<\/span><\/td>\n<td data-th=\"Fun\u00e7\u00e3o\"><span class=\"bt-content\">An\u00e1lise ou medi\u00e7\u00e3o<\/span><\/td>\n<td data-th=\"Titular\"><span class=\"bt-content\">Google<\/span><\/td>\n<td data-th=\"Dom\u00ednio\"><span class=\"bt-content\">bronpi.com<\/span><\/td>\n<td data-th=\"Dura\u00e7\u00e3o\"><span class=\"bt-content\">729d<\/span><\/td>\n<\/tr>\n<tr>\n<td data-th=\"Nome\"><span class=\"bt-content\">9ee0d086efba82b55efa6483afe6e513<\/span><\/td>\n<td data-th=\"Fun\u00e7\u00e3o\">\u00a0<\/td>\n<td data-th=\"Titular\"><span class=\"bt-content\">None<\/span><\/td>\n<td data-th=\"Dom\u00ednio\"><span class=\"bt-content\">www.bronpi.com<\/span><\/td>\n<td data-th=\"Dura\u00e7\u00e3o\"><span class=\"bt-content\">364d<\/span><\/td>\n<\/tr>\n<tr>\n<td data-th=\"Nome\"><span class=\"bt-content\">__utmz<\/span><\/td>\n<td data-th=\"Fun\u00e7\u00e3o\"><span class=\"bt-content\">An\u00e1lise ou medi\u00e7\u00e3o<\/span><\/td>\n<td data-th=\"Titular\"><span class=\"bt-content\">Google<\/span><\/td>\n<td data-th=\"Dom\u00ednio\"><span class=\"bt-content\">bronpi.com<\/span><\/td>\n<td data-th=\"Dura\u00e7\u00e3o\"><span class=\"bt-content\">182d<\/span><\/td>\n<\/tr>\n<tr>\n<td data-th=\"Nome\"><span class=\"bt-content\">__utmb<\/span><\/td>\n<td data-th=\"Fun\u00e7\u00e3o\"><span class=\"bt-content\">An\u00e1lise ou medi\u00e7\u00e3o<\/span><\/td>\n<td data-th=\"Titular\"><span class=\"bt-content\">Google<\/span><\/td>\n<td data-th=\"Dom\u00ednio\"><span class=\"bt-content\">bronpi.com<\/span><\/td>\n<td data-th=\"Dura\u00e7\u00e3o\"><span class=\"bt-content\">29m<\/span><\/td>\n<\/tr>\n<tr>\n<td data-th=\"Nome\"><span class=\"bt-content\">__utmt<\/span><\/td>\n<td data-th=\"Fun\u00e7\u00e3o\"><span class=\"bt-content\">An\u00e1lise ou medi\u00e7\u00e3o<\/span><\/td>\n<td data-th=\"Titular\"><span class=\"bt-content\">Google<\/span><\/td>\n<td data-th=\"Dom\u00ednio\"><span class=\"bt-content\">bronpi.com<\/span><\/td>\n<td data-th=\"Dura\u00e7\u00e3o\"><span class=\"bt-content\">9m<\/span><\/td>\n<\/tr>\n<tr>\n<td data-th=\"Nome\"><span class=\"bt-content\">9958e863c9f6d8fcfdc8f002aab72f2c<\/span><\/td>\n<td data-th=\"Fun\u00e7\u00e3o\">\u00a0<\/td>\n<td data-th=\"Titular\"><span class=\"bt-content\">None<\/span><\/td>\n<td data-th=\"Dom\u00ednio\"><span class=\"bt-content\">www.bronpi.com<\/span><\/td>\n<td data-th=\"Dura\u00e7\u00e3o\"><span class=\"bt-content\">session<\/span><\/td>\n<\/tr>\n<tr>\n<td data-th=\"Nome\"><span class=\"bt-content\">__utmc<\/span><\/td>\n<td data-th=\"Fun\u00e7\u00e3o\"><span class=\"bt-content\">An\u00e1lise ou medi\u00e7\u00e3o<\/span><\/td>\n<td data-th=\"Titular\"><span class=\"bt-content\">Google<\/span><\/td>\n<td data-th=\"Dom\u00ednio\"><span class=\"bt-content\">bronpi.com<\/span><\/td>\n<td data-th=\"Dura\u00e7\u00e3o\"><span class=\"bt-content\">session<\/span><\/td>\n<\/tr>\n<\/tbody>\n<\/table>\n<\/div>\n<h3 id=\"eliminar-cookies\">Eliminar cookies<\/h3>\n<p>A maioria dos navegadores web permite algum controle sobre a maioria dos cookies atrav\u00e9s das configura\u00e7\u00f5es do navegador. Podes configurar os cookies nos navegadores mais comuns seguindo as suas instru\u00e7\u00f5es:<\/p>\n<ul>\n<li><a href=\"https:\/\/support.google.com\/accounts\/answer\/61416?co=GENIE.Platform%3DDesktop&amp;hl=es\" target=\"_blank\" rel=\"noopener\">Google Chrome<\/a><\/li>\n<li><a href=\"https:\/\/privacy.microsoft.com\/en-us\/windows-10-microsoft-edge-and-privacy\" target=\"_blank\" rel=\"noopener\">Microsoft Edge<\/a><\/li>\n<li><a href=\"https:\/\/support.mozilla.org\/es\/kb\/Borrar%20cookies\" target=\"_blank\" rel=\"noopener\">Mozilla Firefox<\/a><\/li>\n<li><a href=\"https:\/\/support.microsoft.com\/es-es\/topic\/eliminar-y-administrar-cookies-168dab11-0753-043d-7c16-ede5947fc64d\" target=\"_blank\" rel=\"noopener\">Microsoft Internet Explorer<\/a><\/li>\n<li><a href=\"https:\/\/www.opera.com\/help\/tutorials\/security\/privacy\/\" target=\"_blank\" rel=\"noopener\">Opera<\/a><\/li>\n<li><a href=\"https:\/\/support.apple.com\/es-es\/HT201265\" target=\"_blank\" rel=\"noopener\">Apple Safari<\/a><\/li>\n<\/ul>\n<p>Para encontrar informa\u00e7\u00f5es relacionadas a outros navegadores, podes visitar o site do navegador correspondente.<\/p>\n<p>Em https:\/\/www.bronpi.com utilizamos o Google Consent Mode v2 para transmitir os consentimentos para diferentes prop\u00f3sitos. Mais informa\u00e7\u00f5es <a href=\"https:\/\/business.safety.google\/privacy\/\" target=\"_blank\" rel=\"noopener\">aqui<\/a><\/p>\n<h3 id=\"alteracoes-na-politica-de-privacidade-e-cookies\">Altera\u00e7\u00f5es na Pol\u00edtica de Cookies<\/h3>\n<p>Esta Pol\u00edtica de Cookies foi atualizada pela \u00faltima vez em 09\/10\/2025, BRONPI CALEFACCI\u00d3N SL reserva-se o direito de atualizar e modificar alguns aspectos da mesma para adapt\u00e1-la \u00e0s novidades legislativas e jurisprudenciais, por isso recomendamos que a revises periodicamente.<\/p>\n<\/div><\/div>\n            <\/section>\n","protected":false},"excerpt":{"rendered":"","protected":false},"author":1,"featured_media":0,"parent":0,"menu_order":0,"comment_status":"closed","ping_status":"closed","template":"","meta":{"footnotes":""},"class_list":["post-1607","page","type-page","status-publish","hentry"],"_links":{"self":[{"href":"https:\/\/bronpi.com\/pt-pt\/wp-json\/wp\/v2\/pages\/1607","targetHints":{"allow":["GET"]}}],"collection":[{"href":"https:\/\/bronpi.com\/pt-pt\/wp-json\/wp\/v2\/pages"}],"about":[{"href":"https:\/\/bronpi.com\/pt-pt\/wp-json\/wp\/v2\/types\/page"}],"author":[{"embeddable":true,"href":"https:\/\/bronpi.com\/pt-pt\/wp-json\/wp\/v2\/users\/1"}],"replies":[{"embeddable":true,"href":"https:\/\/bronpi.com\/pt-pt\/wp-json\/wp\/v2\/comments?post=1607"}],"version-history":[{"count":5,"href":"https:\/\/bronpi.com\/pt-pt\/wp-json\/wp\/v2\/pages\/1607\/revisions"}],"predecessor-version":[{"id":11853,"href":"https:\/\/bronpi.com\/pt-pt\/wp-json\/wp\/v2\/pages\/1607\/revisions\/11853"}],"wp:attachment":[{"href":"https:\/\/bronpi.com\/pt-pt\/wp-json\/wp\/v2\/media?parent=1607"}],"curies":[{"name":"wp","href":"https:\/\/api.w.org\/{rel}","templated":true}]}}