{"id":10303,"date":"2025-09-01T11:01:10","date_gmt":"2025-09-01T09:01:10","guid":{"rendered":"https:\/\/bronpi.com\/product\/inversor-tubos-3\/"},"modified":"2025-09-01T11:01:10","modified_gmt":"2025-09-01T09:01:10","slug":"inversor-tubos-3","status":"publish","type":"product","link":"https:\/\/bronpi.com\/pt-pt\/produto\/inversor-tubos-3\/","title":{"rendered":"INVERSOR TUBOS"},"content":{"rendered":"<p>&#8211; Adequado para todos os modelos de Bronpi.<br \/>\n&#8211; Dispon\u00edvel em \u00d8150 (XN15-N) e \u00d8200 mm (XN20-N).<br \/>\n&#8211; Dispon\u00edvel pintado em preto.<\/p>\n","protected":false},"excerpt":{"rendered":"<p>Adequado para todos os modelos de Bronpi<\/p>\n","protected":false},"featured_media":7193,"template":"","meta":[],"product_brand":[],"product_cat":[278],"product_tag":[],"class_list":{"0":"post-10303","1":"product","2":"type-product","3":"status-publish","4":"has-post-thumbnail","6":"product_cat-acessorios-pt-pt","8":"first","9":"instock","10":"shipping-taxable","11":"product-type-simple"},"_links":{"self":[{"href":"https:\/\/bronpi.com\/pt-pt\/wp-json\/wp\/v2\/product\/10303","targetHints":{"allow":["GET"]}}],"collection":[{"href":"https:\/\/bronpi.com\/pt-pt\/wp-json\/wp\/v2\/product"}],"about":[{"href":"https:\/\/bronpi.com\/pt-pt\/wp-json\/wp\/v2\/types\/product"}],"wp:featuredmedia":[{"embeddable":true,"href":"https:\/\/bronpi.com\/pt-pt\/wp-json\/wp\/v2\/media\/7193"}],"wp:attachment":[{"href":"https:\/\/bronpi.com\/pt-pt\/wp-json\/wp\/v2\/media?parent=10303"}],"wp:term":[{"taxonomy":"product_brand","embeddable":true,"href":"https:\/\/bronpi.com\/pt-pt\/wp-json\/wp\/v2\/product_brand?post=10303"},{"taxonomy":"product_cat","embeddable":true,"href":"https:\/\/bronpi.com\/pt-pt\/wp-json\/wp\/v2\/product_cat?post=10303"},{"taxonomy":"product_tag","embeddable":true,"href":"https:\/\/bronpi.com\/pt-pt\/wp-json\/wp\/v2\/product_tag?post=10303"}],"curies":[{"name":"wp","href":"https:\/\/api.w.org\/{rel}","templated":true}]}}