{"id":10316,"date":"2025-09-02T08:13:40","date_gmt":"2025-09-02T06:13:40","guid":{"rendered":"https:\/\/bronpi.com\/product\/kit-wifi-1\/"},"modified":"2026-03-27T07:10:02","modified_gmt":"2026-03-27T06:10:02","slug":"kit-wifi-1","status":"publish","type":"product","link":"https:\/\/bronpi.com\/pt-pt\/produto\/kit-wifi-1\/","title":{"rendered":"KIT WIFI 1"},"content":{"rendered":"<p>AGORA CONTROLE SUA SALAMANDRA TAMB\u00c9N ATRAV\u00c9S DE BLUETOOTH COM O KIT WIFI 1<\/p>\n<p>Com o KIT WIFI agora \u00e9 poss\u00edvel controlar seu equipamento atrav\u00e9s de qualquer dispositivo com acesso \u00e0 internet (computador, celular, tablet&#8230;).<\/p>\n<p>Atrav\u00e9s de um aplicativo, voc\u00ea acessar\u00e1 sua Salamandra\/caldeira para saber seu estado, modificar a temperatura e pot\u00eancia, ligar e desligar, programar ligamentos e desligamentos di\u00e1rios, etc.<\/p>\n<p>Dever\u00e1 ter internet wifi no local onde instalar o equipamento.<\/p>\n<p>Ref. KIT WIFI 1: NICOL, TINA, NINA, KIRA, RITA, PRINCESA, NOA, TAVIRA, BRUNO-SLIM, NEVA, LUPE, CIRA, CLEO, DORA, ADRY, ABRIL-EXTRA, CORAL, EVA, ADEL, ALPES HYDRO, NOA-HYDRO.<\/p>\n","protected":false},"excerpt":{"rendered":"<p>M\u00f3dulo WIFI-1 para controlo remoto<\/p>\n","protected":false},"featured_media":7047,"template":"","meta":[],"product_brand":[],"product_cat":[278,274],"product_tag":[],"class_list":{"0":"post-10316","1":"product","2":"type-product","3":"status-publish","4":"has-post-thumbnail","6":"product_cat-acessorios-pt-pt","7":"product_cat-pellet-acessorios-pt","9":"first","10":"instock","11":"shipping-taxable","12":"product-type-simple"},"_links":{"self":[{"href":"https:\/\/bronpi.com\/pt-pt\/wp-json\/wp\/v2\/product\/10316","targetHints":{"allow":["GET"]}}],"collection":[{"href":"https:\/\/bronpi.com\/pt-pt\/wp-json\/wp\/v2\/product"}],"about":[{"href":"https:\/\/bronpi.com\/pt-pt\/wp-json\/wp\/v2\/types\/product"}],"wp:featuredmedia":[{"embeddable":true,"href":"https:\/\/bronpi.com\/pt-pt\/wp-json\/wp\/v2\/media\/7047"}],"wp:attachment":[{"href":"https:\/\/bronpi.com\/pt-pt\/wp-json\/wp\/v2\/media?parent=10316"}],"wp:term":[{"taxonomy":"product_brand","embeddable":true,"href":"https:\/\/bronpi.com\/pt-pt\/wp-json\/wp\/v2\/product_brand?post=10316"},{"taxonomy":"product_cat","embeddable":true,"href":"https:\/\/bronpi.com\/pt-pt\/wp-json\/wp\/v2\/product_cat?post=10316"},{"taxonomy":"product_tag","embeddable":true,"href":"https:\/\/bronpi.com\/pt-pt\/wp-json\/wp\/v2\/product_tag?post=10316"}],"curies":[{"name":"wp","href":"https:\/\/api.w.org\/{rel}","templated":true}]}}