{"id":10334,"date":"2025-09-02T07:45:00","date_gmt":"2025-09-02T05:45:00","guid":{"rendered":"https:\/\/bronpi.com\/product\/valvula-termostatica-de-resfriamento\/"},"modified":"2025-09-02T07:45:00","modified_gmt":"2025-09-02T05:45:00","slug":"valvula-termostatica-de-resfriamento","status":"publish","type":"product","link":"https:\/\/bronpi.com\/pt-pt\/produto\/valvula-termostatica-de-resfriamento\/","title":{"rendered":"V\u00c1LVULA TERMOSTATICA DE RESFRIAMENTO"},"content":{"rendered":"<p>V\u00e1lvula cuja fun\u00e7\u00e3o \u00e9 evitar o superaquecimento da instala\u00e7\u00e3o em caldeiras de biomassa.<\/p>\n<p>A v\u00e1lvula normalmente est\u00e1 fechada, mas quando o fluido atinge a temperatura pr\u00e9-definida (em torno de 95\u00baC), comien\u00e7a a abertura das duas se\u00e7\u00f5es, drenando a \u00e1gua quente atrav\u00e9s da se\u00e7\u00e3o inferior e introduzindo ao mesmo tempo \u00e1gua \u201cfria\u201d de rede para o retorno pela se\u00e7\u00e3o superior.<\/p>\n<p>Quando a temperatura do fluido cai, a v\u00e1lvula come\u00e7a a fechar ambas as se\u00e7\u00f5es.<\/p>\n","protected":false},"excerpt":{"rendered":"<p>VAL-05<\/p>\n","protected":false},"featured_media":7027,"template":"","meta":[],"product_brand":[],"product_cat":[278],"product_tag":[],"class_list":{"0":"post-10334","1":"product","2":"type-product","3":"status-publish","4":"has-post-thumbnail","6":"product_cat-acessorios-pt-pt","8":"first","9":"instock","10":"shipping-taxable","11":"product-type-simple"},"_links":{"self":[{"href":"https:\/\/bronpi.com\/pt-pt\/wp-json\/wp\/v2\/product\/10334","targetHints":{"allow":["GET"]}}],"collection":[{"href":"https:\/\/bronpi.com\/pt-pt\/wp-json\/wp\/v2\/product"}],"about":[{"href":"https:\/\/bronpi.com\/pt-pt\/wp-json\/wp\/v2\/types\/product"}],"wp:featuredmedia":[{"embeddable":true,"href":"https:\/\/bronpi.com\/pt-pt\/wp-json\/wp\/v2\/media\/7027"}],"wp:attachment":[{"href":"https:\/\/bronpi.com\/pt-pt\/wp-json\/wp\/v2\/media?parent=10334"}],"wp:term":[{"taxonomy":"product_brand","embeddable":true,"href":"https:\/\/bronpi.com\/pt-pt\/wp-json\/wp\/v2\/product_brand?post=10334"},{"taxonomy":"product_cat","embeddable":true,"href":"https:\/\/bronpi.com\/pt-pt\/wp-json\/wp\/v2\/product_cat?post=10334"},{"taxonomy":"product_tag","embeddable":true,"href":"https:\/\/bronpi.com\/pt-pt\/wp-json\/wp\/v2\/product_tag?post=10334"}],"curies":[{"name":"wp","href":"https:\/\/api.w.org\/{rel}","templated":true}]}}