{"id":10341,"date":"2025-09-02T07:34:39","date_gmt":"2025-09-02T05:34:39","guid":{"rendered":"https:\/\/bronpi.com\/product\/valvula-de-descarga-termica\/"},"modified":"2025-09-02T07:34:39","modified_gmt":"2025-09-02T05:34:39","slug":"valvula-de-descarga-termica","status":"publish","type":"product","link":"https:\/\/bronpi.com\/pt-pt\/produto\/valvula-de-descarga-termica\/","title":{"rendered":"V\u00c1LVULA DE DESCARGA T\u00c9RMICA"},"content":{"rendered":"<p>Acess\u00f3rio indispens\u00e1vel para completar o sistema anti-ebuli\u00e7\u00e3o como prote\u00e7\u00e3o t\u00e9rmica.<\/p>\n<p>A v\u00e1lvula leva uma sonda de temperatura que, chegando a um limite, normalmente da ordem de 92 ou 93\u00baC, aciona a v\u00e1lvula deixando passar a \u00e1gua fria da rede atrav\u00e9s dela e conduz-a ao serpentino de resfriamento, conseguindo assim que mesmo no caso de um corte de energia e bombas de circula\u00e7\u00e3o n\u00e3o funcionam, a caldeira n\u00e3o sobreaquece.<\/p>\n","protected":false},"excerpt":{"rendered":"<p>VAL-01 (Sistema anti-ebuli\u00e7\u00e3o)<\/p>\n","protected":false},"featured_media":7033,"template":"","meta":[],"product_brand":[],"product_cat":[278],"product_tag":[],"class_list":{"0":"post-10341","1":"product","2":"type-product","3":"status-publish","4":"has-post-thumbnail","6":"product_cat-acessorios-pt-pt","8":"first","9":"instock","10":"shipping-taxable","11":"product-type-simple"},"_links":{"self":[{"href":"https:\/\/bronpi.com\/pt-pt\/wp-json\/wp\/v2\/product\/10341","targetHints":{"allow":["GET"]}}],"collection":[{"href":"https:\/\/bronpi.com\/pt-pt\/wp-json\/wp\/v2\/product"}],"about":[{"href":"https:\/\/bronpi.com\/pt-pt\/wp-json\/wp\/v2\/types\/product"}],"wp:featuredmedia":[{"embeddable":true,"href":"https:\/\/bronpi.com\/pt-pt\/wp-json\/wp\/v2\/media\/7033"}],"wp:attachment":[{"href":"https:\/\/bronpi.com\/pt-pt\/wp-json\/wp\/v2\/media?parent=10341"}],"wp:term":[{"taxonomy":"product_brand","embeddable":true,"href":"https:\/\/bronpi.com\/pt-pt\/wp-json\/wp\/v2\/product_brand?post=10341"},{"taxonomy":"product_cat","embeddable":true,"href":"https:\/\/bronpi.com\/pt-pt\/wp-json\/wp\/v2\/product_cat?post=10341"},{"taxonomy":"product_tag","embeddable":true,"href":"https:\/\/bronpi.com\/pt-pt\/wp-json\/wp\/v2\/product_tag?post=10341"}],"curies":[{"name":"wp","href":"https:\/\/api.w.org\/{rel}","templated":true}]}}