{"id":10345,"date":"2025-09-02T07:37:06","date_gmt":"2025-09-02T05:37:06","guid":{"rendered":"https:\/\/bronpi.com\/product\/valvula-termostatica-anti-condensacao\/"},"modified":"2025-09-02T07:37:06","modified_gmt":"2025-09-02T05:37:06","slug":"valvula-termostatica-anti-condensacao","status":"publish","type":"product","link":"https:\/\/bronpi.com\/pt-pt\/produto\/valvula-termostatica-anti-condensacao\/","title":{"rendered":"V\u00c1LVULA TERMOST\u00c1TICA ANTI-CONDENSA\u00c7\u00c3O"},"content":{"rendered":"<p>A v\u00e1lvula permite manter constante a temperatura da \u00e1gua de retorno \u00e0 caldeira em valor seleccionado de uma temperatura de 55\u00ba C.<\/p>\n<p>VAL-02 : v\u00e1lvula termost\u00e1tica anti-condensa\u00e7\u00e3o de 3 x 1\u201d<br \/>\nVAL-03 : v\u00e1lvula termost\u00e1tica anti-condensa\u00e7\u00e3o de 3 x 1 \u00bc \u201c<\/p>\n","protected":false},"excerpt":{"rendered":"<p>VAL-02 | VAL-03<\/p>\n","protected":false},"featured_media":7022,"template":"","meta":[],"product_brand":[],"product_cat":[278],"product_tag":[],"class_list":{"0":"post-10345","1":"product","2":"type-product","3":"status-publish","4":"has-post-thumbnail","6":"product_cat-acessorios-pt-pt","8":"first","9":"instock","10":"shipping-taxable","11":"product-type-simple"},"_links":{"self":[{"href":"https:\/\/bronpi.com\/pt-pt\/wp-json\/wp\/v2\/product\/10345","targetHints":{"allow":["GET"]}}],"collection":[{"href":"https:\/\/bronpi.com\/pt-pt\/wp-json\/wp\/v2\/product"}],"about":[{"href":"https:\/\/bronpi.com\/pt-pt\/wp-json\/wp\/v2\/types\/product"}],"wp:featuredmedia":[{"embeddable":true,"href":"https:\/\/bronpi.com\/pt-pt\/wp-json\/wp\/v2\/media\/7022"}],"wp:attachment":[{"href":"https:\/\/bronpi.com\/pt-pt\/wp-json\/wp\/v2\/media?parent=10345"}],"wp:term":[{"taxonomy":"product_brand","embeddable":true,"href":"https:\/\/bronpi.com\/pt-pt\/wp-json\/wp\/v2\/product_brand?post=10345"},{"taxonomy":"product_cat","embeddable":true,"href":"https:\/\/bronpi.com\/pt-pt\/wp-json\/wp\/v2\/product_cat?post=10345"},{"taxonomy":"product_tag","embeddable":true,"href":"https:\/\/bronpi.com\/pt-pt\/wp-json\/wp\/v2\/product_tag?post=10345"}],"curies":[{"name":"wp","href":"https:\/\/api.w.org\/{rel}","templated":true}]}}