{"id":10346,"date":"2025-09-01T11:05:35","date_gmt":"2025-09-01T09:05:35","guid":{"rendered":"https:\/\/bronpi.com\/product\/grelha-protetora-de-vidro\/"},"modified":"2025-09-01T11:05:35","modified_gmt":"2025-09-01T09:05:35","slug":"grelha-protetora-de-vidro","status":"publish","type":"product","link":"https:\/\/bronpi.com\/pt-pt\/produto\/grelha-protetora-de-vidro\/","title":{"rendered":"GRELHA PROTETORA DE VIDRO"},"content":{"rendered":"<p>Grelha protetora para vidro feita em barras de a\u00e7o cromado.<br \/>\nFixa\u00e7\u00e3o ao aparelho atrav\u00e9s de \u00edm\u00e3s m\u00f3veis em diferentes posi\u00e7\u00f5es.<br \/>\nPergunte modelos compat\u00edveis.<\/p>\n","protected":false},"excerpt":{"rendered":"<p>Feita em barras de a\u00e7o cromado.<\/p>\n","protected":false},"featured_media":7198,"template":"","meta":[],"product_brand":[],"product_cat":[278],"product_tag":[],"class_list":{"0":"post-10346","1":"product","2":"type-product","3":"status-publish","4":"has-post-thumbnail","6":"product_cat-acessorios-pt-pt","8":"first","9":"instock","10":"shipping-taxable","11":"product-type-simple"},"_links":{"self":[{"href":"https:\/\/bronpi.com\/pt-pt\/wp-json\/wp\/v2\/product\/10346","targetHints":{"allow":["GET"]}}],"collection":[{"href":"https:\/\/bronpi.com\/pt-pt\/wp-json\/wp\/v2\/product"}],"about":[{"href":"https:\/\/bronpi.com\/pt-pt\/wp-json\/wp\/v2\/types\/product"}],"wp:featuredmedia":[{"embeddable":true,"href":"https:\/\/bronpi.com\/pt-pt\/wp-json\/wp\/v2\/media\/7198"}],"wp:attachment":[{"href":"https:\/\/bronpi.com\/pt-pt\/wp-json\/wp\/v2\/media?parent=10346"}],"wp:term":[{"taxonomy":"product_brand","embeddable":true,"href":"https:\/\/bronpi.com\/pt-pt\/wp-json\/wp\/v2\/product_brand?post=10346"},{"taxonomy":"product_cat","embeddable":true,"href":"https:\/\/bronpi.com\/pt-pt\/wp-json\/wp\/v2\/product_cat?post=10346"},{"taxonomy":"product_tag","embeddable":true,"href":"https:\/\/bronpi.com\/pt-pt\/wp-json\/wp\/v2\/product_tag?post=10346"}],"curies":[{"name":"wp","href":"https:\/\/api.w.org\/{rel}","templated":true}]}}