{"id":10352,"date":"2025-09-02T14:31:40","date_gmt":"2025-09-02T12:31:40","guid":{"rendered":"https:\/\/bronpi.com\/product\/grelha-protetora-de-vidro-2\/"},"modified":"2025-09-02T14:31:40","modified_gmt":"2025-09-02T12:31:40","slug":"grelha-protetora-de-vidro-2","status":"publish","type":"product","link":"https:\/\/bronpi.com\/pt-pt\/produto\/grelha-protetora-de-vidro-2\/","title":{"rendered":"GRELHA PROTETORA DE VIDRO"},"content":{"rendered":"<p>&#8211; Grelha protetora para vidro feita em barras de a\u00e7o cromado.<br \/>\n&#8211; Fixa\u00e7\u00e3o ao aparelho atrav\u00e9s de \u00edm\u00e3s m\u00f3veis em diferentes posi\u00e7\u00f5es.<br \/>\n&#8211; Pergunte modelos compat\u00edveis.<\/p>\n","protected":false},"excerpt":{"rendered":"<p>Adequado para todos os modelos de Bronpi<\/p>\n","protected":false},"featured_media":6883,"template":"","meta":[],"product_brand":[],"product_cat":[278],"product_tag":[],"class_list":{"0":"post-10352","1":"product","2":"type-product","3":"status-publish","4":"has-post-thumbnail","6":"product_cat-acessorios-pt-pt","8":"first","9":"instock","10":"shipping-taxable","11":"product-type-grouped"},"_links":{"self":[{"href":"https:\/\/bronpi.com\/pt-pt\/wp-json\/wp\/v2\/product\/10352","targetHints":{"allow":["GET"]}}],"collection":[{"href":"https:\/\/bronpi.com\/pt-pt\/wp-json\/wp\/v2\/product"}],"about":[{"href":"https:\/\/bronpi.com\/pt-pt\/wp-json\/wp\/v2\/types\/product"}],"wp:featuredmedia":[{"embeddable":true,"href":"https:\/\/bronpi.com\/pt-pt\/wp-json\/wp\/v2\/media\/6883"}],"wp:attachment":[{"href":"https:\/\/bronpi.com\/pt-pt\/wp-json\/wp\/v2\/media?parent=10352"}],"wp:term":[{"taxonomy":"product_brand","embeddable":true,"href":"https:\/\/bronpi.com\/pt-pt\/wp-json\/wp\/v2\/product_brand?post=10352"},{"taxonomy":"product_cat","embeddable":true,"href":"https:\/\/bronpi.com\/pt-pt\/wp-json\/wp\/v2\/product_cat?post=10352"},{"taxonomy":"product_tag","embeddable":true,"href":"https:\/\/bronpi.com\/pt-pt\/wp-json\/wp\/v2\/product_tag?post=10352"}],"curies":[{"name":"wp","href":"https:\/\/api.w.org\/{rel}","templated":true}]}}