{"id":10354,"date":"2025-09-03T11:34:41","date_gmt":"2025-09-03T09:34:41","guid":{"rendered":"https:\/\/bronpi.com\/product\/grelha-protetora\/"},"modified":"2025-09-03T11:34:41","modified_gmt":"2025-09-03T09:34:41","slug":"grelha-protetora","status":"publish","type":"product","link":"https:\/\/bronpi.com\/pt-pt\/produto\/grelha-protetora\/","title":{"rendered":"GRELHA PROTETORA"},"content":{"rendered":"<p>&#8211; Grelha protetora para vidro feita em barras de a\u00e7o cromado.<br \/>\n&#8211; Fixa\u00e7\u00e3o ao aparelho atrav\u00e9s de \u00edm\u00e3s m\u00f3veis em diferentes posi\u00e7\u00f5es.<br \/>\n&#8211; Pergunte modelos compat\u00edveis.<\/p>\n","protected":false},"excerpt":{"rendered":"<p>Adequado para todos os modelos de Bronpi<\/p>\n","protected":false},"featured_media":0,"template":"","meta":[],"product_brand":[],"product_cat":[278],"product_tag":[],"class_list":{"0":"post-10354","1":"product","2":"type-product","3":"status-publish","5":"product_cat-acessorios-pt-pt","7":"first","8":"instock","9":"shipping-taxable","10":"product-type-grouped"},"_links":{"self":[{"href":"https:\/\/bronpi.com\/pt-pt\/wp-json\/wp\/v2\/product\/10354","targetHints":{"allow":["GET"]}}],"collection":[{"href":"https:\/\/bronpi.com\/pt-pt\/wp-json\/wp\/v2\/product"}],"about":[{"href":"https:\/\/bronpi.com\/pt-pt\/wp-json\/wp\/v2\/types\/product"}],"wp:attachment":[{"href":"https:\/\/bronpi.com\/pt-pt\/wp-json\/wp\/v2\/media?parent=10354"}],"wp:term":[{"taxonomy":"product_brand","embeddable":true,"href":"https:\/\/bronpi.com\/pt-pt\/wp-json\/wp\/v2\/product_brand?post=10354"},{"taxonomy":"product_cat","embeddable":true,"href":"https:\/\/bronpi.com\/pt-pt\/wp-json\/wp\/v2\/product_cat?post=10354"},{"taxonomy":"product_tag","embeddable":true,"href":"https:\/\/bronpi.com\/pt-pt\/wp-json\/wp\/v2\/product_tag?post=10354"}],"curies":[{"name":"wp","href":"https:\/\/api.w.org\/{rel}","templated":true}]}}