{"id":10423,"date":"2025-09-01T14:11:47","date_gmt":"2025-09-01T12:11:47","guid":{"rendered":"https:\/\/bronpi.com\/product\/aspirador-de-cinzas\/"},"modified":"2025-09-01T14:11:47","modified_gmt":"2025-09-01T12:11:47","slug":"aspirador-de-cinzas","status":"publish","type":"product","link":"https:\/\/bronpi.com\/pt-pt\/produto\/aspirador-de-cinzas\/","title":{"rendered":"ASPIRADOR DE CINZAS"},"content":{"rendered":"<p>&#8211; Fun\u00e7\u00e3o: aspira\u00e7\u00e3o\/sopro.<br \/>\n&#8211; Tubo met\u00e1lico de 1 metro com adaptador para cantos.<br \/>\n&#8211; Motor: 230V 50-60HZ 800W.<br \/>\n&#8211; Tanque de metal.<br \/>\n&#8211; Capacidade: 20 litros.<\/p>\n","protected":false},"excerpt":{"rendered":"<p>Para aspira\u00e7\u00e3o\/ sopro<\/p>\n","protected":false},"featured_media":6972,"template":"","meta":[],"product_brand":[],"product_cat":[278],"product_tag":[],"class_list":{"0":"post-10423","1":"product","2":"type-product","3":"status-publish","4":"has-post-thumbnail","6":"product_cat-acessorios-pt-pt","8":"first","9":"instock","10":"shipping-taxable","11":"product-type-simple"},"_links":{"self":[{"href":"https:\/\/bronpi.com\/pt-pt\/wp-json\/wp\/v2\/product\/10423","targetHints":{"allow":["GET"]}}],"collection":[{"href":"https:\/\/bronpi.com\/pt-pt\/wp-json\/wp\/v2\/product"}],"about":[{"href":"https:\/\/bronpi.com\/pt-pt\/wp-json\/wp\/v2\/types\/product"}],"wp:featuredmedia":[{"embeddable":true,"href":"https:\/\/bronpi.com\/pt-pt\/wp-json\/wp\/v2\/media\/6972"}],"wp:attachment":[{"href":"https:\/\/bronpi.com\/pt-pt\/wp-json\/wp\/v2\/media?parent=10423"}],"wp:term":[{"taxonomy":"product_brand","embeddable":true,"href":"https:\/\/bronpi.com\/pt-pt\/wp-json\/wp\/v2\/product_brand?post=10423"},{"taxonomy":"product_cat","embeddable":true,"href":"https:\/\/bronpi.com\/pt-pt\/wp-json\/wp\/v2\/product_cat?post=10423"},{"taxonomy":"product_tag","embeddable":true,"href":"https:\/\/bronpi.com\/pt-pt\/wp-json\/wp\/v2\/product_tag?post=10423"}],"curies":[{"name":"wp","href":"https:\/\/api.w.org\/{rel}","templated":true}]}}