{"id":10435,"date":"2025-09-01T14:13:59","date_gmt":"2025-09-01T12:13:59","guid":{"rendered":"https:\/\/bronpi.com\/product\/kit-de-reparacao\/"},"modified":"2025-09-01T14:13:59","modified_gmt":"2025-09-01T12:13:59","slug":"kit-de-reparacao","status":"publish","type":"product","link":"https:\/\/bronpi.com\/pt-pt\/produto\/kit-de-reparacao\/","title":{"rendered":"Kit de repara\u00e7\u00e3o"},"content":{"rendered":"<p>&#8211; REF. 29 Kit de repara\u00e7\u00e3o (Inclui cord\u00e3o cer\u00e2mico preto 10 mm e silicone). 2,5 Metros.<br \/>\n&#8211; REF. 31 Kit de repara\u00e7\u00e3o (Inclui cord\u00e3o cer\u00e2mico preto 12 mm e silicone). 2,5 Metros.  <\/p>\n","protected":false},"excerpt":{"rendered":"<p>Cord\u00e3o cer\u00e2mico preto e silicone<\/p>\n","protected":false},"featured_media":6978,"template":"","meta":[],"product_brand":[],"product_cat":[278],"product_tag":[],"class_list":{"0":"post-10435","1":"product","2":"type-product","3":"status-publish","4":"has-post-thumbnail","6":"product_cat-acessorios-pt-pt","8":"first","9":"instock","10":"shipping-taxable","11":"product-type-simple"},"_links":{"self":[{"href":"https:\/\/bronpi.com\/pt-pt\/wp-json\/wp\/v2\/product\/10435","targetHints":{"allow":["GET"]}}],"collection":[{"href":"https:\/\/bronpi.com\/pt-pt\/wp-json\/wp\/v2\/product"}],"about":[{"href":"https:\/\/bronpi.com\/pt-pt\/wp-json\/wp\/v2\/types\/product"}],"wp:featuredmedia":[{"embeddable":true,"href":"https:\/\/bronpi.com\/pt-pt\/wp-json\/wp\/v2\/media\/6978"}],"wp:attachment":[{"href":"https:\/\/bronpi.com\/pt-pt\/wp-json\/wp\/v2\/media?parent=10435"}],"wp:term":[{"taxonomy":"product_brand","embeddable":true,"href":"https:\/\/bronpi.com\/pt-pt\/wp-json\/wp\/v2\/product_brand?post=10435"},{"taxonomy":"product_cat","embeddable":true,"href":"https:\/\/bronpi.com\/pt-pt\/wp-json\/wp\/v2\/product_cat?post=10435"},{"taxonomy":"product_tag","embeddable":true,"href":"https:\/\/bronpi.com\/pt-pt\/wp-json\/wp\/v2\/product_tag?post=10435"}],"curies":[{"name":"wp","href":"https:\/\/api.w.org\/{rel}","templated":true}]}}