{"id":10471,"date":"2025-09-01T12:59:32","date_gmt":"2025-09-01T10:59:32","guid":{"rendered":"https:\/\/bronpi.com\/product\/serie-m-d\/"},"modified":"2025-09-01T12:59:32","modified_gmt":"2025-09-01T10:59:32","slug":"serie-m-d","status":"publish","type":"product","link":"https:\/\/bronpi.com\/pt-pt\/produto\/serie-m-d\/","title":{"rendered":"S\u00e9rie M-D"},"content":{"rendered":"<p>&#8211; Grelha simples e ajust\u00e1vel com pr\u00e9-moldura inclu\u00edda.<\/p>\n<p>&#8211; Dispon\u00edvel em v\u00e1rios tamanhos e em duas cores (branco e preto)<\/p>\n","protected":false},"excerpt":{"rendered":"<p>Grelha simples e ajust\u00e1vel (lenha)<\/p>\n","protected":false},"featured_media":6952,"template":"","meta":[],"product_brand":[],"product_cat":[278,176],"product_tag":[],"class_list":{"0":"post-10471","1":"product","2":"type-product","3":"status-publish","4":"has-post-thumbnail","6":"product_cat-acessorios-pt-pt","7":"product_cat-ventilacao-pt-pt","9":"first","10":"instock","11":"shipping-taxable","12":"product-type-simple"},"_links":{"self":[{"href":"https:\/\/bronpi.com\/pt-pt\/wp-json\/wp\/v2\/product\/10471","targetHints":{"allow":["GET"]}}],"collection":[{"href":"https:\/\/bronpi.com\/pt-pt\/wp-json\/wp\/v2\/product"}],"about":[{"href":"https:\/\/bronpi.com\/pt-pt\/wp-json\/wp\/v2\/types\/product"}],"wp:featuredmedia":[{"embeddable":true,"href":"https:\/\/bronpi.com\/pt-pt\/wp-json\/wp\/v2\/media\/6952"}],"wp:attachment":[{"href":"https:\/\/bronpi.com\/pt-pt\/wp-json\/wp\/v2\/media?parent=10471"}],"wp:term":[{"taxonomy":"product_brand","embeddable":true,"href":"https:\/\/bronpi.com\/pt-pt\/wp-json\/wp\/v2\/product_brand?post=10471"},{"taxonomy":"product_cat","embeddable":true,"href":"https:\/\/bronpi.com\/pt-pt\/wp-json\/wp\/v2\/product_cat?post=10471"},{"taxonomy":"product_tag","embeddable":true,"href":"https:\/\/bronpi.com\/pt-pt\/wp-json\/wp\/v2\/product_tag?post=10471"}],"curies":[{"name":"wp","href":"https:\/\/api.w.org\/{rel}","templated":true}]}}