{"id":10480,"date":"2025-09-01T12:02:42","date_gmt":"2025-09-01T10:02:42","guid":{"rendered":"https:\/\/bronpi.com\/product\/serie-r-1\/"},"modified":"2025-09-01T12:02:42","modified_gmt":"2025-09-01T10:02:42","slug":"serie-r-1","status":"publish","type":"product","link":"https:\/\/bronpi.com\/pt-pt\/produto\/serie-r-1\/","title":{"rendered":"S\u00e9rie R-1"},"content":{"rendered":"<p>&#8211; Ideal para regular o fluxo de ar para outras salas. Atrav\u00e9s de seu sistema de abertura regul\u00e1vel , podemos fixar o fluxo desejado ou at\u00e9 mesmo fech\u00e1-lo totalmente. <\/p>\n<p>&#8211; Caixa opcional C-1 com 1 sa\u00edda de120\u00d8 para S\u00e9rie R-1.<\/p>\n<p>&#8211; Consulta las medidas.<\/p>\n","protected":false},"excerpt":{"rendered":"<p>Grelha ajust\u00e1vel, uma sa\u00edda adapt\u00e1vel<\/p>\n","protected":false},"featured_media":6939,"template":"","meta":[],"product_brand":[],"product_cat":[278,176],"product_tag":[],"class_list":{"0":"post-10480","1":"product","2":"type-product","3":"status-publish","4":"has-post-thumbnail","6":"product_cat-acessorios-pt-pt","7":"product_cat-ventilacao-pt-pt","9":"first","10":"instock","11":"shipping-taxable","12":"product-type-simple"},"_links":{"self":[{"href":"https:\/\/bronpi.com\/pt-pt\/wp-json\/wp\/v2\/product\/10480","targetHints":{"allow":["GET"]}}],"collection":[{"href":"https:\/\/bronpi.com\/pt-pt\/wp-json\/wp\/v2\/product"}],"about":[{"href":"https:\/\/bronpi.com\/pt-pt\/wp-json\/wp\/v2\/types\/product"}],"wp:featuredmedia":[{"embeddable":true,"href":"https:\/\/bronpi.com\/pt-pt\/wp-json\/wp\/v2\/media\/6939"}],"wp:attachment":[{"href":"https:\/\/bronpi.com\/pt-pt\/wp-json\/wp\/v2\/media?parent=10480"}],"wp:term":[{"taxonomy":"product_brand","embeddable":true,"href":"https:\/\/bronpi.com\/pt-pt\/wp-json\/wp\/v2\/product_brand?post=10480"},{"taxonomy":"product_cat","embeddable":true,"href":"https:\/\/bronpi.com\/pt-pt\/wp-json\/wp\/v2\/product_cat?post=10480"},{"taxonomy":"product_tag","embeddable":true,"href":"https:\/\/bronpi.com\/pt-pt\/wp-json\/wp\/v2\/product_tag?post=10480"}],"curies":[{"name":"wp","href":"https:\/\/api.w.org\/{rel}","templated":true}]}}