{"id":10485,"date":"2025-10-15T12:30:42","date_gmt":"2025-10-15T10:30:42","guid":{"rendered":"https:\/\/bronpi.com\/?post_type=product&#038;p=10485"},"modified":"2025-10-15T12:45:50","modified_gmt":"2025-10-15T10:45:50","slug":"m-d-simples-com-turbina-copia","status":"publish","type":"product","link":"https:\/\/bronpi.com\/pt-pt\/produto\/m-d-simples-com-turbina-copia\/","title":{"rendered":"S\u00e9rie M-D"},"content":{"rendered":"<div class=\"title-detail\">\n<p>&nbsp;<\/p>\n<\/div>\n<div class=\"product-description\">\n<p>\u2013 Grelha simples e ajust\u00e1vel com pr\u00e9-moldura inclu\u00edda.<\/p>\n<p>\u2013 Dispon\u00edvel em v\u00e1rios tamanhos e em duas cores (branco e preto).<\/p>\n<\/div>\n","protected":false},"excerpt":{"rendered":"<p>Grelha simples e ajust\u00e1vel (pellet)<\/p>\n","protected":false},"featured_media":7065,"template":"","meta":[],"product_brand":[],"product_cat":[278,176],"product_tag":[],"class_list":{"0":"post-10485","1":"product","2":"type-product","3":"status-publish","4":"has-post-thumbnail","6":"product_cat-acessorios-pt-pt","7":"product_cat-ventilacao-pt-pt","9":"first","10":"instock","11":"shipping-taxable","12":"product-type-simple"},"_links":{"self":[{"href":"https:\/\/bronpi.com\/pt-pt\/wp-json\/wp\/v2\/product\/10485","targetHints":{"allow":["GET"]}}],"collection":[{"href":"https:\/\/bronpi.com\/pt-pt\/wp-json\/wp\/v2\/product"}],"about":[{"href":"https:\/\/bronpi.com\/pt-pt\/wp-json\/wp\/v2\/types\/product"}],"wp:featuredmedia":[{"embeddable":true,"href":"https:\/\/bronpi.com\/pt-pt\/wp-json\/wp\/v2\/media\/7065"}],"wp:attachment":[{"href":"https:\/\/bronpi.com\/pt-pt\/wp-json\/wp\/v2\/media?parent=10485"}],"wp:term":[{"taxonomy":"product_brand","embeddable":true,"href":"https:\/\/bronpi.com\/pt-pt\/wp-json\/wp\/v2\/product_brand?post=10485"},{"taxonomy":"product_cat","embeddable":true,"href":"https:\/\/bronpi.com\/pt-pt\/wp-json\/wp\/v2\/product_cat?post=10485"},{"taxonomy":"product_tag","embeddable":true,"href":"https:\/\/bronpi.com\/pt-pt\/wp-json\/wp\/v2\/product_tag?post=10485"}],"curies":[{"name":"wp","href":"https:\/\/api.w.org\/{rel}","templated":true}]}}