{"id":10490,"date":"2025-10-15T12:49:41","date_gmt":"2025-10-15T10:49:41","guid":{"rendered":"https:\/\/bronpi.com\/?post_type=product&#038;p=10490"},"modified":"2025-10-15T13:07:58","modified_gmt":"2025-10-15T11:07:58","slug":"serie-m-d-copia-2","status":"publish","type":"product","link":"https:\/\/bronpi.com\/pt-pt\/produto\/serie-m-d-copia-2\/","title":{"rendered":"Serie RE"},"content":{"rendered":"<div class=\"title-detail\">\n<div class=\"product-description\">\n<p>\u2013 Desenho espec\u00edfico para uma extra\u00e7\u00e3o ideal do calor de seu recuperador, gra\u00e7as ao direcionador que inclui, que permite uma sa\u00edda cont\u00ednua de ar..<\/p>\n<p>\u2013 F\u00e1cil instala\u00e7\u00e3o atrav\u00e9s de aba dobr\u00e1vel.<\/p>\n<p>\u2013 Dispon\u00edvel em v\u00e1rias medidas e duas cores (branco e preto).<\/p>\n<\/div>\n<\/div>\n","protected":false},"excerpt":{"rendered":"<p>Grelha simples de canto<\/p>\n","protected":false},"featured_media":6933,"template":"","meta":[],"product_brand":[],"product_cat":[278,176],"product_tag":[],"class_list":{"0":"post-10490","1":"product","2":"type-product","3":"status-publish","4":"has-post-thumbnail","6":"product_cat-acessorios-pt-pt","7":"product_cat-ventilacao-pt-pt","9":"first","10":"instock","11":"shipping-taxable","12":"product-type-simple"},"_links":{"self":[{"href":"https:\/\/bronpi.com\/pt-pt\/wp-json\/wp\/v2\/product\/10490","targetHints":{"allow":["GET"]}}],"collection":[{"href":"https:\/\/bronpi.com\/pt-pt\/wp-json\/wp\/v2\/product"}],"about":[{"href":"https:\/\/bronpi.com\/pt-pt\/wp-json\/wp\/v2\/types\/product"}],"wp:featuredmedia":[{"embeddable":true,"href":"https:\/\/bronpi.com\/pt-pt\/wp-json\/wp\/v2\/media\/6933"}],"wp:attachment":[{"href":"https:\/\/bronpi.com\/pt-pt\/wp-json\/wp\/v2\/media?parent=10490"}],"wp:term":[{"taxonomy":"product_brand","embeddable":true,"href":"https:\/\/bronpi.com\/pt-pt\/wp-json\/wp\/v2\/product_brand?post=10490"},{"taxonomy":"product_cat","embeddable":true,"href":"https:\/\/bronpi.com\/pt-pt\/wp-json\/wp\/v2\/product_cat?post=10490"},{"taxonomy":"product_tag","embeddable":true,"href":"https:\/\/bronpi.com\/pt-pt\/wp-json\/wp\/v2\/product_tag?post=10490"}],"curies":[{"name":"wp","href":"https:\/\/api.w.org\/{rel}","templated":true}]}}