{"id":10897,"date":"2025-08-01T07:25:09","date_gmt":"2025-08-01T05:25:09","guid":{"rendered":"https:\/\/bronpi.com\/?post_type=product&#038;p=10897"},"modified":"2025-10-31T13:47:08","modified_gmt":"2025-10-31T12:47:08","slug":"mila","status":"publish","type":"product","link":"https:\/\/bronpi.com\/pt-pt\/produto\/mila\/","title":{"rendered":"MILA"},"content":{"rendered":"<p>&#8211; Wifi inclu\u00eddo de s\u00e9rie, para controle atrav\u00e9s da APP.<br \/>\n&#8211; Inclui Tecnologia Oasys Plus.<br \/>\n&#8211; Inclui Sistema Confortek: Auto, Soft- Night e Manual-Smart.<br \/>\n&#8211; Silencioso. Possibilidade de desconex\u00e3o da turbina em modo Soft-Night.<br \/>\n&#8211; Program\u00e1vel: di\u00e1rio, semanal e fim de semana.<br \/>\n&#8211; Resist\u00eancia cer\u00e2mica: igni\u00e7\u00e3o mais r\u00e1pida.<br \/>\n&#8211; Dep\u00f3sito herm\u00e9tico.<br \/>\n&#8211; Canaliz\u00e1vel at\u00e9 5 metros atrav\u00e9s kit opcional (Kit-C-12N)<br \/>\n&#8211; Inclui Sistema Independente de Canaliza\u00e7\u00e3o (SIC) que permite desligar, ligar e regular a turbina da canaliza\u00e7\u00e3o dos kits opcionais de forma independente \u00e0 salamandra.<br \/>\n&#8211; Interior em vermiculita.<br \/>\n&#8211; Queimador em fundi\u00e7\u00e3o.<br \/>\n&#8211; Inclui trocador acumulador t\u00e9rmico de fundi\u00e7\u00e3o.<br \/>\n&#8211; Inclui luva e \u201cT\u201d inox.<\/p>\n<h1><strong>Elementos opcionais:<\/strong><\/h1>\n<p>&#8211; KIT-C-12N: Kit para canalizar ar at\u00e9 5 metros de dist\u00e2ncia por 1 sa\u00edda de 80 mm \u00f8 com turbina de 130 m3\/h.<br \/>\n&#8211; KIT-F-12: Kit placas fundi\u00e7\u00e3o para o interior da c\u00e2mara de combust\u00e3o.<\/p>\n","protected":false},"excerpt":{"rendered":"<p>Salamandra com Wifi<\/p>\n","protected":false},"featured_media":6147,"template":"","meta":[],"product_brand":[],"product_cat":[174,173],"product_tag":[290,286],"class_list":{"0":"post-10897","1":"product","2":"type-product","3":"status-publish","4":"has-post-thumbnail","6":"product_cat-serie-ar-pt-pt","7":"product_cat-serie-pellet-pt-pt","8":"product_tag-ar-pt-pt","9":"product_tag-canalizable-pt-pt","11":"first","12":"instock","13":"shipping-taxable","14":"product-type-simple"},"_links":{"self":[{"href":"https:\/\/bronpi.com\/pt-pt\/wp-json\/wp\/v2\/product\/10897","targetHints":{"allow":["GET"]}}],"collection":[{"href":"https:\/\/bronpi.com\/pt-pt\/wp-json\/wp\/v2\/product"}],"about":[{"href":"https:\/\/bronpi.com\/pt-pt\/wp-json\/wp\/v2\/types\/product"}],"wp:featuredmedia":[{"embeddable":true,"href":"https:\/\/bronpi.com\/pt-pt\/wp-json\/wp\/v2\/media\/6147"}],"wp:attachment":[{"href":"https:\/\/bronpi.com\/pt-pt\/wp-json\/wp\/v2\/media?parent=10897"}],"wp:term":[{"taxonomy":"product_brand","embeddable":true,"href":"https:\/\/bronpi.com\/pt-pt\/wp-json\/wp\/v2\/product_brand?post=10897"},{"taxonomy":"product_cat","embeddable":true,"href":"https:\/\/bronpi.com\/pt-pt\/wp-json\/wp\/v2\/product_cat?post=10897"},{"taxonomy":"product_tag","embeddable":true,"href":"https:\/\/bronpi.com\/pt-pt\/wp-json\/wp\/v2\/product_tag?post=10897"}],"curies":[{"name":"wp","href":"https:\/\/api.w.org\/{rel}","templated":true}]}}