{"id":2258,"date":"2025-04-04T13:36:56","date_gmt":"2025-04-04T11:36:56","guid":{"rendered":"https:\/\/bronpi.com\/?post_type=product&#038;p=2258"},"modified":"2025-10-23T16:34:11","modified_gmt":"2025-10-23T14:34:11","slug":"tudela","status":"publish","type":"product","link":"https:\/\/bronpi.com\/pt-pt\/produto\/tudela\/","title":{"rendered":"TUDELA"},"content":{"rendered":"<p>&#8211; Portas e grelha em fundi\u00e7\u00e3o.<br \/>\n&#8211; Interior em vermiculita.<br \/>\n&#8211; Sistema de Tripla Combust\u00e3o.<br \/>\n&#8211; Sistema Envolvente Forno.<br \/>\n&#8211; Regula\u00e7\u00e3o do ar de combust\u00e3o prim\u00e1rio.<br \/>\n&#8211; Include griglia rimovibile e girevole.<br \/>\n&#8211; Forno com tijolo refrat\u00e1rio e term\u00f4metro de 300\u00ba C serigrafado no vidro para controlar a temperatura.<br \/>\n&#8211; Inclui luva e spray de pintura.<\/p>\n","protected":false},"excerpt":{"rendered":"<p>Salamandra com forno e lenheiro<\/p>\n","protected":false},"featured_media":2811,"template":"","meta":[],"product_brand":[],"product_cat":[168,167],"product_tag":[290],"class_list":{"0":"post-2258","1":"product","2":"type-product","3":"status-publish","4":"has-post-thumbnail","6":"product_cat-salamandra-a-lenha-pt-pt","7":"product_cat-serie-lenha-pt-pt","8":"product_tag-ar-pt-pt","10":"first","11":"instock","12":"shipping-taxable","13":"product-type-simple"},"_links":{"self":[{"href":"https:\/\/bronpi.com\/pt-pt\/wp-json\/wp\/v2\/product\/2258","targetHints":{"allow":["GET"]}}],"collection":[{"href":"https:\/\/bronpi.com\/pt-pt\/wp-json\/wp\/v2\/product"}],"about":[{"href":"https:\/\/bronpi.com\/pt-pt\/wp-json\/wp\/v2\/types\/product"}],"wp:featuredmedia":[{"embeddable":true,"href":"https:\/\/bronpi.com\/pt-pt\/wp-json\/wp\/v2\/media\/2811"}],"wp:attachment":[{"href":"https:\/\/bronpi.com\/pt-pt\/wp-json\/wp\/v2\/media?parent=2258"}],"wp:term":[{"taxonomy":"product_brand","embeddable":true,"href":"https:\/\/bronpi.com\/pt-pt\/wp-json\/wp\/v2\/product_brand?post=2258"},{"taxonomy":"product_cat","embeddable":true,"href":"https:\/\/bronpi.com\/pt-pt\/wp-json\/wp\/v2\/product_cat?post=2258"},{"taxonomy":"product_tag","embeddable":true,"href":"https:\/\/bronpi.com\/pt-pt\/wp-json\/wp\/v2\/product_tag?post=2258"}],"curies":[{"name":"wp","href":"https:\/\/api.w.org\/{rel}","templated":true}]}}