{"id":3946,"date":"2025-07-29T09:55:04","date_gmt":"2025-07-29T07:55:04","guid":{"rendered":"https:\/\/bronpi.com\/?post_type=product&#038;p=3946"},"modified":"2026-03-24T08:23:35","modified_gmt":"2026-03-24T07:23:35","slug":"hydronova-plus","status":"publish","type":"product","link":"https:\/\/bronpi.com\/pt-pt\/produto\/hydronova-plus\/","title":{"rendered":"HYDRONOVA-PLUS"},"content":{"rendered":"<ul>\n<li>Porta e grelha em fundi\u00e7\u00e3o.<\/li>\n<li>Interior em vermiculita.<\/li>\n<li>Regula\u00e7\u00e3o do ar de combust\u00e3o prim\u00e1rio, secund\u00e1rio e da tripla<br \/>\ncombust\u00e3o.<\/li>\n<li>Sistema de Tripla Combust\u00e3o.<\/li>\n<li>Inclui v\u00e1lvula de sobrepress\u00e3o de 3 bar.<\/li>\n<li>Capacidade do tanque: 35 litros.<\/li>\n<li>Press\u00e3o de trabalho 1,5 bar (press\u00e3o m\u00e1xima 2,5 bar).<\/li>\n<li>Capacidade de aquecimento at\u00e9 110 m<sup>2<\/sup> de piso radiante o 76 elementos de radiador.<\/li>\n<li>Inclui luva e spray de pintura.<\/li>\n<\/ul>\n<p>&nbsp;<\/p>\n<h1><strong>Elementos opcionais:<\/strong><\/h1>\n<ul>\n<li>KIT-AIR-3: Kit com entrada de ar externo. Para converter em herm\u00e9tico.<\/li>\n<li>VAL-05: V\u00e1lvula termost\u00e1tica de resfriamento de 2 vias.<\/li>\n<li>VAL-02, VAL-03: V\u00e1lvula anti condensa\u00e7\u00e3o.<\/li>\n<\/ul>\n<p>&nbsp;<\/p>\n","protected":false},"excerpt":{"rendered":"<p>Salamandra Hydro<\/p>\n","protected":false},"featured_media":3956,"template":"","meta":[],"product_brand":[],"product_cat":[172,167],"product_tag":[282,177],"class_list":{"0":"post-3946","1":"product","2":"type-product","3":"status-publish","4":"has-post-thumbnail","6":"product_cat-caldeiras-a-lenha-pt-pt","7":"product_cat-serie-lenha-pt-pt","8":"product_tag-hydro-pt-pt","9":"product_tag-novo-pt-pt","11":"first","12":"instock","13":"shipping-taxable","14":"product-type-simple"},"_links":{"self":[{"href":"https:\/\/bronpi.com\/pt-pt\/wp-json\/wp\/v2\/product\/3946","targetHints":{"allow":["GET"]}}],"collection":[{"href":"https:\/\/bronpi.com\/pt-pt\/wp-json\/wp\/v2\/product"}],"about":[{"href":"https:\/\/bronpi.com\/pt-pt\/wp-json\/wp\/v2\/types\/product"}],"wp:featuredmedia":[{"embeddable":true,"href":"https:\/\/bronpi.com\/pt-pt\/wp-json\/wp\/v2\/media\/3956"}],"wp:attachment":[{"href":"https:\/\/bronpi.com\/pt-pt\/wp-json\/wp\/v2\/media?parent=3946"}],"wp:term":[{"taxonomy":"product_brand","embeddable":true,"href":"https:\/\/bronpi.com\/pt-pt\/wp-json\/wp\/v2\/product_brand?post=3946"},{"taxonomy":"product_cat","embeddable":true,"href":"https:\/\/bronpi.com\/pt-pt\/wp-json\/wp\/v2\/product_cat?post=3946"},{"taxonomy":"product_tag","embeddable":true,"href":"https:\/\/bronpi.com\/pt-pt\/wp-json\/wp\/v2\/product_tag?post=3946"}],"curies":[{"name":"wp","href":"https:\/\/api.w.org\/{rel}","templated":true}]}}