{"id":4468,"date":"2025-07-29T14:13:38","date_gmt":"2025-07-29T12:13:38","guid":{"rendered":"https:\/\/bronpi.com\/?post_type=product&#038;p=4468"},"modified":"2026-03-24T11:17:36","modified_gmt":"2026-03-24T10:17:36","slug":"tecno-hydrobronpi-80-tecno-hydrobronpi-80-v","status":"publish","type":"product","link":"https:\/\/bronpi.com\/pt-pt\/produto\/tecno-hydrobronpi-80-tecno-hydrobronpi-80-v\/","title":{"rendered":"TECNO HYDROBRONPI 80\/ TECNO HYDROBRONPI 80 V"},"content":{"rendered":"<ul>\n<li>Porta e grelha em fundi\u00e7\u00e3o.<\/li>\n<li>Interior em vermiculita.<\/li>\n<li>V\u00e1lvula reguladora do tiragem regul\u00e1vel.<\/li>\n<li>Inclui v\u00e1lvula de sobrepress\u00e3o de 3 bar.<\/li>\n<li>Regula\u00e7\u00e3o do ar de combust\u00e3o prim\u00e1rio.<\/li>\n<li>Sistema de Tripla Combust\u00e3o.<\/li>\n<li>Capacidade do tanque 86 litros.<\/li>\n<li>Press\u00e3o de trabalho 1,5 bar.<\/li>\n<li>Capacidade de aquecimento at\u00e9 200 m<sup>2<\/sup> de piso radiante.<\/li>\n<li>Capacidade de aquecimento at\u00e9 150 elementos de radiador.<\/li>\n<li>Inclui moldura a 4 caras de s\u00e9rie.<\/li>\n<li>Inclui grelha de assados remov\u00edvel, girat\u00f3ria e regul\u00e1vel em altura.<\/li>\n<li>Inclui luva e spray de pintura.<\/li>\n<\/ul>\n<p>&nbsp;<\/p>\n<h1><strong>Elementos opcionais:<\/strong><\/h1>\n<ul>\n<li>KIT-EST: Kit herm\u00e9tico.<\/li>\n<li>KIT-VAL: Kit herm\u00e9tico com regulador do tiragem termost\u00e1tico.<\/li>\n<li>VAL-05: V\u00e1lvula termost\u00e1tica de resfriamento de 2 vias.<\/li>\n<li>VAL-02, VAL-03: V\u00e1lvula anti condensa\u00e7\u00e3o.<\/li>\n<\/ul>\n<p>&nbsp;<\/p>\n","protected":false},"excerpt":{"rendered":"<p>Inser\u00edveis Hydro<\/p>\n","protected":false},"featured_media":4473,"template":"","meta":[],"product_brand":[],"product_cat":[172,167],"product_tag":[282],"class_list":{"0":"post-4468","1":"product","2":"type-product","3":"status-publish","4":"has-post-thumbnail","6":"product_cat-caldeiras-a-lenha-pt-pt","7":"product_cat-serie-lenha-pt-pt","8":"product_tag-hydro-pt-pt","10":"first","11":"instock","12":"shipping-taxable","13":"product-type-simple"},"_links":{"self":[{"href":"https:\/\/bronpi.com\/pt-pt\/wp-json\/wp\/v2\/product\/4468","targetHints":{"allow":["GET"]}}],"collection":[{"href":"https:\/\/bronpi.com\/pt-pt\/wp-json\/wp\/v2\/product"}],"about":[{"href":"https:\/\/bronpi.com\/pt-pt\/wp-json\/wp\/v2\/types\/product"}],"wp:featuredmedia":[{"embeddable":true,"href":"https:\/\/bronpi.com\/pt-pt\/wp-json\/wp\/v2\/media\/4473"}],"wp:attachment":[{"href":"https:\/\/bronpi.com\/pt-pt\/wp-json\/wp\/v2\/media?parent=4468"}],"wp:term":[{"taxonomy":"product_brand","embeddable":true,"href":"https:\/\/bronpi.com\/pt-pt\/wp-json\/wp\/v2\/product_brand?post=4468"},{"taxonomy":"product_cat","embeddable":true,"href":"https:\/\/bronpi.com\/pt-pt\/wp-json\/wp\/v2\/product_cat?post=4468"},{"taxonomy":"product_tag","embeddable":true,"href":"https:\/\/bronpi.com\/pt-pt\/wp-json\/wp\/v2\/product_tag?post=4468"}],"curies":[{"name":"wp","href":"https:\/\/api.w.org\/{rel}","templated":true}]}}