{"id":7282,"date":"2025-07-31T11:34:51","date_gmt":"2025-07-31T09:34:51","guid":{"rendered":"https:\/\/bronpi.com\/product\/tavira\/"},"modified":"2025-10-21T16:09:51","modified_gmt":"2025-10-21T14:09:51","slug":"tavira","status":"publish","type":"product","link":"https:\/\/bronpi.com\/pt-pt\/produto\/tavira\/","title":{"rendered":"TAVIRA"},"content":{"rendered":"<p>&#8211; Inclui Tecnologia Oasys Plus.<br \/>\n&#8211; Program\u00e1vel: di\u00e1rio, semanal e fim de semana.<br \/>\n&#8211; Resist\u00eancia cer\u00e2mica: igni\u00e7\u00e3o mais r\u00e1pida.<br \/>\n&#8211; Inclui sensor de n\u00edvel de carga de pellet.<br \/>\n&#8211; Interior e queimador em fundi\u00e7\u00e3o.<br \/>\n&#8211; Vidro serigrafado preto.<br \/>\n&#8211; Gaveta frontal remov\u00edvel para recarga de pellet.<br \/>\n&#8211; Inclui moldura de tr\u00eas faces de s\u00e9rie.<br \/>\n&#8211; Inclui telecomando com ecr\u00e3.<br \/>\n&#8211; Inclui luva.<\/p>\n<p>&nbsp;<\/p>\n<h1><strong>Elementos opcionais:<\/strong><\/h1>\n<p>&nbsp;<\/p>\n<p>&#8211; KIT-MARCO4-TAVIRA: : Perfil inferior da moldura para converter em 4 lados.<br \/>\n&#8211; KIT-CAR-TAVIRA: Kit de carga (caixa de carga + tubo de 1 metro).<br \/>\n&#8211; BT: Base com p\u00e9s regul\u00e1veis em altura.<br \/>\n&#8211; KIT WIFI 1: Kit Wifi para controle remoto.<\/p>\n","protected":false},"excerpt":{"rendered":"<p>Inser\u00edvel de pellet<\/p>\n","protected":false},"featured_media":5701,"template":"","meta":[],"product_brand":[],"product_cat":[174,173],"product_tag":[290],"class_list":{"0":"post-7282","1":"product","2":"type-product","3":"status-publish","4":"has-post-thumbnail","6":"product_cat-serie-ar-pt-pt","7":"product_cat-serie-pellet-pt-pt","8":"product_tag-ar-pt-pt","10":"first","11":"instock","12":"shipping-taxable","13":"product-type-simple"},"_links":{"self":[{"href":"https:\/\/bronpi.com\/pt-pt\/wp-json\/wp\/v2\/product\/7282","targetHints":{"allow":["GET"]}}],"collection":[{"href":"https:\/\/bronpi.com\/pt-pt\/wp-json\/wp\/v2\/product"}],"about":[{"href":"https:\/\/bronpi.com\/pt-pt\/wp-json\/wp\/v2\/types\/product"}],"wp:featuredmedia":[{"embeddable":true,"href":"https:\/\/bronpi.com\/pt-pt\/wp-json\/wp\/v2\/media\/5701"}],"wp:attachment":[{"href":"https:\/\/bronpi.com\/pt-pt\/wp-json\/wp\/v2\/media?parent=7282"}],"wp:term":[{"taxonomy":"product_brand","embeddable":true,"href":"https:\/\/bronpi.com\/pt-pt\/wp-json\/wp\/v2\/product_brand?post=7282"},{"taxonomy":"product_cat","embeddable":true,"href":"https:\/\/bronpi.com\/pt-pt\/wp-json\/wp\/v2\/product_cat?post=7282"},{"taxonomy":"product_tag","embeddable":true,"href":"https:\/\/bronpi.com\/pt-pt\/wp-json\/wp\/v2\/product_tag?post=7282"}],"curies":[{"name":"wp","href":"https:\/\/api.w.org\/{rel}","templated":true}]}}