{"id":7289,"date":"2025-07-31T11:47:15","date_gmt":"2025-07-31T09:47:15","guid":{"rendered":"https:\/\/bronpi.com\/product\/bruno-slim\/"},"modified":"2026-03-26T10:59:23","modified_gmt":"2026-03-26T09:59:23","slug":"bruno-slim","status":"publish","type":"product","link":"https:\/\/bronpi.com\/pt-pt\/produto\/bruno-slim\/","title":{"rendered":"BRUNO-SLIM"},"content":{"rendered":"<ul>\n<li>Inclui Tecnologia Oasys Plus.<\/li>\n<li>Program\u00e1vel: di\u00e1rio, semanal e fim de semana.<\/li>\n<li>Resist\u00eancia cer\u00e2mica: igni\u00e7\u00e3o mais r\u00e1pida.<\/li>\n<li>Inclui sensor de n\u00edvel de carga de pellet.<\/li>\n<li>Inclui kit de carga (caixa de carga+ tubo de 1 metro). Possibilidade de carga frontal ou lateral.<\/li>\n<li>Interior em vermiculita.<\/li>\n<li>Vidro serigrafado preto.<\/li>\n<li>Inclui base com p\u00e9s regul\u00e1veis em altura.<\/li>\n<li>Inclui moldura de quatro faces de s\u00e9rie.<\/li>\n<li>Inclui telecomando com ecr\u00e3.<\/li>\n<li>Inclui luva.<\/li>\n<\/ul>\n<h1><strong>Elementos opcionais:<\/strong><\/h1>\n<ul>\n<li>KIT-FIR-BRU: Interior em Firetek.<\/li>\n<li>KIT WIFI 1: Kit Wifi para controle remoto.<\/li>\n<\/ul>\n","protected":false},"excerpt":{"rendered":"<p>Inser\u00edvel extraplano<\/p>\n","protected":false},"featured_media":5712,"template":"","meta":[],"product_brand":[],"product_cat":[174,173],"product_tag":[290],"class_list":{"0":"post-7289","1":"product","2":"type-product","3":"status-publish","4":"has-post-thumbnail","6":"product_cat-serie-ar-pt-pt","7":"product_cat-serie-pellet-pt-pt","8":"product_tag-ar-pt-pt","10":"first","11":"instock","12":"shipping-taxable","13":"product-type-simple"},"_links":{"self":[{"href":"https:\/\/bronpi.com\/pt-pt\/wp-json\/wp\/v2\/product\/7289","targetHints":{"allow":["GET"]}}],"collection":[{"href":"https:\/\/bronpi.com\/pt-pt\/wp-json\/wp\/v2\/product"}],"about":[{"href":"https:\/\/bronpi.com\/pt-pt\/wp-json\/wp\/v2\/types\/product"}],"wp:featuredmedia":[{"embeddable":true,"href":"https:\/\/bronpi.com\/pt-pt\/wp-json\/wp\/v2\/media\/5712"}],"wp:attachment":[{"href":"https:\/\/bronpi.com\/pt-pt\/wp-json\/wp\/v2\/media?parent=7289"}],"wp:term":[{"taxonomy":"product_brand","embeddable":true,"href":"https:\/\/bronpi.com\/pt-pt\/wp-json\/wp\/v2\/product_brand?post=7289"},{"taxonomy":"product_cat","embeddable":true,"href":"https:\/\/bronpi.com\/pt-pt\/wp-json\/wp\/v2\/product_cat?post=7289"},{"taxonomy":"product_tag","embeddable":true,"href":"https:\/\/bronpi.com\/pt-pt\/wp-json\/wp\/v2\/product_tag?post=7289"}],"curies":[{"name":"wp","href":"https:\/\/api.w.org\/{rel}","templated":true}]}}