{"id":7296,"date":"2025-07-31T12:02:16","date_gmt":"2025-07-31T10:02:16","guid":{"rendered":"https:\/\/bronpi.com\/product\/neva\/"},"modified":"2025-11-18T10:58:19","modified_gmt":"2025-11-18T09:58:19","slug":"neva","status":"publish","type":"product","link":"https:\/\/bronpi.com\/pt-pt\/produto\/neva\/","title":{"rendered":"NEVA"},"content":{"rendered":"<p>&#8211; Inclui Tecnologia Oasys Plus.<br \/>\n&#8211; Program\u00e1vel: di\u00e1rio, semanal e fim de semana.<br \/>\n&#8211; Inclui sensor de n\u00edvel de carga de pellet.<br \/>\n&#8211; Canaliz\u00e1vel at\u00e9 5 metros atrav\u00e9s de kit opcional (KIT-C-N)<br \/>\n&#8211; Inclui Sistema Independente de Canaliza\u00e7\u00e3o (SIC) que permite desligar, ligar e regular a turbina da canaliza\u00e7\u00e3o dos kits opcionais de forma independente \u00e0 salamandra.<br \/>\n&#8211; Gaveta frontal remov\u00edvel para recarga de pellet.<br \/>\n&#8211; Interior e queimador em fundi\u00e7\u00e3o<br \/>\n&#8211; Vidro serigrafado preto.<br \/>\n&#8211; Inclui moldura de tr\u00eas faces de s\u00e9rie.<br \/>\n&#8211; Inclui telecomando com ecr\u00e3.<br \/>\n&#8211; Inclui luva.<\/p>\n<p>&nbsp;<\/p>\n<h1><strong>Elementos opcionais:<\/strong><\/h1>\n<p>&nbsp;<\/p>\n<p>&#8211; KIT-C-N: Kit para canalizar ar at\u00e9 5 metros de dist\u00e2ncia por 1 sa\u00edda de 80 mm \u00f8 com turbina de 130 m3\/h.<br \/>\n&#8211; KIT WIFI 1: Kit Wifi para controle remoto.<br \/>\n&#8211; KIT-CAR-NEVA: Kit de carga (caixa de carga + tubo de 1 metro). Possibilidade de carga frontal ou lateral.<br \/>\n&#8211; BN: Base com p\u00e9s regul\u00e1veis em altura.<br \/>\n&#8211; KIT-MARCO4-NEVA: : Perfil inferior da moldura para converter em 4 lados.<br \/>\n&#8211; M-94: : Moldura de 4 lados em vidro serigrafado preto.<\/p>\n","protected":false},"excerpt":{"rendered":"<p>Inser\u00edvel de pellet<\/p>\n","protected":false},"featured_media":5748,"template":"","meta":[],"product_brand":[],"product_cat":[174,173],"product_tag":[290,286],"class_list":{"0":"post-7296","1":"product","2":"type-product","3":"status-publish","4":"has-post-thumbnail","6":"product_cat-serie-ar-pt-pt","7":"product_cat-serie-pellet-pt-pt","8":"product_tag-ar-pt-pt","9":"product_tag-canalizable-pt-pt","11":"first","12":"instock","13":"shipping-taxable","14":"product-type-simple"},"_links":{"self":[{"href":"https:\/\/bronpi.com\/pt-pt\/wp-json\/wp\/v2\/product\/7296","targetHints":{"allow":["GET"]}}],"collection":[{"href":"https:\/\/bronpi.com\/pt-pt\/wp-json\/wp\/v2\/product"}],"about":[{"href":"https:\/\/bronpi.com\/pt-pt\/wp-json\/wp\/v2\/types\/product"}],"wp:featuredmedia":[{"embeddable":true,"href":"https:\/\/bronpi.com\/pt-pt\/wp-json\/wp\/v2\/media\/5748"}],"wp:attachment":[{"href":"https:\/\/bronpi.com\/pt-pt\/wp-json\/wp\/v2\/media?parent=7296"}],"wp:term":[{"taxonomy":"product_brand","embeddable":true,"href":"https:\/\/bronpi.com\/pt-pt\/wp-json\/wp\/v2\/product_brand?post=7296"},{"taxonomy":"product_cat","embeddable":true,"href":"https:\/\/bronpi.com\/pt-pt\/wp-json\/wp\/v2\/product_cat?post=7296"},{"taxonomy":"product_tag","embeddable":true,"href":"https:\/\/bronpi.com\/pt-pt\/wp-json\/wp\/v2\/product_tag?post=7296"}],"curies":[{"name":"wp","href":"https:\/\/api.w.org\/{rel}","templated":true}]}}