{"id":7391,"date":"2025-07-31T13:08:09","date_gmt":"2025-07-31T11:08:09","guid":{"rendered":"https:\/\/bronpi.com\/product\/nicol\/"},"modified":"2025-10-21T13:54:01","modified_gmt":"2025-10-21T11:54:01","slug":"nicol","status":"publish","type":"product","link":"https:\/\/bronpi.com\/pt-pt\/produto\/nicol\/","title":{"rendered":"NICOL"},"content":{"rendered":"<p>&#8211; Inclui Tecnologia Oasys Plus.<br \/>\n&#8211; Program\u00e1vel: di\u00e1rio, semanal e fim de semana.<br \/>\n&#8211; Resist\u00eancia cer\u00e2mica: igni\u00e7\u00e3o mais r\u00e1pida.<br \/>\n&#8211; Dep\u00f3sito herm\u00e9tico.<br \/>\n&#8211; Carregamento superior.<br \/>\n&#8211; Possibilidade de sa\u00edda de fumos superior ou posterior.<br \/>\n&#8211; Puxador m\u00e3os frias.<br \/>\n&#8211; Inteiramente em fundi\u00e7\u00e3o.<br \/>\n&#8211; Vidro serigrafado preto.<br \/>\n&#8211; Inclui telecomando com ecr\u00e3.<br \/>\n&#8211; Inclui luva e \u201cT\u201d inox.<\/p>\n<p>&nbsp;<\/p>\n<h1><strong>Elementos opcionais:<\/strong><\/h1>\n<p>&#8211; KIT WIFI 1: Kit Wifi para controle remoto.<\/p>\n","protected":false},"excerpt":{"rendered":"<p>Salamandra de fundi\u00e7\u00e3o<\/p>\n","protected":false},"featured_media":5868,"template":"","meta":[],"product_brand":[],"product_cat":[174,173],"product_tag":[290],"class_list":{"0":"post-7391","1":"product","2":"type-product","3":"status-publish","4":"has-post-thumbnail","6":"product_cat-serie-ar-pt-pt","7":"product_cat-serie-pellet-pt-pt","8":"product_tag-ar-pt-pt","10":"first","11":"instock","12":"shipping-taxable","13":"product-type-simple"},"_links":{"self":[{"href":"https:\/\/bronpi.com\/pt-pt\/wp-json\/wp\/v2\/product\/7391","targetHints":{"allow":["GET"]}}],"collection":[{"href":"https:\/\/bronpi.com\/pt-pt\/wp-json\/wp\/v2\/product"}],"about":[{"href":"https:\/\/bronpi.com\/pt-pt\/wp-json\/wp\/v2\/types\/product"}],"wp:featuredmedia":[{"embeddable":true,"href":"https:\/\/bronpi.com\/pt-pt\/wp-json\/wp\/v2\/media\/5868"}],"wp:attachment":[{"href":"https:\/\/bronpi.com\/pt-pt\/wp-json\/wp\/v2\/media?parent=7391"}],"wp:term":[{"taxonomy":"product_brand","embeddable":true,"href":"https:\/\/bronpi.com\/pt-pt\/wp-json\/wp\/v2\/product_brand?post=7391"},{"taxonomy":"product_cat","embeddable":true,"href":"https:\/\/bronpi.com\/pt-pt\/wp-json\/wp\/v2\/product_cat?post=7391"},{"taxonomy":"product_tag","embeddable":true,"href":"https:\/\/bronpi.com\/pt-pt\/wp-json\/wp\/v2\/product_tag?post=7391"}],"curies":[{"name":"wp","href":"https:\/\/api.w.org\/{rel}","templated":true}]}}