{"id":7511,"date":"2025-08-01T09:44:14","date_gmt":"2025-08-01T07:44:14","guid":{"rendered":"https:\/\/bronpi.com\/product\/cira\/"},"modified":"2025-10-21T10:05:39","modified_gmt":"2025-10-21T08:05:39","slug":"cira","status":"publish","type":"product","link":"https:\/\/bronpi.com\/pt-pt\/produto\/cira\/","title":{"rendered":"CIRA"},"content":{"rendered":"<p>&#8211; Inclui Tecnologia Oasys Plus.<br \/>\n&#8211; Program\u00e1vel: di\u00e1rio, semanal e fim de semana.<br \/>\n&#8211; Dep\u00f3sito herm\u00e9tico.<br \/>\n&#8211; Puxador m\u00e3os frias.<br \/>\n&#8211; Possibilidade de sa\u00edda de fumos superior, lateral (esquerda) ou traseira.<br \/>\n&#8211; Canaliz\u00e1vel at\u00e9 5 metros atrav\u00e9s kit opcional (Kit-C-P9). Canaliza\u00e7\u00e3o superior ou traseira.<br \/>\n&#8211; Inclui Sistema Independente de Canaliza\u00e7\u00e3o (SIC) que permite desligar, ligar e regular a turbina da canaliza\u00e7\u00e3o dos kits opcionais de forma independente \u00e0 salamandra.<br \/>\n&#8211; Interior em vermiculita.<br \/>\n&#8211; Queimador em fundi\u00e7\u00e3o.<br \/>\n&#8211; Inclui telecomando com ecr\u00e3.<br \/>\n&#8211; Inclui luva e \u201cT\u201d inox.<\/p>\n<h1><strong>Elementos opcionais:<\/strong><\/h1>\n<p>&#8211; KIT WIFI 1: Kit Wifi para controle remoto.<br \/>\n&#8211; KIT-C-9P: Kit para canalizar ar at\u00e9 5 metros de dist\u00e2ncia por 1 sa\u00edda de 80 mm \u00f8 com turbina de 130 m3\/h.<\/p>\n","protected":false},"excerpt":{"rendered":"<p>Salamandra extra-plana<\/p>\n","protected":false},"featured_media":6408,"template":"","meta":[],"product_brand":[],"product_cat":[174,173],"product_tag":[290,286],"class_list":{"0":"post-7511","1":"product","2":"type-product","3":"status-publish","4":"has-post-thumbnail","6":"product_cat-serie-ar-pt-pt","7":"product_cat-serie-pellet-pt-pt","8":"product_tag-ar-pt-pt","9":"product_tag-canalizable-pt-pt","11":"first","12":"instock","13":"shipping-taxable","14":"product-type-simple"},"_links":{"self":[{"href":"https:\/\/bronpi.com\/pt-pt\/wp-json\/wp\/v2\/product\/7511","targetHints":{"allow":["GET"]}}],"collection":[{"href":"https:\/\/bronpi.com\/pt-pt\/wp-json\/wp\/v2\/product"}],"about":[{"href":"https:\/\/bronpi.com\/pt-pt\/wp-json\/wp\/v2\/types\/product"}],"wp:featuredmedia":[{"embeddable":true,"href":"https:\/\/bronpi.com\/pt-pt\/wp-json\/wp\/v2\/media\/6408"}],"wp:attachment":[{"href":"https:\/\/bronpi.com\/pt-pt\/wp-json\/wp\/v2\/media?parent=7511"}],"wp:term":[{"taxonomy":"product_brand","embeddable":true,"href":"https:\/\/bronpi.com\/pt-pt\/wp-json\/wp\/v2\/product_brand?post=7511"},{"taxonomy":"product_cat","embeddable":true,"href":"https:\/\/bronpi.com\/pt-pt\/wp-json\/wp\/v2\/product_cat?post=7511"},{"taxonomy":"product_tag","embeddable":true,"href":"https:\/\/bronpi.com\/pt-pt\/wp-json\/wp\/v2\/product_tag?post=7511"}],"curies":[{"name":"wp","href":"https:\/\/api.w.org\/{rel}","templated":true}]}}